{"id":17714,"date":"2018-07-27T16:30:28","date_gmt":"2018-07-27T14:30:28","guid":{"rendered":"https:\/\/kleinerheinperle.ch\/sujets\/exploitation-miniere-verte\/"},"modified":"2022-09-10T16:06:26","modified_gmt":"2022-09-10T14:06:26","slug":"exploitation-miniere-verte","status":"publish","type":"page","link":"https:\/\/kleinerheinperle.ch\/fr\/sujets\/exploitation-miniere-verte\/","title":{"rendered":"Exploitation mini\u00e8re verte"},"content":{"rendered":"<div class=\"wpb-content-wrapper\"><p>[vc_row full_width=&#8221;stretch_row&#8221; content_placement=&#8221;bottom&#8221; parallax=&#8221;content-moving&#8221; parallax_image=&#8221;3803&#8243; css=&#8221;.vc_custom_1532772263416{background-image: url(https:\/\/kleinerheinperle.ch\/wp-content\/uploads\/green-mining-sunstone-header.jpg?id=3972) !important;background-position: center;background-repeat: no-repeat;background-size: cover !important;}&#8221;][vc_column][vc_empty_space height=&#8221;300&#8243;][vc_column_text el_class=&#8221;txt-white&#8221;]<\/p>\n<h1 style=\"text-align: center;\">Exploitation mini\u00e8re verte &#8211; &#8220;Green Mining&#8221; &#8211; 100% nature<\/h1>\n<p>[\/vc_column_text][\/vc_column][\/vc_row][vc_row parallax=&#8221;content-moving-fade&#8221; css=&#8221;.vc_custom_1532519176579{background-position: center;background-repeat: no-repeat;background-size:cover !important;}&#8221;][vc_column][vc_column_text]<div class=\"breadcrumb\" itemprop=\"breadcrumb\"><span><span><a href=\"https:\/\/kleinerheinperle.ch\/fr\/home\/\">Home<\/a><\/span><\/span><\/div>[\/vc_column_text][\/vc_column][\/vc_row][vc_row][vc_column][vc_column_text]<\/p>\n<h2>&#8220;Green Mining&#8221; &#8211; Pierres pr\u00e9cieuses provenant de sources durables<\/h2>\n<p>Nous avons \u00e9t\u00e9 les premiers orf\u00e8vres de B\u00e2le \u00e0 inclure les pierres pr\u00e9cieuses Green Mining dans notre gamme. Celles-ci se caract\u00e9risent par une d\u00e9gradation douce : elles ne sont ni souffl\u00e9es, ni produits chimiques n\u00e9cessaires \u00e0 la d\u00e9gradation ou lib\u00e9r\u00e9es. Les grands arbres sont \u00e9pargn\u00e9s et la zone mini\u00e8re est alors rebois\u00e9e. Cela rend ces joyaux encore plus beaux ![\/vc_column_text][\/vc_column][\/vc_row][vc_row][vc_column width=&#8221;1\/2&#8243;][vc_column_text]<\/p>\n<h2>Orgeon Sunstone &#8211; Pierre pr\u00e9cieuse rouge rare<\/h2>\n<p>Oregon Sunstone est un feldspath qui se d\u00e9cline dans des couleurs allant du ros\u00e9 au rouge en passant par le p\u00e9trole. Sa duret\u00e9 de 6,5 \u00e0 7,2 en fait une pierre pr\u00e9cieuse.<\/p>\n<p>On ne le trouve dans ces teintes intenses que dans deux zones mini\u00e8res de l&#8217;Oregon, ce qui en fait l&#8217;une des pierres les plus rares que nous connaissions.[\/vc_column_text][\/vc_column][vc_column width=&#8221;1\/2&#8243; css=&#8221;.vc_custom_1532781154997{background-position: center !important;background-repeat: no-repeat !important;background-size: contain !important;}&#8221;][vc_single_image image=&#8221;3997&#8243; img_size=&#8221;medium&#8221; alignment=&#8221;center&#8221; css=&#8221;.vc_custom_1532781368572{background-position: center !important;background-repeat: no-repeat !important;background-size: contain !important;}&#8221;][\/vc_column][\/vc_row][vc_row][vc_column width=&#8221;1\/2&#8243;][vc_column_text]<\/p>\n<h2>Pierres pr\u00e9cieuses avec un spectre de couleurs impressionnant<\/h2>\n<p>Le spectre complet des couleurs des pierres de soleil de l&#8217;Oregon se trouve \u00e0 la mine Ponderosa.<br \/>\nLa mati\u00e8re premi\u00e8re comprend des pierres iris\u00e9es et claires, dont la palette de couleurs va du jaune clair, des nuances saumon\u00e9es aux tons rouges purs et intenses. On trouve \u00e9galement de rares pierres de soleil de l&#8217;Oregon sarcelles et des pierres rouges sarcelles bicolores.[\/vc_column_text][\/vc_column][vc_column width=&#8221;1\/2&#8243;][vc_single_image image=&#8221;3994&#8243; img_size=&#8221;medium&#8221; alignment=&#8221;center&#8221;][\/vc_column][\/vc_row][vc_row][vc_column width=&#8221;1\/2&#8243;][vc_column_text]<\/p>\n<h2>Exploitation en douceur et engagement social<\/h2>\n<p>Les propri\u00e9taires de la mine John &amp; Talley Woodmark et Bruce Moore ne sont pas seulement personnellement int\u00e9ress\u00e9s \u00e0 offrir aux jeunes adultes d&#8217;un projet social l&#8217;opportunit\u00e9 de travailler. Il est \u00e9galement tr\u00e8s important pour vous d&#8217;op\u00e9rer un d\u00e9montage en douceur. Au cours de votre processus minier, vous minimisez l&#8217;utilisation de machines et l&#8217;impact sur l&#8217;environnement.<\/p>\n<p>Les couches sup\u00e9rieures de terre sont soigneusement enlev\u00e9es afin que les grands arbres soient prot\u00e9g\u00e9s et que la zone d&#8217;extraction puisse ensuite \u00eatre rebois\u00e9e. Il n&#8217;est ni dynamit\u00e9 ni produits chimiques n\u00e9cessaires \u00e0 la d\u00e9gradation ou lib\u00e9r\u00e9s. 100% naturel.[\/vc_column_text][\/vc_column][vc_column width=&#8221;1\/2&#8243;][vc_single_image image=&#8221;3993&#8243; img_size=&#8221;medium&#8221; alignment=&#8221;center&#8221; css=&#8221;.vc_custom_1532781183955{background-position: center !important;background-repeat: no-repeat !important;background-size: contain !important;}&#8221;][\/vc_column][\/vc_row][vc_row][vc_column width=&#8221;1\/2&#8243;][vc_column_text]<\/p>\n<h2>100% naturel &#8211; pas de traitement de couleur<\/h2>\n<p>S<\/p>\n<p>En tant qu&#8217;acheteur, vous pouvez \u00eatre assur\u00e9 que chaque pierre de soleil de l&#8217;Oregon est 100 % naturelle. Desert Sun Mining &amp; Gems ne traite pas ses pierres avec des produits chimiques, de la chaleur, de la diffusion ou de l&#8217;huile. Toutes les pierres de soleil de l&#8217;Oregon sont taill\u00e9es au fur et \u00e0 mesure qu&#8217;elles sont trouv\u00e9es.<\/p>\n<p>Fa\u00e7onn\u00e9e et cristallis\u00e9e par d&#8217;anciennes forces volcaniques, la pierre de soleil de l&#8217;Oregon est unique parmi les pierres pr\u00e9cieuses de feldspath. Surtout, il impressionne par sa gamme de couleurs extraordinairement large et sa fine irisation, qui est caus\u00e9e par les plus belles plaques de cuivre incrust\u00e9es.[\/vc_column_text][\/vc_column][vc_column width=&#8221;1\/2&#8243;][vc_single_image image=&#8221;3995&#8243; img_size=&#8221;medium&#8221; alignment=&#8221;center&#8221; css=&#8221;.vc_custom_1532781211958{background-position: center !important;background-repeat: no-repeat !important;background-size: contain !important;}&#8221;][\/vc_column][\/vc_row][vc_row][vc_column width=&#8221;1\/2&#8243;][vc_column_text]<\/p>\n<h2>Labradorite rare avec un court temps d&#8217;extraction<\/h2>\n<p>Ce n&#8217;est qu&#8217;en Oregon que cette pierre, qui appartient au groupe des labradorites, se trouve en qualit\u00e9 gemme. Le gisement de la mine Ponderosa est situ\u00e9 dans la for\u00eat nationale d&#8217;Ochocco et a \u00e9t\u00e9 d\u00e9couvert par accident lors de la recherche d&#8217;anciens artefacts am\u00e9rindiens. Ce n&#8217;est que lorsque le soleil fait fondre la neige au printemps que la p\u00e9riode d&#8217;exploitation mini\u00e8re relativement courte de cinq mois commence dans la mine Ponderosa.<\/p>\n<p>[\/vc_column_text][\/vc_column][vc_column width=&#8221;1\/2&#8243;][vc_single_image image=&#8221;3988&#8243; img_size=&#8221;medium&#8221; alignment=&#8221;center&#8221; css=&#8221;.vc_custom_1532781261896{background-position: center !important;background-repeat: no-repeat !important;background-size: contain !important;}&#8221;][\/vc_column][\/vc_row]<\/p>\n<\/div>","protected":false},"excerpt":{"rendered":"<p>[vc_row full_width=&#8221;stretch_row&#8221; content_placement=&#8221;bottom&#8221; parallax=&#8221;content-moving&#8221; parallax_image=&#8221;3803&#8243; css=&#8221;.vc_custom_1532772263416{background-image: url(https:\/\/kleinerheinperle.ch\/wp-content\/uploads\/green-mining-sunstone-header.jpg?id=3972) !important;background-position: center;background-repeat: no-repeat;background-size: cover !important;}&#8221;][vc_column][vc_empty_space height=&#8221;300&#8243;][vc_column_text el_class=&#8221;txt-white&#8221;] Exploitation mini\u00e8re verte &#8211; &#8220;Green Mining&#8221; &#8211; 100% nature [\/vc_column_text][\/vc_column][\/vc_row][vc_row parallax=&#8221;content-moving-fade&#8221; css=&#8221;.vc_custom_1532519176579{background-position: center;background-repeat: no-repeat;background-size:cover !important;}&#8221;][vc_column][vc_column_text][\/vc_column_text][\/vc_column][\/vc_row][vc_row][vc_column][vc_column_text] &#8220;Green Mining&#8221; &#8211; Pierres pr\u00e9cieuses provenant de sources durables Nous avons \u00e9t\u00e9 les premiers orf\u00e8vres de B\u00e2le \u00e0 inclure les pierres pr\u00e9cieuses Green Mining dans notre &#8230; <a title=\"Exploitation mini\u00e8re verte\" class=\"read-more\" href=\"https:\/\/kleinerheinperle.ch\/fr\/sujets\/exploitation-miniere-verte\/\" aria-label=\"En savoir plus sur Exploitation mini\u00e8re verte\">Lire la suite<\/a><\/p>\n","protected":false},"author":2,"featured_media":0,"parent":17634,"menu_order":1,"comment_status":"closed","ping_status":"closed","template":"","meta":{"footnotes":""},"class_list":["post-17714","page","type-page","status-publish"],"yoast_head":"<!-- This site is optimized with the Yoast SEO plugin v27.4 - https:\/\/yoast.com\/product\/yoast-seo-wordpress\/ -->\n<title>Exploitation mini\u00e8re verte - kleine Rheinperle<\/title>\n<meta name=\"robots\" content=\"index, follow, max-snippet:-1, max-image-preview:large, max-video-preview:-1\" \/>\n<link rel=\"canonical\" href=\"https:\/\/kleinerheinperle.ch\/fr\/sujets\/exploitation-miniere-verte\/\" \/>\n<meta property=\"og:locale\" content=\"fr_FR\" \/>\n<meta property=\"og:type\" content=\"article\" \/>\n<meta property=\"og:title\" content=\"Exploitation mini\u00e8re verte - kleine Rheinperle\" \/>\n<meta property=\"og:description\" content=\"[vc_row full_width=&#8221;stretch_row&#8221; content_placement=&#8221;bottom&#8221; parallax=&#8221;content-moving&#8221; parallax_image=&#8221;3803&#8243; css=&#8221;.vc_custom_1532772263416{background-image: url(https:\/\/kleinerheinperle.ch\/wp-content\/uploads\/green-mining-sunstone-header.jpg?id=3972) !important;background-position: center;background-repeat: no-repeat;background-size: cover !important;}&#8221;][vc_column][vc_empty_space height=&#8221;300&#8243;][vc_column_text el_class=&#8221;txt-white&#8221;] Exploitation mini\u00e8re verte &#8211; &#8220;Green Mining&#8221; &#8211; 100% nature [\/vc_column_text][\/vc_column][\/vc_row][vc_row parallax=&#8221;content-moving-fade&#8221; css=&#8221;.vc_custom_1532519176579{background-position: center;background-repeat: no-repeat;background-size:cover !important;}&#8221;][vc_column][vc_column_text][\/vc_column_text][\/vc_column][\/vc_row][vc_row][vc_column][vc_column_text] &#8220;Green Mining&#8221; &#8211; Pierres pr\u00e9cieuses provenant de sources durables Nous avons \u00e9t\u00e9 les premiers orf\u00e8vres de B\u00e2le \u00e0 inclure les pierres pr\u00e9cieuses Green Mining dans notre ... Lire la suite\" \/>\n<meta property=\"og:url\" content=\"https:\/\/kleinerheinperle.ch\/fr\/sujets\/exploitation-miniere-verte\/\" \/>\n<meta property=\"og:site_name\" content=\"kleine Rheinperle\" \/>\n<meta property=\"article:publisher\" content=\"http:\/\/www.facebook.com\/kleinerheinperle\" \/>\n<meta property=\"article:modified_time\" content=\"2022-09-10T14:06:26+00:00\" \/>\n<meta name=\"twitter:card\" content=\"summary_large_image\" \/>\n<meta name=\"twitter:label1\" content=\"Dur\u00e9e de lecture estim\u00e9e\" \/>\n\t<meta name=\"twitter:data1\" content=\"4 minutes\" \/>\n<script type=\"application\/ld+json\" class=\"yoast-schema-graph\">{\"@context\":\"https:\\\/\\\/schema.org\",\"@graph\":[{\"@type\":\"WebPage\",\"@id\":\"https:\\\/\\\/kleinerheinperle.ch\\\/fr\\\/sujets\\\/exploitation-miniere-verte\\\/\",\"url\":\"https:\\\/\\\/kleinerheinperle.ch\\\/fr\\\/sujets\\\/exploitation-miniere-verte\\\/\",\"name\":\"Exploitation mini\u00e8re verte - kleine Rheinperle\",\"isPartOf\":{\"@id\":\"https:\\\/\\\/kleinerheinperle.ch\\\/fr\\\/#website\"},\"datePublished\":\"2018-07-27T14:30:28+00:00\",\"dateModified\":\"2022-09-10T14:06:26+00:00\",\"breadcrumb\":{\"@id\":\"https:\\\/\\\/kleinerheinperle.ch\\\/fr\\\/sujets\\\/exploitation-miniere-verte\\\/#breadcrumb\"},\"inLanguage\":\"fr-FR\",\"potentialAction\":[{\"@type\":\"ReadAction\",\"target\":[\"https:\\\/\\\/kleinerheinperle.ch\\\/fr\\\/sujets\\\/exploitation-miniere-verte\\\/\"]}]},{\"@type\":\"BreadcrumbList\",\"@id\":\"https:\\\/\\\/kleinerheinperle.ch\\\/fr\\\/sujets\\\/exploitation-miniere-verte\\\/#breadcrumb\",\"itemListElement\":[{\"@type\":\"ListItem\",\"position\":1,\"name\":\"Home\",\"item\":\"https:\\\/\\\/kleinerheinperle.ch\\\/fr\\\/home\\\/\"},{\"@type\":\"ListItem\",\"position\":2,\"name\":\"Sujets\",\"item\":\"https:\\\/\\\/kleinerheinperle.ch\\\/fr\\\/themen\\\/\"},{\"@type\":\"ListItem\",\"position\":3,\"name\":\"Exploitation mini\u00e8re verte\"}]},{\"@type\":\"WebSite\",\"@id\":\"https:\\\/\\\/kleinerheinperle.ch\\\/fr\\\/#website\",\"url\":\"https:\\\/\\\/kleinerheinperle.ch\\\/fr\\\/\",\"name\":\"kleine Rheinperle\",\"description\":\"Ihr Goldschmied in Basel f\u00fcr spezielle Eheringe und individuelle Schmuck-Designs\",\"publisher\":{\"@id\":\"https:\\\/\\\/kleinerheinperle.ch\\\/fr\\\/#organization\"},\"potentialAction\":[{\"@type\":\"SearchAction\",\"target\":{\"@type\":\"EntryPoint\",\"urlTemplate\":\"https:\\\/\\\/kleinerheinperle.ch\\\/fr\\\/?s={search_term_string}\"},\"query-input\":{\"@type\":\"PropertyValueSpecification\",\"valueRequired\":true,\"valueName\":\"search_term_string\"}}],\"inLanguage\":\"fr-FR\"},{\"@type\":\"Organization\",\"@id\":\"https:\\\/\\\/kleinerheinperle.ch\\\/fr\\\/#organization\",\"name\":\"Kleine Rheinperle\",\"url\":\"https:\\\/\\\/kleinerheinperle.ch\\\/fr\\\/\",\"logo\":{\"@type\":\"ImageObject\",\"inLanguage\":\"fr-FR\",\"@id\":\"https:\\\/\\\/kleinerheinperle.ch\\\/fr\\\/#\\\/schema\\\/logo\\\/image\\\/\",\"url\":\"https:\\\/\\\/kleinerheinperle.ch\\\/wp-content\\\/uploads\\\/2025\\\/11\\\/cropped-logo-kleine-Rheinperle-2025-350-1.jpg\",\"contentUrl\":\"https:\\\/\\\/kleinerheinperle.ch\\\/wp-content\\\/uploads\\\/2025\\\/11\\\/cropped-logo-kleine-Rheinperle-2025-350-1.jpg\",\"width\":350,\"height\":350,\"caption\":\"Kleine Rheinperle\"},\"image\":{\"@id\":\"https:\\\/\\\/kleinerheinperle.ch\\\/fr\\\/#\\\/schema\\\/logo\\\/image\\\/\"},\"sameAs\":[\"http:\\\/\\\/www.facebook.com\\\/kleinerheinperle\",\"http:\\\/\\\/www.instagram.com\\\/kleinerheinperle\",\"http:\\\/\\\/www.youtube.com\\\/kleinerheinperle\"]}]}<\/script>\n<!-- \/ Yoast SEO plugin. -->","yoast_head_json":{"title":"Exploitation mini\u00e8re verte - kleine Rheinperle","robots":{"index":"index","follow":"follow","max-snippet":"max-snippet:-1","max-image-preview":"max-image-preview:large","max-video-preview":"max-video-preview:-1"},"canonical":"https:\/\/kleinerheinperle.ch\/fr\/sujets\/exploitation-miniere-verte\/","og_locale":"fr_FR","og_type":"article","og_title":"Exploitation mini\u00e8re verte - kleine Rheinperle","og_description":"[vc_row full_width=&#8221;stretch_row&#8221; content_placement=&#8221;bottom&#8221; parallax=&#8221;content-moving&#8221; parallax_image=&#8221;3803&#8243; css=&#8221;.vc_custom_1532772263416{background-image: url(https:\/\/kleinerheinperle.ch\/wp-content\/uploads\/green-mining-sunstone-header.jpg?id=3972) !important;background-position: center;background-repeat: no-repeat;background-size: cover !important;}&#8221;][vc_column][vc_empty_space height=&#8221;300&#8243;][vc_column_text el_class=&#8221;txt-white&#8221;] Exploitation mini\u00e8re verte &#8211; &#8220;Green Mining&#8221; &#8211; 100% nature [\/vc_column_text][\/vc_column][\/vc_row][vc_row parallax=&#8221;content-moving-fade&#8221; css=&#8221;.vc_custom_1532519176579{background-position: center;background-repeat: no-repeat;background-size:cover !important;}&#8221;][vc_column][vc_column_text][\/vc_column_text][\/vc_column][\/vc_row][vc_row][vc_column][vc_column_text] &#8220;Green Mining&#8221; &#8211; Pierres pr\u00e9cieuses provenant de sources durables Nous avons \u00e9t\u00e9 les premiers orf\u00e8vres de B\u00e2le \u00e0 inclure les pierres pr\u00e9cieuses Green Mining dans notre ... Lire la suite","og_url":"https:\/\/kleinerheinperle.ch\/fr\/sujets\/exploitation-miniere-verte\/","og_site_name":"kleine Rheinperle","article_publisher":"http:\/\/www.facebook.com\/kleinerheinperle","article_modified_time":"2022-09-10T14:06:26+00:00","twitter_card":"summary_large_image","twitter_misc":{"Dur\u00e9e de lecture estim\u00e9e":"4 minutes"},"schema":{"@context":"https:\/\/schema.org","@graph":[{"@type":"WebPage","@id":"https:\/\/kleinerheinperle.ch\/fr\/sujets\/exploitation-miniere-verte\/","url":"https:\/\/kleinerheinperle.ch\/fr\/sujets\/exploitation-miniere-verte\/","name":"Exploitation mini\u00e8re verte - kleine Rheinperle","isPartOf":{"@id":"https:\/\/kleinerheinperle.ch\/fr\/#website"},"datePublished":"2018-07-27T14:30:28+00:00","dateModified":"2022-09-10T14:06:26+00:00","breadcrumb":{"@id":"https:\/\/kleinerheinperle.ch\/fr\/sujets\/exploitation-miniere-verte\/#breadcrumb"},"inLanguage":"fr-FR","potentialAction":[{"@type":"ReadAction","target":["https:\/\/kleinerheinperle.ch\/fr\/sujets\/exploitation-miniere-verte\/"]}]},{"@type":"BreadcrumbList","@id":"https:\/\/kleinerheinperle.ch\/fr\/sujets\/exploitation-miniere-verte\/#breadcrumb","itemListElement":[{"@type":"ListItem","position":1,"name":"Home","item":"https:\/\/kleinerheinperle.ch\/fr\/home\/"},{"@type":"ListItem","position":2,"name":"Sujets","item":"https:\/\/kleinerheinperle.ch\/fr\/themen\/"},{"@type":"ListItem","position":3,"name":"Exploitation mini\u00e8re verte"}]},{"@type":"WebSite","@id":"https:\/\/kleinerheinperle.ch\/fr\/#website","url":"https:\/\/kleinerheinperle.ch\/fr\/","name":"kleine Rheinperle","description":"Ihr Goldschmied in Basel f\u00fcr spezielle Eheringe und individuelle Schmuck-Designs","publisher":{"@id":"https:\/\/kleinerheinperle.ch\/fr\/#organization"},"potentialAction":[{"@type":"SearchAction","target":{"@type":"EntryPoint","urlTemplate":"https:\/\/kleinerheinperle.ch\/fr\/?s={search_term_string}"},"query-input":{"@type":"PropertyValueSpecification","valueRequired":true,"valueName":"search_term_string"}}],"inLanguage":"fr-FR"},{"@type":"Organization","@id":"https:\/\/kleinerheinperle.ch\/fr\/#organization","name":"Kleine Rheinperle","url":"https:\/\/kleinerheinperle.ch\/fr\/","logo":{"@type":"ImageObject","inLanguage":"fr-FR","@id":"https:\/\/kleinerheinperle.ch\/fr\/#\/schema\/logo\/image\/","url":"https:\/\/kleinerheinperle.ch\/wp-content\/uploads\/2025\/11\/cropped-logo-kleine-Rheinperle-2025-350-1.jpg","contentUrl":"https:\/\/kleinerheinperle.ch\/wp-content\/uploads\/2025\/11\/cropped-logo-kleine-Rheinperle-2025-350-1.jpg","width":350,"height":350,"caption":"Kleine Rheinperle"},"image":{"@id":"https:\/\/kleinerheinperle.ch\/fr\/#\/schema\/logo\/image\/"},"sameAs":["http:\/\/www.facebook.com\/kleinerheinperle","http:\/\/www.instagram.com\/kleinerheinperle","http:\/\/www.youtube.com\/kleinerheinperle"]}]}},"_links":{"self":[{"href":"https:\/\/kleinerheinperle.ch\/fr\/wp-json\/wp\/v2\/pages\/17714","targetHints":{"allow":["GET"]}}],"collection":[{"href":"https:\/\/kleinerheinperle.ch\/fr\/wp-json\/wp\/v2\/pages"}],"about":[{"href":"https:\/\/kleinerheinperle.ch\/fr\/wp-json\/wp\/v2\/types\/page"}],"author":[{"embeddable":true,"href":"https:\/\/kleinerheinperle.ch\/fr\/wp-json\/wp\/v2\/users\/2"}],"replies":[{"embeddable":true,"href":"https:\/\/kleinerheinperle.ch\/fr\/wp-json\/wp\/v2\/comments?post=17714"}],"version-history":[{"count":1,"href":"https:\/\/kleinerheinperle.ch\/fr\/wp-json\/wp\/v2\/pages\/17714\/revisions"}],"predecessor-version":[{"id":17715,"href":"https:\/\/kleinerheinperle.ch\/fr\/wp-json\/wp\/v2\/pages\/17714\/revisions\/17715"}],"up":[{"embeddable":true,"href":"https:\/\/kleinerheinperle.ch\/fr\/wp-json\/wp\/v2\/pages\/17634"}],"wp:attachment":[{"href":"https:\/\/kleinerheinperle.ch\/fr\/wp-json\/wp\/v2\/media?parent=17714"}],"curies":[{"name":"wp","href":"https:\/\/api.w.org\/{rel}","templated":true}]}}