{"id":17705,"date":"2018-07-15T12:35:29","date_gmt":"2018-07-15T10:35:29","guid":{"rendered":"https:\/\/kleinerheinperle.ch\/sujets\/conceptions-cao\/"},"modified":"2022-09-10T15:57:39","modified_gmt":"2022-09-10T13:57:39","slug":"conceptions-cao","status":"publish","type":"page","link":"https:\/\/kleinerheinperle.ch\/fr\/sujets\/conceptions-cao\/","title":{"rendered":"Conceptions CAO"},"content":{"rendered":"<div class=\"wpb-content-wrapper\"><p>[vc_row full_width=&#8221;stretch_row&#8221; content_placement=&#8221;bottom&#8221; css=&#8221;.vc_custom_1533225391221{background-image: url(https:\/\/kleinerheinperle.ch\/wp-content\/uploads\/Blattader-ring-cad-entwurf-kleinerheinperle-basel2.jpg?id=3741) !important;background-position: center !important;background-repeat: no-repeat !important;background-size: cover !important;}&#8221; el_class=&#8221;header&#8221;][vc_column][vc_column_text el_class=&#8221;txt-white&#8221;]<\/p>\n<h1 style=\"text-align: center;\">Conceptions CAO<\/h1>\n<p>[\/vc_column_text][\/vc_column][\/vc_row][vc_row][vc_column][vc_column_text]<\/p>\n<h2>Alliances, bagues de fian\u00e7ailles ou alliances cr\u00e9\u00e9es selon vos souhaits<\/h2>\n<p>Si le bijou que vous souhaitez n&#8217;existe pas encore chez nous, nous sommes heureux de vous offrir la possibilit\u00e9 de concevoir votre id\u00e9e sur ordinateur \u00e0 l&#8217;aide d&#8217;un logiciel sp\u00e9cial de conception de bijoux (conception assist\u00e9e par ordinateur), afin que vous puissiez voir exactement de toutes faces dans une animation 3D photor\u00e9aliste avant de passer votre commande sachez \u00e0 quoi ressemblera votre futur bijou ! Si vous le souhaitez, vous pouvez recevoir nos brouillons sous forme d&#8217;animations, de projections 4 panneaux et\/ou avec des d\u00e9tails zoom\u00e9s par e-mail afin de pouvoir les \u00e9tudier chez vous avant de prendre une d\u00e9cision finale. Pouvons-nous vous convaincre bient\u00f4t ?[\/vc_column_text][\/vc_column][\/vc_row][vc_row][vc_column width=&#8221;1\/2&#8243;][vc_column_text]<\/p>\n<h2 style=\"text-align: center;\">Projet CAO Projection \u00e0 4 panneaux<\/h2>\n<p><img loading=\"lazy\" decoding=\"async\" class=\"alignnone wp-image-3733\" src=\"https:\/\/kleinerheinperle.ch\/wp-content\/uploads\/schwebender-brillant-cad-entwurf-1.jpg\" alt=\"schwebender-brillant-cad-entwurf-kleine-rheinperle-basel\" width=\"800\" height=\"800\" srcset=\"https:\/\/kleinerheinperle.ch\/wp-content\/uploads\/schwebender-brillant-cad-entwurf-1.jpg 2450w, https:\/\/kleinerheinperle.ch\/wp-content\/uploads\/schwebender-brillant-cad-entwurf-1-150x150.jpg 150w, https:\/\/kleinerheinperle.ch\/wp-content\/uploads\/schwebender-brillant-cad-entwurf-1-300x300.jpg 300w, https:\/\/kleinerheinperle.ch\/wp-content\/uploads\/schwebender-brillant-cad-entwurf-1-768x768.jpg 768w, https:\/\/kleinerheinperle.ch\/wp-content\/uploads\/schwebender-brillant-cad-entwurf-1-1024x1024.jpg 1024w\" sizes=\"auto, (max-width: 800px) 100vw, 800px\" \/>[\/vc_column_text][vc_column_text]<\/p>\n<h2 style=\"text-align: center;\">Projet CAO Projection \u00e0 4 panneaux<\/h2>\n<p><img loading=\"lazy\" decoding=\"async\" class=\"alignnone wp-image-3749 size-full\" src=\"https:\/\/kleinerheinperle.ch\/wp-content\/uploads\/Blattader-Palisanderholzring-cad-entwurf-kleinerheinperle-basel.jpg\" alt=\"\" width=\"800\" height=\"800\" srcset=\"https:\/\/kleinerheinperle.ch\/wp-content\/uploads\/Blattader-Palisanderholzring-cad-entwurf-kleinerheinperle-basel.jpg 2500w, https:\/\/kleinerheinperle.ch\/wp-content\/uploads\/Blattader-Palisanderholzring-cad-entwurf-kleinerheinperle-basel-150x150.jpg 150w, https:\/\/kleinerheinperle.ch\/wp-content\/uploads\/Blattader-Palisanderholzring-cad-entwurf-kleinerheinperle-basel-300x300.jpg 300w, https:\/\/kleinerheinperle.ch\/wp-content\/uploads\/Blattader-Palisanderholzring-cad-entwurf-kleinerheinperle-basel-768x768.jpg 768w, https:\/\/kleinerheinperle.ch\/wp-content\/uploads\/Blattader-Palisanderholzring-cad-entwurf-kleinerheinperle-basel-1024x1024.jpg 1024w\" sizes=\"auto, (max-width: 800px) 100vw, 800px\" \/>[\/vc_column_text][\/vc_column][vc_column width=&#8221;1\/2&#8243;][vc_column_text]<\/p>\n<h2 style=\"text-align: center;\">bague en or blanc finie avec &#8220;brillant flottant&#8221;<\/h2>\n<p><img loading=\"lazy\" decoding=\"async\" class=\"size-full wp-image-3010 aligncenter\" src=\"https:\/\/kleinerheinperle.ch\/wp-content\/uploads\/Schwebender_Brillant_750-Weissgold_Goldschmiede_kleineRheinperle_Basel.jpg\" alt=\"Schwebender_Brillant_750-Weissgold_Goldschmiede_kleineRheinperle_Basel\" width=\"800\" height=\"800\" srcset=\"https:\/\/kleinerheinperle.ch\/wp-content\/uploads\/Schwebender_Brillant_750-Weissgold_Goldschmiede_kleineRheinperle_Basel.jpg 1828w, https:\/\/kleinerheinperle.ch\/wp-content\/uploads\/Schwebender_Brillant_750-Weissgold_Goldschmiede_kleineRheinperle_Basel-150x150.jpg 150w, https:\/\/kleinerheinperle.ch\/wp-content\/uploads\/Schwebender_Brillant_750-Weissgold_Goldschmiede_kleineRheinperle_Basel-300x300.jpg 300w, https:\/\/kleinerheinperle.ch\/wp-content\/uploads\/Schwebender_Brillant_750-Weissgold_Goldschmiede_kleineRheinperle_Basel-768x768.jpg 768w, https:\/\/kleinerheinperle.ch\/wp-content\/uploads\/Schwebender_Brillant_750-Weissgold_Goldschmiede_kleineRheinperle_Basel-1024x1024.jpg 1024w\" sizes=\"auto, (max-width: 800px) 100vw, 800px\" \/>[\/vc_column_text][vc_column_text]<\/p>\n<h2 style=\"text-align: center;\">Bague de fian\u00e7ailles or blanc \/ palissandre<\/h2>\n<p><img loading=\"lazy\" decoding=\"async\" class=\"alignnone wp-image-2674 size-full\" src=\"https:\/\/kleinerheinperle.ch\/wp-content\/uploads\/Blattader_Palisanderholz_Unikatring_Naturstruktur_Grenadill_750-weissgold_Brillant_Goldschmiede_kleineRheinperle_Basel-1.jpg\" alt=\"Blattader_Palisanderholz_Unikatring_Naturstruktur_Grenadill_750-weissgold_Brillant_Goldschmiede_kleineRheinperle_Basel\" width=\"800\" height=\"800\" \/>[\/vc_column_text][\/vc_column][\/vc_row][vc_row][vc_column][vc_column_text][\/vc_column_text][\/vc_column][\/vc_row]<\/p>\n<\/div>","protected":false},"excerpt":{"rendered":"<p>[vc_row full_width=&#8221;stretch_row&#8221; content_placement=&#8221;bottom&#8221; css=&#8221;.vc_custom_1533225391221{background-image: url(https:\/\/kleinerheinperle.ch\/wp-content\/uploads\/Blattader-ring-cad-entwurf-kleinerheinperle-basel2.jpg?id=3741) !important;background-position: center !important;background-repeat: no-repeat !important;background-size: cover !important;}&#8221; el_class=&#8221;header&#8221;][vc_column][vc_column_text el_class=&#8221;txt-white&#8221;] Conceptions CAO [\/vc_column_text][\/vc_column][\/vc_row][vc_row][vc_column][vc_column_text] Alliances, bagues de fian\u00e7ailles ou alliances cr\u00e9\u00e9es selon vos souhaits Si le bijou que vous souhaitez n&#8217;existe pas encore chez nous, nous sommes heureux de vous offrir la possibilit\u00e9 de concevoir votre id\u00e9e sur ordinateur \u00e0 l&#8217;aide d&#8217;un &#8230; <a title=\"Conceptions CAO\" class=\"read-more\" href=\"https:\/\/kleinerheinperle.ch\/fr\/sujets\/conceptions-cao\/\" aria-label=\"En savoir plus sur Conceptions CAO\">Lire la suite<\/a><\/p>\n","protected":false},"author":2,"featured_media":0,"parent":17634,"menu_order":3,"comment_status":"closed","ping_status":"closed","template":"","meta":{"footnotes":""},"class_list":["post-17705","page","type-page","status-publish"],"yoast_head":"<!-- This site is optimized with the Yoast SEO plugin v27.4 - https:\/\/yoast.com\/product\/yoast-seo-wordpress\/ -->\n<title>Conceptions CAO - kleine Rheinperle<\/title>\n<meta name=\"robots\" content=\"index, follow, max-snippet:-1, max-image-preview:large, max-video-preview:-1\" \/>\n<link rel=\"canonical\" href=\"https:\/\/kleinerheinperle.ch\/fr\/sujets\/conceptions-cao\/\" \/>\n<meta property=\"og:locale\" content=\"fr_FR\" \/>\n<meta property=\"og:type\" content=\"article\" \/>\n<meta property=\"og:title\" content=\"Conceptions CAO - kleine Rheinperle\" \/>\n<meta property=\"og:description\" content=\"[vc_row full_width=&#8221;stretch_row&#8221; content_placement=&#8221;bottom&#8221; css=&#8221;.vc_custom_1533225391221{background-image: url(https:\/\/kleinerheinperle.ch\/wp-content\/uploads\/Blattader-ring-cad-entwurf-kleinerheinperle-basel2.jpg?id=3741) !important;background-position: center !important;background-repeat: no-repeat !important;background-size: cover !important;}&#8221; el_class=&#8221;header&#8221;][vc_column][vc_column_text el_class=&#8221;txt-white&#8221;] Conceptions CAO [\/vc_column_text][\/vc_column][\/vc_row][vc_row][vc_column][vc_column_text] Alliances, bagues de fian\u00e7ailles ou alliances cr\u00e9\u00e9es selon vos souhaits Si le bijou que vous souhaitez n&#8217;existe pas encore chez nous, nous sommes heureux de vous offrir la possibilit\u00e9 de concevoir votre id\u00e9e sur ordinateur \u00e0 l&#8217;aide d&#8217;un ... Lire la suite\" \/>\n<meta property=\"og:url\" content=\"https:\/\/kleinerheinperle.ch\/fr\/sujets\/conceptions-cao\/\" \/>\n<meta property=\"og:site_name\" content=\"kleine Rheinperle\" \/>\n<meta property=\"article:publisher\" content=\"http:\/\/www.facebook.com\/kleinerheinperle\" \/>\n<meta property=\"article:modified_time\" content=\"2022-09-10T13:57:39+00:00\" \/>\n<meta property=\"og:image\" content=\"https:\/\/kleinerheinperle.ch\/wp-content\/uploads\/schwebender-brillant-cad-entwurf-1.jpg\" \/>\n<meta name=\"twitter:card\" content=\"summary_large_image\" \/>\n<meta name=\"twitter:label1\" content=\"Dur\u00e9e de lecture estim\u00e9e\" \/>\n\t<meta name=\"twitter:data1\" content=\"1 minute\" \/>\n<script type=\"application\/ld+json\" class=\"yoast-schema-graph\">{\"@context\":\"https:\\\/\\\/schema.org\",\"@graph\":[{\"@type\":\"WebPage\",\"@id\":\"https:\\\/\\\/kleinerheinperle.ch\\\/fr\\\/sujets\\\/conceptions-cao\\\/\",\"url\":\"https:\\\/\\\/kleinerheinperle.ch\\\/fr\\\/sujets\\\/conceptions-cao\\\/\",\"name\":\"Conceptions CAO - kleine Rheinperle\",\"isPartOf\":{\"@id\":\"https:\\\/\\\/kleinerheinperle.ch\\\/fr\\\/#website\"},\"primaryImageOfPage\":{\"@id\":\"https:\\\/\\\/kleinerheinperle.ch\\\/fr\\\/sujets\\\/conceptions-cao\\\/#primaryimage\"},\"image\":{\"@id\":\"https:\\\/\\\/kleinerheinperle.ch\\\/fr\\\/sujets\\\/conceptions-cao\\\/#primaryimage\"},\"thumbnailUrl\":\"https:\\\/\\\/kleinerheinperle.ch\\\/wp-content\\\/uploads\\\/schwebender-brillant-cad-entwurf-1.jpg\",\"datePublished\":\"2018-07-15T10:35:29+00:00\",\"dateModified\":\"2022-09-10T13:57:39+00:00\",\"breadcrumb\":{\"@id\":\"https:\\\/\\\/kleinerheinperle.ch\\\/fr\\\/sujets\\\/conceptions-cao\\\/#breadcrumb\"},\"inLanguage\":\"fr-FR\",\"potentialAction\":[{\"@type\":\"ReadAction\",\"target\":[\"https:\\\/\\\/kleinerheinperle.ch\\\/fr\\\/sujets\\\/conceptions-cao\\\/\"]}]},{\"@type\":\"ImageObject\",\"inLanguage\":\"fr-FR\",\"@id\":\"https:\\\/\\\/kleinerheinperle.ch\\\/fr\\\/sujets\\\/conceptions-cao\\\/#primaryimage\",\"url\":\"https:\\\/\\\/kleinerheinperle.ch\\\/wp-content\\\/uploads\\\/schwebender-brillant-cad-entwurf-1.jpg\",\"contentUrl\":\"https:\\\/\\\/kleinerheinperle.ch\\\/wp-content\\\/uploads\\\/schwebender-brillant-cad-entwurf-1.jpg\"},{\"@type\":\"BreadcrumbList\",\"@id\":\"https:\\\/\\\/kleinerheinperle.ch\\\/fr\\\/sujets\\\/conceptions-cao\\\/#breadcrumb\",\"itemListElement\":[{\"@type\":\"ListItem\",\"position\":1,\"name\":\"Home\",\"item\":\"https:\\\/\\\/kleinerheinperle.ch\\\/fr\\\/home\\\/\"},{\"@type\":\"ListItem\",\"position\":2,\"name\":\"Sujets\",\"item\":\"https:\\\/\\\/kleinerheinperle.ch\\\/fr\\\/themen\\\/\"},{\"@type\":\"ListItem\",\"position\":3,\"name\":\"Conceptions CAO\"}]},{\"@type\":\"WebSite\",\"@id\":\"https:\\\/\\\/kleinerheinperle.ch\\\/fr\\\/#website\",\"url\":\"https:\\\/\\\/kleinerheinperle.ch\\\/fr\\\/\",\"name\":\"kleine Rheinperle\",\"description\":\"Ihr Goldschmied in Basel f\u00fcr spezielle Eheringe und individuelle Schmuck-Designs\",\"publisher\":{\"@id\":\"https:\\\/\\\/kleinerheinperle.ch\\\/fr\\\/#organization\"},\"potentialAction\":[{\"@type\":\"SearchAction\",\"target\":{\"@type\":\"EntryPoint\",\"urlTemplate\":\"https:\\\/\\\/kleinerheinperle.ch\\\/fr\\\/?s={search_term_string}\"},\"query-input\":{\"@type\":\"PropertyValueSpecification\",\"valueRequired\":true,\"valueName\":\"search_term_string\"}}],\"inLanguage\":\"fr-FR\"},{\"@type\":\"Organization\",\"@id\":\"https:\\\/\\\/kleinerheinperle.ch\\\/fr\\\/#organization\",\"name\":\"Kleine Rheinperle\",\"url\":\"https:\\\/\\\/kleinerheinperle.ch\\\/fr\\\/\",\"logo\":{\"@type\":\"ImageObject\",\"inLanguage\":\"fr-FR\",\"@id\":\"https:\\\/\\\/kleinerheinperle.ch\\\/fr\\\/#\\\/schema\\\/logo\\\/image\\\/\",\"url\":\"https:\\\/\\\/kleinerheinperle.ch\\\/wp-content\\\/uploads\\\/2025\\\/11\\\/cropped-logo-kleine-Rheinperle-2025-350-1.jpg\",\"contentUrl\":\"https:\\\/\\\/kleinerheinperle.ch\\\/wp-content\\\/uploads\\\/2025\\\/11\\\/cropped-logo-kleine-Rheinperle-2025-350-1.jpg\",\"width\":350,\"height\":350,\"caption\":\"Kleine Rheinperle\"},\"image\":{\"@id\":\"https:\\\/\\\/kleinerheinperle.ch\\\/fr\\\/#\\\/schema\\\/logo\\\/image\\\/\"},\"sameAs\":[\"http:\\\/\\\/www.facebook.com\\\/kleinerheinperle\",\"http:\\\/\\\/www.instagram.com\\\/kleinerheinperle\",\"http:\\\/\\\/www.youtube.com\\\/kleinerheinperle\"]}]}<\/script>\n<!-- \/ Yoast SEO plugin. -->","yoast_head_json":{"title":"Conceptions CAO - kleine Rheinperle","robots":{"index":"index","follow":"follow","max-snippet":"max-snippet:-1","max-image-preview":"max-image-preview:large","max-video-preview":"max-video-preview:-1"},"canonical":"https:\/\/kleinerheinperle.ch\/fr\/sujets\/conceptions-cao\/","og_locale":"fr_FR","og_type":"article","og_title":"Conceptions CAO - kleine Rheinperle","og_description":"[vc_row full_width=&#8221;stretch_row&#8221; content_placement=&#8221;bottom&#8221; css=&#8221;.vc_custom_1533225391221{background-image: url(https:\/\/kleinerheinperle.ch\/wp-content\/uploads\/Blattader-ring-cad-entwurf-kleinerheinperle-basel2.jpg?id=3741) !important;background-position: center !important;background-repeat: no-repeat !important;background-size: cover !important;}&#8221; el_class=&#8221;header&#8221;][vc_column][vc_column_text el_class=&#8221;txt-white&#8221;] Conceptions CAO [\/vc_column_text][\/vc_column][\/vc_row][vc_row][vc_column][vc_column_text] Alliances, bagues de fian\u00e7ailles ou alliances cr\u00e9\u00e9es selon vos souhaits Si le bijou que vous souhaitez n&#8217;existe pas encore chez nous, nous sommes heureux de vous offrir la possibilit\u00e9 de concevoir votre id\u00e9e sur ordinateur \u00e0 l&#8217;aide d&#8217;un ... Lire la suite","og_url":"https:\/\/kleinerheinperle.ch\/fr\/sujets\/conceptions-cao\/","og_site_name":"kleine Rheinperle","article_publisher":"http:\/\/www.facebook.com\/kleinerheinperle","article_modified_time":"2022-09-10T13:57:39+00:00","og_image":[{"url":"https:\/\/kleinerheinperle.ch\/wp-content\/uploads\/schwebender-brillant-cad-entwurf-1.jpg","type":"","width":"","height":""}],"twitter_card":"summary_large_image","twitter_misc":{"Dur\u00e9e de lecture estim\u00e9e":"1 minute"},"schema":{"@context":"https:\/\/schema.org","@graph":[{"@type":"WebPage","@id":"https:\/\/kleinerheinperle.ch\/fr\/sujets\/conceptions-cao\/","url":"https:\/\/kleinerheinperle.ch\/fr\/sujets\/conceptions-cao\/","name":"Conceptions CAO - kleine Rheinperle","isPartOf":{"@id":"https:\/\/kleinerheinperle.ch\/fr\/#website"},"primaryImageOfPage":{"@id":"https:\/\/kleinerheinperle.ch\/fr\/sujets\/conceptions-cao\/#primaryimage"},"image":{"@id":"https:\/\/kleinerheinperle.ch\/fr\/sujets\/conceptions-cao\/#primaryimage"},"thumbnailUrl":"https:\/\/kleinerheinperle.ch\/wp-content\/uploads\/schwebender-brillant-cad-entwurf-1.jpg","datePublished":"2018-07-15T10:35:29+00:00","dateModified":"2022-09-10T13:57:39+00:00","breadcrumb":{"@id":"https:\/\/kleinerheinperle.ch\/fr\/sujets\/conceptions-cao\/#breadcrumb"},"inLanguage":"fr-FR","potentialAction":[{"@type":"ReadAction","target":["https:\/\/kleinerheinperle.ch\/fr\/sujets\/conceptions-cao\/"]}]},{"@type":"ImageObject","inLanguage":"fr-FR","@id":"https:\/\/kleinerheinperle.ch\/fr\/sujets\/conceptions-cao\/#primaryimage","url":"https:\/\/kleinerheinperle.ch\/wp-content\/uploads\/schwebender-brillant-cad-entwurf-1.jpg","contentUrl":"https:\/\/kleinerheinperle.ch\/wp-content\/uploads\/schwebender-brillant-cad-entwurf-1.jpg"},{"@type":"BreadcrumbList","@id":"https:\/\/kleinerheinperle.ch\/fr\/sujets\/conceptions-cao\/#breadcrumb","itemListElement":[{"@type":"ListItem","position":1,"name":"Home","item":"https:\/\/kleinerheinperle.ch\/fr\/home\/"},{"@type":"ListItem","position":2,"name":"Sujets","item":"https:\/\/kleinerheinperle.ch\/fr\/themen\/"},{"@type":"ListItem","position":3,"name":"Conceptions CAO"}]},{"@type":"WebSite","@id":"https:\/\/kleinerheinperle.ch\/fr\/#website","url":"https:\/\/kleinerheinperle.ch\/fr\/","name":"kleine Rheinperle","description":"Ihr Goldschmied in Basel f\u00fcr spezielle Eheringe und individuelle Schmuck-Designs","publisher":{"@id":"https:\/\/kleinerheinperle.ch\/fr\/#organization"},"potentialAction":[{"@type":"SearchAction","target":{"@type":"EntryPoint","urlTemplate":"https:\/\/kleinerheinperle.ch\/fr\/?s={search_term_string}"},"query-input":{"@type":"PropertyValueSpecification","valueRequired":true,"valueName":"search_term_string"}}],"inLanguage":"fr-FR"},{"@type":"Organization","@id":"https:\/\/kleinerheinperle.ch\/fr\/#organization","name":"Kleine Rheinperle","url":"https:\/\/kleinerheinperle.ch\/fr\/","logo":{"@type":"ImageObject","inLanguage":"fr-FR","@id":"https:\/\/kleinerheinperle.ch\/fr\/#\/schema\/logo\/image\/","url":"https:\/\/kleinerheinperle.ch\/wp-content\/uploads\/2025\/11\/cropped-logo-kleine-Rheinperle-2025-350-1.jpg","contentUrl":"https:\/\/kleinerheinperle.ch\/wp-content\/uploads\/2025\/11\/cropped-logo-kleine-Rheinperle-2025-350-1.jpg","width":350,"height":350,"caption":"Kleine Rheinperle"},"image":{"@id":"https:\/\/kleinerheinperle.ch\/fr\/#\/schema\/logo\/image\/"},"sameAs":["http:\/\/www.facebook.com\/kleinerheinperle","http:\/\/www.instagram.com\/kleinerheinperle","http:\/\/www.youtube.com\/kleinerheinperle"]}]}},"_links":{"self":[{"href":"https:\/\/kleinerheinperle.ch\/fr\/wp-json\/wp\/v2\/pages\/17705","targetHints":{"allow":["GET"]}}],"collection":[{"href":"https:\/\/kleinerheinperle.ch\/fr\/wp-json\/wp\/v2\/pages"}],"about":[{"href":"https:\/\/kleinerheinperle.ch\/fr\/wp-json\/wp\/v2\/types\/page"}],"author":[{"embeddable":true,"href":"https:\/\/kleinerheinperle.ch\/fr\/wp-json\/wp\/v2\/users\/2"}],"replies":[{"embeddable":true,"href":"https:\/\/kleinerheinperle.ch\/fr\/wp-json\/wp\/v2\/comments?post=17705"}],"version-history":[{"count":2,"href":"https:\/\/kleinerheinperle.ch\/fr\/wp-json\/wp\/v2\/pages\/17705\/revisions"}],"predecessor-version":[{"id":17707,"href":"https:\/\/kleinerheinperle.ch\/fr\/wp-json\/wp\/v2\/pages\/17705\/revisions\/17707"}],"up":[{"embeddable":true,"href":"https:\/\/kleinerheinperle.ch\/fr\/wp-json\/wp\/v2\/pages\/17634"}],"wp:attachment":[{"href":"https:\/\/kleinerheinperle.ch\/fr\/wp-json\/wp\/v2\/media?parent=17705"}],"curies":[{"name":"wp","href":"https:\/\/api.w.org\/{rel}","templated":true}]}}