{"id":17673,"date":"2018-07-15T13:09:49","date_gmt":"2018-07-15T11:09:49","guid":{"rendered":"https:\/\/kleinerheinperle.ch\/portrait\/"},"modified":"2022-09-10T09:22:42","modified_gmt":"2022-09-10T07:22:42","slug":"portrait","status":"publish","type":"page","link":"https:\/\/kleinerheinperle.ch\/fr\/portrait\/","title":{"rendered":"Portrait"},"content":{"rendered":"<div class=\"wpb-content-wrapper\"><p>[vc_row full_width=&#8221;stretch_row&#8221; content_placement=&#8221;bottom&#8221; parallax=&#8221;content-moving-fade&#8221; parallax_image=&#8221;3837&#8243; css_animation=&#8221;none&#8221; css=&#8221;.vc_custom_1624278373394{background-image: url(https:\/\/kleinerheinperle.ch\/wp-content\/uploads\/2021\/05\/Lounge-einzigartig-Goldschmiede-Basel-Juwelier-nachhaltig-fairtrade-speziell.jpg?id=15222) !important;background-position: center;background-repeat: no-repeat !important;background-size: cover !important;}&#8221; el_class=&#8221;header&#8221;][vc_column][vc_column_text el_class=&#8221;txt-white&#8221;]<\/p>\n<h1 style=\"text-align: center;\">L&#8217;\u00e9quipe d&#8217;orf\u00e8vrerie du petit Rheinperle \u00e0 B\u00e2le<\/h1>\n<p>[\/vc_column_text][\/vc_column][\/vc_row][vc_row css=&#8221;.vc_custom_1532613041020{background-position: center !important;background-repeat: no-repeat !important;background-size: cover !important;}&#8221;][vc_column][vc_column_text]<div class=\"breadcrumb\" itemprop=\"breadcrumb\"><span><span><a href=\"https:\/\/kleinerheinperle.ch\/fr\/home\/\">Home<\/a><\/span><\/span><\/div>[\/vc_column_text][\/vc_column][\/vc_row][vc_row][vc_column][vc_column_text]<\/p>\n<h1><img loading=\"lazy\" decoding=\"async\" class=\"size-full wp-image-2298 alignnone aligncenter\" src=\"https:\/\/kleinerheinperle.ch\/wp-content\/uploads\/PORTRAIT-SWMW.jpg\" alt=\"\" width=\"436\" height=\"435\" srcset=\"https:\/\/kleinerheinperle.ch\/wp-content\/uploads\/PORTRAIT-SWMW.jpg 436w, https:\/\/kleinerheinperle.ch\/wp-content\/uploads\/PORTRAIT-SWMW-150x150.jpg 150w, https:\/\/kleinerheinperle.ch\/wp-content\/uploads\/PORTRAIT-SWMW-300x300.jpg 300w\" sizes=\"auto, (max-width: 436px) 100vw, 436px\" \/><\/h1>\n<h2 style=\"text-align: center;\">Notre devise : \u00ab \u00c0 une \u00e9poque de vie rapide et de production de masse, nous aimerions contribuer avec nos pi\u00e8ces individuelles faites \u00e0 la main au fait que l&#8217;individualit\u00e9 continue d&#8217;\u00eatre v\u00e9cue et que les belles choses sont augment\u00e9es.<\/h2>\n<p>[\/vc_column_text][\/vc_column][\/vc_row][vc_row][vc_column][vc_column_text]<\/p>\n<div class=\"vc_row wpb_row vc_row-fluid\">\n<div class=\"wpb_column vc_column_container vc_col-sm-12\">\n<div class=\"vc_column-inner \">\n<div class=\"wpb_wrapper\">\n<div class=\"wpb_text_column wpb_content_element \">\n<div class=\"wpb_wrapper\">\n<h1 style=\"text-align: center;\">PORTRAIT &#8211; \u00c0 PROPOS DE NOUS<\/h1>\n<p>Nous sommes fiers d&#8217;\u00eatre l\u00e0 pour nos clients depuis plus de 15 ans. Pendant ce temps, nous avons \u00e9tabli une place permanente dans le paysage de l&#8217;orf\u00e8vrerie b\u00e2loise. Nous avons beaucoup investi dans une large gamme. Nous disposons d&#8217;un stock important de pierres pr\u00e9cieuses brutes et fabriquons des bijoux selon vos souhaits individuels. Nous fabriquons des bijoux \u00e0 partir de votre r\u00e9tine, ce qui fait de nous les seuls au monde \u00e0 disposer de ce concept prot\u00e9g\u00e9.<\/p>\n<p>&nbsp;<\/p>\n<\/div>\n<\/div>\n<\/div>\n<\/div>\n<\/div>\n<\/div>\n<div class=\"vc_row wpb_row vc_row-fluid\">\n<div class=\"wpb_column vc_column_container vc_col-sm-12\">\n<div class=\"vc_column-inner \">\n<div class=\"wpb_wrapper\">\n<div class=\"wpb_text_column wpb_content_element \">\n<div class=\"wpb_wrapper\">\n<h2 style=\"text-align: center;\"><strong>Stefan Wacha<\/strong> \u2013 orf\u00e8vre et cr\u00e9ateur de bijoux<\/h2>\n<p>Je suis une cr\u00e9atrice de bijoux avec c\u0153ur et \u00e2me. L&#8217;id\u00e9e des bijoux de r\u00e9tine est n\u00e9e de mon envie de cr\u00e9er quelque chose de compl\u00e8tement unique. Un bijou qui ne peut exister qu&#8217;une seule fois, qui est taill\u00e9 sur mesure pour chaque client (ou son partenaire) en raison de sa r\u00e9tine unique et ultra-personnelle et donc induplicable. C&#8217;est mon projet pr\u00e9f\u00e9r\u00e9, que j&#8217;ai d\u00e9velopp\u00e9 en 2016 et que j&#8217;ai depuis pr\u00e9sent\u00e9 \u00e0 un public de grande qualit\u00e9 lors de nombreux salons internationaux en Allemagne et \u00e0 l&#8217;\u00e9tranger. Le fait que ce concept b\u00e9n\u00e9ficie d&#8217;une base de fans toujours croissante prouve que de plus en plus de personnes recherchent quelque chose de vraiment unique et personnel comme expression de leur individualit\u00e9. En tant que seul orf\u00e8vre au monde qui propose et fabrique ce bijou dans divers m\u00e9taux pr\u00e9cieux (or, platine, argent) et qui a prot\u00e9g\u00e9 ce bijou sp\u00e9cial dans toute l&#8217;Europe, nous sommes aujourd&#8217;hui heureux d&#8217;avoir de nombreux clients du monde entier.<\/p>\n<p>Biologiste \u00e0 l&#8217;origine, je cherchais un d\u00e9fi cr\u00e9atif et j&#8217;ai trouv\u00e9 ma vocation dans la conception de bijoux et l&#8217;orf\u00e8vrerie. Avec ma femme Marlen, je dirige depuis 2007 la petite Rheinperle \u00e0 B\u00e2le, qui poss\u00e9dait \u00e9galement des succursales \u00e0 Zurich et \u00e0 Riehen.<\/p>\n<p>Il y a quelque temps, les montres-bracelets m\u00e9caniques ont commenc\u00e9 \u00e0 me fasciner de plus en plus. Qu&#8217;elles soient \u00e0 remontage manuel ou automatiques avec complications &#8211; cela a ouvert un tout nouveau chapitre en tant que d\u00e9fi d&#8217;\u00e9largir votre propre gamme de bijoux avec des montres-bracelets suisses de la plus haute qualit\u00e9, fabriqu\u00e9es \u00e0 la main et bien s\u00fbr personnalis\u00e9es.<\/p>\n<h3 style=\"text-align: center;\">Notre travail de qualit\u00e9 est votre valeur ajout\u00e9e !<\/h3>\n<p>Avec l&#8217;aide de notre logiciel de conception de bijoux CAO moderne, les possibilit\u00e9s sont presque infinies pour concevoir les demandes individuelles des clients pour des conceptions de bijoux inhabituelles. En tant que client, vous pouvez profiter d&#8217;une animation 3D photo-r\u00e9aliste qui vous permet de voir exactement \u00e0 quoi vous attendre de nous avant de passer votre commande.<\/p>\n<h3><\/h3>\n<h3 style=\"text-align: center;\">Nous ma\u00eetrisons les techniques modernes et traditionnelles<\/h3>\n<p>Nous passons de nombreuses heures dans un travail tr\u00e8s concentr\u00e9 au microscope de notre laser moderne. Nous effectuons \u00e9galement des r\u00e9parations d\u00e9licates sur des bijoux en filigrane o\u00f9 la soudure n&#8217;est pas possible en raison de pierres pr\u00e9cieuses sensibles ou de perles pr\u00e9cieuses.<\/p>\n<p>Notre propre laser de gravure grave vos bijoux avec une perfection technique. Il nous permet d&#8217;ex\u00e9cuter vos commandes dans les meilleurs d\u00e9lais sans que votre bijou n&#8217;ait \u00e0 quitter notre atelier.<\/p>\n<h2><\/h2>\n<h2 style=\"text-align: center;\"><strong>Marlen Wacha<\/strong> \u2013 Orf\u00e8vre &amp; Joaillier<\/h2>\n<p>Marlen Wacha est orf\u00e8vre et aime toujours esquisser des id\u00e9es de bijoux \u00e0 la main sur papier. Il contient des brillants, des topazes, des saphirs, des aigues-marines, des coraux &#8211; en fait toutes les pierres pr\u00e9cieuses de notre fonds ou des pierres que vous nous apportez. Elle a le toucher fin et l&#8217;\u0153il vif pour r\u00e9aliser des soudures par points pr\u00e9cises, par exemple. Leurs nombreuses ann\u00e9es d&#8217;exp\u00e9rience garantissent \u00e9galement que m\u00eame les r\u00e9parations les plus compliqu\u00e9es de vos bijoux sont effectu\u00e9es de mani\u00e8re professionnelle. Lorsqu&#8217;il s&#8217;agit de solutions cr\u00e9atives ou d&#8217;id\u00e9es astucieuses, nous nous consultons toujours pour tirer le meilleur parti de nos deux esprits diff\u00e9rents pour vous. C&#8217;est ainsi que nous vous accompagnons ensemble dans la r\u00e9alisation de vos envies de bijoux.<\/p>\n<h3><\/h3>\n<h3 style=\"text-align: center;\"><\/h3>\n<\/div>\n<\/div>\n<\/div>\n<\/div>\n<\/div>\n<\/div>\n<p>[\/vc_column_text][\/vc_column][\/vc_row][vc_row][vc_column][vc_column_text]<\/p>\n<p style=\"text-align: center;\"><div id=\"metaslider-id-15173\" style=\"width: 100%; margin: 0 auto;\" class=\"ml-slider-3-109-0 ml-slider-pro-2-7-1 metaslider metaslider-flex metaslider-15173 ml-slider ms-theme-default nav-hidden\" role=\"region\" aria-label=\"Laden neu\" data-height=\"600\" data-width=\"800\">\n    <div id=\"metaslider_container_15173\">\n        <div id=\"metaslider_15173\">\n            <ul class='slides'>\n                <li style=\"display: block; width: 100%;\" class=\"slide-15177 ms-image \" aria-roledescription=\"slide\" data-date=\"2021-03-12 08:14:47\" data-filename=\"langewandHires2b-scaled-800x600.jpg\" data-slide-type=\"image\"><img loading=\"lazy\" decoding=\"async\" src=\"https:\/\/kleinerheinperle.ch\/wp-content\/uploads\/2021\/03\/langewandHires2b-scaled-800x600.jpg\" height=\"600\" width=\"800\" alt=\"Ausstellungsraum kleine Rheinperle RetinaJewelry\" class=\"slider-15173 slide-15177 msDefaultImage\" title=\"Ausstellungsraum kleine Rheinperle RetinaJewelry\" \/><div class=\"caption-wrap\"><div class=\"caption\">Ausstellungsraum kleine Rheinperle \/ RetinaJewelry<\/div><\/div><\/li>\n                <li style=\"display: none; width: 100%;\" class=\"slide-15178 ms-image \" aria-roledescription=\"slide\" data-date=\"2021-03-12 08:14:47\" data-filename=\"loungeHIres-800x600.jpg\" data-slide-type=\"image\"><img loading=\"lazy\" decoding=\"async\" src=\"https:\/\/kleinerheinperle.ch\/wp-content\/uploads\/2021\/03\/loungeHIres-800x600.jpg\" height=\"600\" width=\"800\" alt=\"Beratungs-Lounge kleine Rheinperle RetinaJewelry\" class=\"slider-15173 slide-15178 msDefaultImage\" title=\"Beratungs-Lounge kleine Rheinperle RetinaJewelry\" \/><div class=\"caption-wrap\"><div class=\"caption\">Beratungs-Lounge kleine Rheinperle \/ RetinaJewelry<\/div><\/div><\/li>\n                <li style=\"display: none; width: 100%;\" class=\"slide-15179 ms-image \" aria-roledescription=\"slide\" data-date=\"2021-03-12 08:14:47\" data-filename=\"eingangHires2b-scaled-800x600.jpg\" data-slide-type=\"image\"><img loading=\"lazy\" decoding=\"async\" src=\"https:\/\/kleinerheinperle.ch\/wp-content\/uploads\/2021\/03\/eingangHires2b-scaled-800x600.jpg\" height=\"600\" width=\"800\" alt=\"Ausstellungsraum Eingangsbereich kleine Rheinperle RetinaJewelry\" class=\"slider-15173 slide-15179 msDefaultImage\" title=\"Ausstellungsraum Eingangsbereich kleine Rheinperle RetinaJewelry\" \/><div class=\"caption-wrap\"><div class=\"caption\">Ausstellungsraum Eingangsbereich kleine Rheinperle \/ RetinaJewelry<\/div><\/div><\/li>\n            <\/ul>\n        <\/div>\n                <div id=\"metaslider_15173_filmstrip\" class=\"filmstrip\">\n            <ul class='slides'>\n                <li class=\"ms-thumb slide-15177\" style=\"display: none;\"><img decoding=\"async\" src=\"https:\/\/kleinerheinperle.ch\/wp-content\/uploads\/2021\/03\/langewandHires2b-scaled-80x60.jpg\" \/><\/li>\n                <li class=\"ms-thumb slide-15178\" style=\"display: none;\"><img decoding=\"async\" src=\"https:\/\/kleinerheinperle.ch\/wp-content\/uploads\/2021\/03\/loungeHIres-80x60.jpg\" \/><\/li>\n                <li class=\"ms-thumb slide-15179\" style=\"display: none;\"><img decoding=\"async\" src=\"https:\/\/kleinerheinperle.ch\/wp-content\/uploads\/2021\/03\/eingangHires2b-scaled-80x60.jpg\" \/><\/li>\n            <\/ul>\n        <\/div>\n    <\/div>\n<\/div>\n<p>[\/vc_column_text][\/vc_column][\/vc_row]<\/p>\n<\/div>","protected":false},"excerpt":{"rendered":"<p>[vc_row full_width=&#8221;stretch_row&#8221; content_placement=&#8221;bottom&#8221; parallax=&#8221;content-moving-fade&#8221; parallax_image=&#8221;3837&#8243; css_animation=&#8221;none&#8221; css=&#8221;.vc_custom_1624278373394{background-image: url(https:\/\/kleinerheinperle.ch\/wp-content\/uploads\/2021\/05\/Lounge-einzigartig-Goldschmiede-Basel-Juwelier-nachhaltig-fairtrade-speziell.jpg?id=15222) !important;background-position: center;background-repeat: no-repeat !important;background-size: cover !important;}&#8221; el_class=&#8221;header&#8221;][vc_column][vc_column_text el_class=&#8221;txt-white&#8221;] L&#8217;\u00e9quipe d&#8217;orf\u00e8vrerie du petit Rheinperle \u00e0 B\u00e2le [\/vc_column_text][\/vc_column][\/vc_row][vc_row css=&#8221;.vc_custom_1532613041020{background-position: center !important;background-repeat: no-repeat !important;background-size: cover !important;}&#8221;][vc_column][vc_column_text][\/vc_column_text][\/vc_column][\/vc_row][vc_row][vc_column][vc_column_text] Notre devise : \u00ab \u00c0 une \u00e9poque de vie rapide et de production de masse, nous aimerions contribuer avec nos pi\u00e8ces individuelles faites \u00e0 &#8230; <a title=\"Portrait\" class=\"read-more\" href=\"https:\/\/kleinerheinperle.ch\/fr\/portrait\/\" aria-label=\"En savoir plus sur Portrait\">Lire la suite<\/a><\/p>\n","protected":false},"author":2,"featured_media":0,"parent":0,"menu_order":7,"comment_status":"closed","ping_status":"closed","template":"","meta":{"footnotes":""},"class_list":["post-17673","page","type-page","status-publish"],"yoast_head":"<!-- This site is optimized with the Yoast SEO plugin v27.6 - https:\/\/yoast.com\/product\/yoast-seo-wordpress\/ -->\n<title>Portrait - kleine Rheinperle<\/title>\n<meta name=\"description\" content=\"Cr\u00e9atrice de bijoux avec c\u0153ur et \u00e2me. Nous traitons des pierres pr\u00e9cieuses de toutes sortes et cr\u00e9ons une animation 3D photor\u00e9aliste bas\u00e9e sur la CAO\" \/>\n<meta name=\"robots\" content=\"index, follow, max-snippet:-1, max-image-preview:large, max-video-preview:-1\" \/>\n<link rel=\"canonical\" href=\"https:\/\/kleinerheinperle.ch\/fr\/portrait\/\" \/>\n<meta property=\"og:locale\" content=\"fr_FR\" \/>\n<meta property=\"og:type\" content=\"article\" \/>\n<meta property=\"og:title\" content=\"Portrait - kleine Rheinperle\" \/>\n<meta property=\"og:description\" content=\"Cr\u00e9atrice de bijoux avec c\u0153ur et \u00e2me. Nous traitons des pierres pr\u00e9cieuses de toutes sortes et cr\u00e9ons une animation 3D photor\u00e9aliste bas\u00e9e sur la CAO\" \/>\n<meta property=\"og:url\" content=\"https:\/\/kleinerheinperle.ch\/fr\/portrait\/\" \/>\n<meta property=\"og:site_name\" content=\"kleine Rheinperle\" \/>\n<meta property=\"article:publisher\" content=\"http:\/\/www.facebook.com\/kleinerheinperle\" \/>\n<meta property=\"article:modified_time\" content=\"2022-09-10T07:22:42+00:00\" \/>\n<meta property=\"og:image\" content=\"https:\/\/kleinerheinperle.ch\/wp-content\/uploads\/PORTRAIT-SWMW.jpg\" \/>\n<meta name=\"twitter:card\" content=\"summary_large_image\" \/>\n<meta name=\"twitter:label1\" content=\"Dur\u00e9e de lecture estim\u00e9e\" \/>\n\t<meta name=\"twitter:data1\" content=\"4 minutes\" \/>\n<script type=\"application\/ld+json\" class=\"yoast-schema-graph\">{\"@context\":\"https:\\\/\\\/schema.org\",\"@graph\":[{\"@type\":\"WebPage\",\"@id\":\"https:\\\/\\\/kleinerheinperle.ch\\\/fr\\\/portrait\\\/\",\"url\":\"https:\\\/\\\/kleinerheinperle.ch\\\/fr\\\/portrait\\\/\",\"name\":\"Portrait - kleine Rheinperle\",\"isPartOf\":{\"@id\":\"https:\\\/\\\/kleinerheinperle.ch\\\/fr\\\/#website\"},\"primaryImageOfPage\":{\"@id\":\"https:\\\/\\\/kleinerheinperle.ch\\\/fr\\\/portrait\\\/#primaryimage\"},\"image\":{\"@id\":\"https:\\\/\\\/kleinerheinperle.ch\\\/fr\\\/portrait\\\/#primaryimage\"},\"thumbnailUrl\":\"https:\\\/\\\/kleinerheinperle.ch\\\/wp-content\\\/uploads\\\/PORTRAIT-SWMW.jpg\",\"datePublished\":\"2018-07-15T11:09:49+00:00\",\"dateModified\":\"2022-09-10T07:22:42+00:00\",\"description\":\"Cr\u00e9atrice de bijoux avec c\u0153ur et \u00e2me. Nous traitons des pierres pr\u00e9cieuses de toutes sortes et cr\u00e9ons une animation 3D photor\u00e9aliste bas\u00e9e sur la CAO\",\"breadcrumb\":{\"@id\":\"https:\\\/\\\/kleinerheinperle.ch\\\/fr\\\/portrait\\\/#breadcrumb\"},\"inLanguage\":\"fr-FR\",\"potentialAction\":[{\"@type\":\"ReadAction\",\"target\":[\"https:\\\/\\\/kleinerheinperle.ch\\\/fr\\\/portrait\\\/\"]}]},{\"@type\":\"ImageObject\",\"inLanguage\":\"fr-FR\",\"@id\":\"https:\\\/\\\/kleinerheinperle.ch\\\/fr\\\/portrait\\\/#primaryimage\",\"url\":\"https:\\\/\\\/kleinerheinperle.ch\\\/wp-content\\\/uploads\\\/PORTRAIT-SWMW.jpg\",\"contentUrl\":\"https:\\\/\\\/kleinerheinperle.ch\\\/wp-content\\\/uploads\\\/PORTRAIT-SWMW.jpg\"},{\"@type\":\"BreadcrumbList\",\"@id\":\"https:\\\/\\\/kleinerheinperle.ch\\\/fr\\\/portrait\\\/#breadcrumb\",\"itemListElement\":[{\"@type\":\"ListItem\",\"position\":1,\"name\":\"Home\",\"item\":\"https:\\\/\\\/kleinerheinperle.ch\\\/fr\\\/home\\\/\"},{\"@type\":\"ListItem\",\"position\":2,\"name\":\"Portrait\"}]},{\"@type\":\"WebSite\",\"@id\":\"https:\\\/\\\/kleinerheinperle.ch\\\/fr\\\/#website\",\"url\":\"https:\\\/\\\/kleinerheinperle.ch\\\/fr\\\/\",\"name\":\"kleine Rheinperle\",\"description\":\"Ihr Goldschmied in Basel f\u00fcr spezielle Eheringe und individuelle Schmuck-Designs\",\"publisher\":{\"@id\":\"https:\\\/\\\/kleinerheinperle.ch\\\/fr\\\/#organization\"},\"potentialAction\":[{\"@type\":\"SearchAction\",\"target\":{\"@type\":\"EntryPoint\",\"urlTemplate\":\"https:\\\/\\\/kleinerheinperle.ch\\\/fr\\\/?s={search_term_string}\"},\"query-input\":{\"@type\":\"PropertyValueSpecification\",\"valueRequired\":true,\"valueName\":\"search_term_string\"}}],\"inLanguage\":\"fr-FR\"},{\"@type\":\"Organization\",\"@id\":\"https:\\\/\\\/kleinerheinperle.ch\\\/fr\\\/#organization\",\"name\":\"Kleine Rheinperle\",\"url\":\"https:\\\/\\\/kleinerheinperle.ch\\\/fr\\\/\",\"logo\":{\"@type\":\"ImageObject\",\"inLanguage\":\"fr-FR\",\"@id\":\"https:\\\/\\\/kleinerheinperle.ch\\\/fr\\\/#\\\/schema\\\/logo\\\/image\\\/\",\"url\":\"https:\\\/\\\/kleinerheinperle.ch\\\/wp-content\\\/uploads\\\/2025\\\/11\\\/cropped-logo-kleine-Rheinperle-2025-350-1.jpg\",\"contentUrl\":\"https:\\\/\\\/kleinerheinperle.ch\\\/wp-content\\\/uploads\\\/2025\\\/11\\\/cropped-logo-kleine-Rheinperle-2025-350-1.jpg\",\"width\":350,\"height\":350,\"caption\":\"Kleine Rheinperle\"},\"image\":{\"@id\":\"https:\\\/\\\/kleinerheinperle.ch\\\/fr\\\/#\\\/schema\\\/logo\\\/image\\\/\"},\"sameAs\":[\"http:\\\/\\\/www.facebook.com\\\/kleinerheinperle\",\"http:\\\/\\\/www.instagram.com\\\/kleinerheinperle\",\"http:\\\/\\\/www.youtube.com\\\/kleinerheinperle\"]}]}<\/script>\n<!-- \/ Yoast SEO plugin. -->","yoast_head_json":{"title":"Portrait - kleine Rheinperle","description":"Cr\u00e9atrice de bijoux avec c\u0153ur et \u00e2me. Nous traitons des pierres pr\u00e9cieuses de toutes sortes et cr\u00e9ons une animation 3D photor\u00e9aliste bas\u00e9e sur la CAO","robots":{"index":"index","follow":"follow","max-snippet":"max-snippet:-1","max-image-preview":"max-image-preview:large","max-video-preview":"max-video-preview:-1"},"canonical":"https:\/\/kleinerheinperle.ch\/fr\/portrait\/","og_locale":"fr_FR","og_type":"article","og_title":"Portrait - kleine Rheinperle","og_description":"Cr\u00e9atrice de bijoux avec c\u0153ur et \u00e2me. Nous traitons des pierres pr\u00e9cieuses de toutes sortes et cr\u00e9ons une animation 3D photor\u00e9aliste bas\u00e9e sur la CAO","og_url":"https:\/\/kleinerheinperle.ch\/fr\/portrait\/","og_site_name":"kleine Rheinperle","article_publisher":"http:\/\/www.facebook.com\/kleinerheinperle","article_modified_time":"2022-09-10T07:22:42+00:00","og_image":[{"url":"https:\/\/kleinerheinperle.ch\/wp-content\/uploads\/PORTRAIT-SWMW.jpg","type":"","width":"","height":""}],"twitter_card":"summary_large_image","twitter_misc":{"Dur\u00e9e de lecture estim\u00e9e":"4 minutes"},"schema":{"@context":"https:\/\/schema.org","@graph":[{"@type":"WebPage","@id":"https:\/\/kleinerheinperle.ch\/fr\/portrait\/","url":"https:\/\/kleinerheinperle.ch\/fr\/portrait\/","name":"Portrait - kleine Rheinperle","isPartOf":{"@id":"https:\/\/kleinerheinperle.ch\/fr\/#website"},"primaryImageOfPage":{"@id":"https:\/\/kleinerheinperle.ch\/fr\/portrait\/#primaryimage"},"image":{"@id":"https:\/\/kleinerheinperle.ch\/fr\/portrait\/#primaryimage"},"thumbnailUrl":"https:\/\/kleinerheinperle.ch\/wp-content\/uploads\/PORTRAIT-SWMW.jpg","datePublished":"2018-07-15T11:09:49+00:00","dateModified":"2022-09-10T07:22:42+00:00","description":"Cr\u00e9atrice de bijoux avec c\u0153ur et \u00e2me. Nous traitons des pierres pr\u00e9cieuses de toutes sortes et cr\u00e9ons une animation 3D photor\u00e9aliste bas\u00e9e sur la CAO","breadcrumb":{"@id":"https:\/\/kleinerheinperle.ch\/fr\/portrait\/#breadcrumb"},"inLanguage":"fr-FR","potentialAction":[{"@type":"ReadAction","target":["https:\/\/kleinerheinperle.ch\/fr\/portrait\/"]}]},{"@type":"ImageObject","inLanguage":"fr-FR","@id":"https:\/\/kleinerheinperle.ch\/fr\/portrait\/#primaryimage","url":"https:\/\/kleinerheinperle.ch\/wp-content\/uploads\/PORTRAIT-SWMW.jpg","contentUrl":"https:\/\/kleinerheinperle.ch\/wp-content\/uploads\/PORTRAIT-SWMW.jpg"},{"@type":"BreadcrumbList","@id":"https:\/\/kleinerheinperle.ch\/fr\/portrait\/#breadcrumb","itemListElement":[{"@type":"ListItem","position":1,"name":"Home","item":"https:\/\/kleinerheinperle.ch\/fr\/home\/"},{"@type":"ListItem","position":2,"name":"Portrait"}]},{"@type":"WebSite","@id":"https:\/\/kleinerheinperle.ch\/fr\/#website","url":"https:\/\/kleinerheinperle.ch\/fr\/","name":"kleine Rheinperle","description":"Ihr Goldschmied in Basel f\u00fcr spezielle Eheringe und individuelle Schmuck-Designs","publisher":{"@id":"https:\/\/kleinerheinperle.ch\/fr\/#organization"},"potentialAction":[{"@type":"SearchAction","target":{"@type":"EntryPoint","urlTemplate":"https:\/\/kleinerheinperle.ch\/fr\/?s={search_term_string}"},"query-input":{"@type":"PropertyValueSpecification","valueRequired":true,"valueName":"search_term_string"}}],"inLanguage":"fr-FR"},{"@type":"Organization","@id":"https:\/\/kleinerheinperle.ch\/fr\/#organization","name":"Kleine Rheinperle","url":"https:\/\/kleinerheinperle.ch\/fr\/","logo":{"@type":"ImageObject","inLanguage":"fr-FR","@id":"https:\/\/kleinerheinperle.ch\/fr\/#\/schema\/logo\/image\/","url":"https:\/\/kleinerheinperle.ch\/wp-content\/uploads\/2025\/11\/cropped-logo-kleine-Rheinperle-2025-350-1.jpg","contentUrl":"https:\/\/kleinerheinperle.ch\/wp-content\/uploads\/2025\/11\/cropped-logo-kleine-Rheinperle-2025-350-1.jpg","width":350,"height":350,"caption":"Kleine Rheinperle"},"image":{"@id":"https:\/\/kleinerheinperle.ch\/fr\/#\/schema\/logo\/image\/"},"sameAs":["http:\/\/www.facebook.com\/kleinerheinperle","http:\/\/www.instagram.com\/kleinerheinperle","http:\/\/www.youtube.com\/kleinerheinperle"]}]}},"_links":{"self":[{"href":"https:\/\/kleinerheinperle.ch\/fr\/wp-json\/wp\/v2\/pages\/17673","targetHints":{"allow":["GET"]}}],"collection":[{"href":"https:\/\/kleinerheinperle.ch\/fr\/wp-json\/wp\/v2\/pages"}],"about":[{"href":"https:\/\/kleinerheinperle.ch\/fr\/wp-json\/wp\/v2\/types\/page"}],"author":[{"embeddable":true,"href":"https:\/\/kleinerheinperle.ch\/fr\/wp-json\/wp\/v2\/users\/2"}],"replies":[{"embeddable":true,"href":"https:\/\/kleinerheinperle.ch\/fr\/wp-json\/wp\/v2\/comments?post=17673"}],"version-history":[{"count":1,"href":"https:\/\/kleinerheinperle.ch\/fr\/wp-json\/wp\/v2\/pages\/17673\/revisions"}],"predecessor-version":[{"id":17674,"href":"https:\/\/kleinerheinperle.ch\/fr\/wp-json\/wp\/v2\/pages\/17673\/revisions\/17674"}],"wp:attachment":[{"href":"https:\/\/kleinerheinperle.ch\/fr\/wp-json\/wp\/v2\/media?parent=17673"}],"curies":[{"name":"wp","href":"https:\/\/api.w.org\/{rel}","templated":true}]}}