{"id":17560,"date":"2018-07-21T16:56:32","date_gmt":"2018-07-21T14:56:32","guid":{"rendered":"https:\/\/kleinerheinperle.ch\/durabilite\/"},"modified":"2022-09-09T08:04:07","modified_gmt":"2022-09-09T06:04:07","slug":"durabilite","status":"publish","type":"page","link":"https:\/\/kleinerheinperle.ch\/fr\/sujets\/durabilite\/","title":{"rendered":"durabilit\u00e9"},"content":{"rendered":"<div class=\"wpb-content-wrapper\"><p>[vc_row parallax=&#8221;content-moving-fade&#8221; css=&#8221;.vc_custom_1532519176579{background-position: center;background-repeat: no-repeat;background-size:cover;}&#8221;][vc_column][vc_column_text]<div class=\"breadcrumb\" itemprop=\"breadcrumb\"><span><span><a href=\"https:\/\/kleinerheinperle.ch\/fr\/home\/\">Home<\/a><\/span><\/span><\/div>[\/vc_column_text][\/vc_column][\/vc_row][vc_row][vc_column][vc_row_inner][vc_column_inner][vc_column_text]<\/p>\n<h1 style=\"text-align: center;\">Des bijoux durables avec de l&#8217;or \u00e9quitable<\/h1>\n<p>[\/vc_column_text][\/vc_column_inner][\/vc_row_inner][vc_column_text]<\/p>\n<h2 class=\"paragraph_style\" style=\"text-align: center;\">L&#8217;or d&#8217;origine responsable, n\u00e9goci\u00e9 de mani\u00e8re \u00e9thique et trait\u00e9 avec soin apporte plus de joie !<\/h2>\n<p>[\/vc_column_text][\/vc_column][\/vc_row][vc_row][vc_column][vc_column_text]<\/p>\n<h3>C&#8217;est ainsi que nos bijoux prot\u00e8gent les ressources de notre plan\u00e8te<\/h3>\n<p>Depuis 2015, nous sommes le 1er orf\u00e8vre \u00e0 B\u00e2le \u00e0 traiter des m\u00e9taux pr\u00e9cieux trait\u00e9s de mani\u00e8re \u00e9cologique. Nous garantissons ainsi un commerce \u00e9thiquement correct et une extraction durable des m\u00e9taux pr\u00e9cieux : Notre or, argent, platine, palladium et aussi le cuivre en tant que m\u00e9tal d&#8217;alliage ne proviennent pas d&#8217;une mine, qui est connue pour causer des dommages constants aux personnes et \u00e0 l&#8217;environnement. Nous obtenons notre or d&#8217;une raffinerie suisse, qui le traite \u00e0 partir de z\u00e9ro, par exemple \u00e0 partir de r\u00e9sidus de traitement ou d&#8217;or ancien. L&#8217;or, le platine, l&#8217;argent ou le palladium de votre bijou sont garantis provenir de sources inoffensives \u00e9loign\u00e9es des r\u00e9gions en conflit. L&#8217;extraction de ces m\u00e9taux pr\u00e9cieux est durable pour l&#8217;environnement et prot\u00e8ge les ressources naturelles.[\/vc_column_text][\/vc_column][\/vc_row][vc_row][vc_column width=&#8221;2\/3&#8243;][vc_column_text]<\/p>\n<h2 class=\"paragraph_style_3\">Fait \u00e0 la main &#8220;Swiss made&#8221;<\/h2>\n<p class=\"paragraph_style_3\">La petite perle du Rhin vous garantit que les m\u00e9taux pr\u00e9cieux de votre bijou proviennent tous de sources s\u00fbres. Pour l&#8217;homme et l&#8217;environnement. Vos bijoux sont fabriqu\u00e9s par notre petite entreprise familiale dans notre atelier suisse &#8211; dans des conditions \u00e9thiquement et socialement irr\u00e9prochables.<\/p>\n<h2>Nos pierres pr\u00e9cieuses sont \u00e9galement \u00e9cologiquement durables<\/h2>\n<h3>Diamants<\/h3>\n<p>Dans les m\u00e9dias, on lit encore et encore sur les diamants du sang des pays africains en guerre civile ou ceux utilis\u00e9s pour financer le terrorisme. Nous obtenons nos diamants exclusivement de sources 100% fiables. Nos fournisseurs de longue date nous garantissent que tous les diamants sont commercialis\u00e9s de mani\u00e8re \u00e9thique et garantis sans conflit. Ainsi, vous pouvez profiter de vos diamants dans vos alliances en toute bonne conscience, sachant que les pierres pr\u00e9cieuses et les m\u00e9taux pr\u00e9cieux de vos bijoux sont issus d&#8217;un commerce \u00e9quitable.<\/p>\n<p>&nbsp;<\/p>\n<h3>Exploitation mini\u00e8re verte &#8211; Green mining<\/h3>\n<p>Nous avons \u00e9t\u00e9 les premiers orf\u00e8vres de B\u00e2le \u00e0 inclure les pierres pr\u00e9cieuses <a href=\"https:\/\/kleinerheinperle.ch\/themen\/green-mining\/\">Green Mining<\/a> dans notre gamme. Celles-ci se caract\u00e9risent par une d\u00e9gradation douce : elles ne sont ni souffl\u00e9es, ni produits chimiques n\u00e9cessaires \u00e0 la d\u00e9gradation ou lib\u00e9r\u00e9es. Les grands arbres sont \u00e9pargn\u00e9s et la zone mini\u00e8re est alors rebois\u00e9e. Cela rend ces joyaux encore plus pr\u00e9cieux !<\/p>\n<p>&nbsp;<\/p>\n<p><a class=\"button\" href=\"https:\/\/kleinerheinperle.ch\/themen\/green-mining\/\">Suite<\/a>[\/vc_column_text][\/vc_column][vc_column width=&#8221;1\/3&#8243;][vc_column_text]<img loading=\"lazy\" decoding=\"async\" class=\"alignnone wp-image-4130\" src=\"https:\/\/kleinerheinperle.ch\/wp-content\/uploads\/HWB_32Perle_20101115_111.jpg\" alt=\"kleine-Rheinperle-Basel-Schweizer-Handarbeit\" width=\"400\" height=\"600\" \/><\/p>\n<p><img loading=\"lazy\" decoding=\"async\" class=\"alignnone wp-image-3988\" src=\"https:\/\/kleinerheinperle.ch\/wp-content\/uploads\/green-mining2-kleine-rheinperle-basel.jpg\" alt=\"green-mining2-kleine-rheinperle-basel\" width=\"400\" height=\"400\" srcset=\"https:\/\/kleinerheinperle.ch\/wp-content\/uploads\/green-mining2-kleine-rheinperle-basel.jpg 1133w, https:\/\/kleinerheinperle.ch\/wp-content\/uploads\/green-mining2-kleine-rheinperle-basel-150x150.jpg 150w, https:\/\/kleinerheinperle.ch\/wp-content\/uploads\/green-mining2-kleine-rheinperle-basel-300x300.jpg 300w, https:\/\/kleinerheinperle.ch\/wp-content\/uploads\/green-mining2-kleine-rheinperle-basel-768x768.jpg 768w, https:\/\/kleinerheinperle.ch\/wp-content\/uploads\/green-mining2-kleine-rheinperle-basel-1024x1024.jpg 1024w\" sizes=\"auto, (max-width: 400px) 100vw, 400px\" \/>[\/vc_column_text][\/vc_column][\/vc_row]<\/p>\n<\/div>","protected":false},"excerpt":{"rendered":"<p>[vc_row parallax=&#8221;content-moving-fade&#8221; css=&#8221;.vc_custom_1532519176579{background-position: center;background-repeat: no-repeat;background-size:cover;}&#8221;][vc_column][vc_column_text][\/vc_column_text][\/vc_column][\/vc_row][vc_row][vc_column][vc_row_inner][vc_column_inner][vc_column_text] Des bijoux durables avec de l&#8217;or \u00e9quitable [\/vc_column_text][\/vc_column_inner][\/vc_row_inner][vc_column_text] L&#8217;or d&#8217;origine responsable, n\u00e9goci\u00e9 de mani\u00e8re \u00e9thique et trait\u00e9 avec soin apporte plus de joie ! [\/vc_column_text][\/vc_column][\/vc_row][vc_row][vc_column][vc_column_text] C&#8217;est ainsi que nos bijoux prot\u00e8gent les ressources de notre plan\u00e8te Depuis 2015, nous sommes le 1er orf\u00e8vre \u00e0 B\u00e2le \u00e0 traiter des m\u00e9taux pr\u00e9cieux &#8230; <a title=\"durabilit\u00e9\" class=\"read-more\" href=\"https:\/\/kleinerheinperle.ch\/fr\/sujets\/durabilite\/\" aria-label=\"En savoir plus sur durabilit\u00e9\">Lire la suite<\/a><\/p>\n","protected":false},"author":2,"featured_media":0,"parent":17634,"menu_order":0,"comment_status":"closed","ping_status":"closed","template":"","meta":{"footnotes":""},"class_list":["post-17560","page","type-page","status-publish"],"yoast_head":"<!-- This site is optimized with the Yoast SEO plugin v27.4 - https:\/\/yoast.com\/product\/yoast-seo-wordpress\/ -->\n<title>durabilit\u00e9 - kleine Rheinperle<\/title>\n<meta name=\"robots\" content=\"index, follow, max-snippet:-1, max-image-preview:large, max-video-preview:-1\" \/>\n<link rel=\"canonical\" href=\"https:\/\/kleinerheinperle.ch\/fr\/sujets\/durabilite\/\" \/>\n<meta property=\"og:locale\" content=\"fr_FR\" \/>\n<meta property=\"og:type\" content=\"article\" \/>\n<meta property=\"og:title\" content=\"durabilit\u00e9 - kleine Rheinperle\" \/>\n<meta property=\"og:description\" content=\"[vc_row parallax=&#8221;content-moving-fade&#8221; css=&#8221;.vc_custom_1532519176579{background-position: center;background-repeat: no-repeat;background-size:cover;}&#8221;][vc_column][vc_column_text][\/vc_column_text][\/vc_column][\/vc_row][vc_row][vc_column][vc_row_inner][vc_column_inner][vc_column_text] Des bijoux durables avec de l&#8217;or \u00e9quitable [\/vc_column_text][\/vc_column_inner][\/vc_row_inner][vc_column_text] L&#8217;or d&#8217;origine responsable, n\u00e9goci\u00e9 de mani\u00e8re \u00e9thique et trait\u00e9 avec soin apporte plus de joie ! [\/vc_column_text][\/vc_column][\/vc_row][vc_row][vc_column][vc_column_text] C&#8217;est ainsi que nos bijoux prot\u00e8gent les ressources de notre plan\u00e8te Depuis 2015, nous sommes le 1er orf\u00e8vre \u00e0 B\u00e2le \u00e0 traiter des m\u00e9taux pr\u00e9cieux ... Lire la suite\" \/>\n<meta property=\"og:url\" content=\"https:\/\/kleinerheinperle.ch\/fr\/sujets\/durabilite\/\" \/>\n<meta property=\"og:site_name\" content=\"kleine Rheinperle\" \/>\n<meta property=\"article:publisher\" content=\"http:\/\/www.facebook.com\/kleinerheinperle\" \/>\n<meta property=\"article:modified_time\" content=\"2022-09-09T06:04:07+00:00\" \/>\n<meta property=\"og:image\" content=\"https:\/\/kleinerheinperle.ch\/wp-content\/uploads\/HWB_32Perle_20101115_111.jpg\" \/>\n<meta name=\"twitter:card\" content=\"summary_large_image\" \/>\n<meta name=\"twitter:label1\" content=\"Dur\u00e9e de lecture estim\u00e9e\" \/>\n\t<meta name=\"twitter:data1\" content=\"3 minutes\" \/>\n<script type=\"application\/ld+json\" class=\"yoast-schema-graph\">{\"@context\":\"https:\\\/\\\/schema.org\",\"@graph\":[{\"@type\":\"WebPage\",\"@id\":\"https:\\\/\\\/kleinerheinperle.ch\\\/fr\\\/sujets\\\/durabilite\\\/\",\"url\":\"https:\\\/\\\/kleinerheinperle.ch\\\/fr\\\/sujets\\\/durabilite\\\/\",\"name\":\"durabilit\u00e9 - kleine Rheinperle\",\"isPartOf\":{\"@id\":\"https:\\\/\\\/kleinerheinperle.ch\\\/fr\\\/#website\"},\"primaryImageOfPage\":{\"@id\":\"https:\\\/\\\/kleinerheinperle.ch\\\/fr\\\/sujets\\\/durabilite\\\/#primaryimage\"},\"image\":{\"@id\":\"https:\\\/\\\/kleinerheinperle.ch\\\/fr\\\/sujets\\\/durabilite\\\/#primaryimage\"},\"thumbnailUrl\":\"https:\\\/\\\/kleinerheinperle.ch\\\/wp-content\\\/uploads\\\/HWB_32Perle_20101115_111.jpg\",\"datePublished\":\"2018-07-21T14:56:32+00:00\",\"dateModified\":\"2022-09-09T06:04:07+00:00\",\"breadcrumb\":{\"@id\":\"https:\\\/\\\/kleinerheinperle.ch\\\/fr\\\/sujets\\\/durabilite\\\/#breadcrumb\"},\"inLanguage\":\"fr-FR\",\"potentialAction\":[{\"@type\":\"ReadAction\",\"target\":[\"https:\\\/\\\/kleinerheinperle.ch\\\/fr\\\/sujets\\\/durabilite\\\/\"]}]},{\"@type\":\"ImageObject\",\"inLanguage\":\"fr-FR\",\"@id\":\"https:\\\/\\\/kleinerheinperle.ch\\\/fr\\\/sujets\\\/durabilite\\\/#primaryimage\",\"url\":\"https:\\\/\\\/kleinerheinperle.ch\\\/wp-content\\\/uploads\\\/HWB_32Perle_20101115_111.jpg\",\"contentUrl\":\"https:\\\/\\\/kleinerheinperle.ch\\\/wp-content\\\/uploads\\\/HWB_32Perle_20101115_111.jpg\"},{\"@type\":\"BreadcrumbList\",\"@id\":\"https:\\\/\\\/kleinerheinperle.ch\\\/fr\\\/sujets\\\/durabilite\\\/#breadcrumb\",\"itemListElement\":[{\"@type\":\"ListItem\",\"position\":1,\"name\":\"Home\",\"item\":\"https:\\\/\\\/kleinerheinperle.ch\\\/fr\\\/home\\\/\"},{\"@type\":\"ListItem\",\"position\":2,\"name\":\"durabilit\u00e9\"}]},{\"@type\":\"WebSite\",\"@id\":\"https:\\\/\\\/kleinerheinperle.ch\\\/fr\\\/#website\",\"url\":\"https:\\\/\\\/kleinerheinperle.ch\\\/fr\\\/\",\"name\":\"kleine Rheinperle\",\"description\":\"Ihr Goldschmied in Basel f\u00fcr spezielle Eheringe und individuelle Schmuck-Designs\",\"publisher\":{\"@id\":\"https:\\\/\\\/kleinerheinperle.ch\\\/fr\\\/#organization\"},\"potentialAction\":[{\"@type\":\"SearchAction\",\"target\":{\"@type\":\"EntryPoint\",\"urlTemplate\":\"https:\\\/\\\/kleinerheinperle.ch\\\/fr\\\/?s={search_term_string}\"},\"query-input\":{\"@type\":\"PropertyValueSpecification\",\"valueRequired\":true,\"valueName\":\"search_term_string\"}}],\"inLanguage\":\"fr-FR\"},{\"@type\":\"Organization\",\"@id\":\"https:\\\/\\\/kleinerheinperle.ch\\\/fr\\\/#organization\",\"name\":\"Kleine Rheinperle\",\"url\":\"https:\\\/\\\/kleinerheinperle.ch\\\/fr\\\/\",\"logo\":{\"@type\":\"ImageObject\",\"inLanguage\":\"fr-FR\",\"@id\":\"https:\\\/\\\/kleinerheinperle.ch\\\/fr\\\/#\\\/schema\\\/logo\\\/image\\\/\",\"url\":\"https:\\\/\\\/kleinerheinperle.ch\\\/wp-content\\\/uploads\\\/2025\\\/11\\\/cropped-logo-kleine-Rheinperle-2025-350-1.jpg\",\"contentUrl\":\"https:\\\/\\\/kleinerheinperle.ch\\\/wp-content\\\/uploads\\\/2025\\\/11\\\/cropped-logo-kleine-Rheinperle-2025-350-1.jpg\",\"width\":350,\"height\":350,\"caption\":\"Kleine Rheinperle\"},\"image\":{\"@id\":\"https:\\\/\\\/kleinerheinperle.ch\\\/fr\\\/#\\\/schema\\\/logo\\\/image\\\/\"},\"sameAs\":[\"http:\\\/\\\/www.facebook.com\\\/kleinerheinperle\",\"http:\\\/\\\/www.instagram.com\\\/kleinerheinperle\",\"http:\\\/\\\/www.youtube.com\\\/kleinerheinperle\"]}]}<\/script>\n<!-- \/ Yoast SEO plugin. -->","yoast_head_json":{"title":"durabilit\u00e9 - kleine Rheinperle","robots":{"index":"index","follow":"follow","max-snippet":"max-snippet:-1","max-image-preview":"max-image-preview:large","max-video-preview":"max-video-preview:-1"},"canonical":"https:\/\/kleinerheinperle.ch\/fr\/sujets\/durabilite\/","og_locale":"fr_FR","og_type":"article","og_title":"durabilit\u00e9 - kleine Rheinperle","og_description":"[vc_row parallax=&#8221;content-moving-fade&#8221; css=&#8221;.vc_custom_1532519176579{background-position: center;background-repeat: no-repeat;background-size:cover;}&#8221;][vc_column][vc_column_text][\/vc_column_text][\/vc_column][\/vc_row][vc_row][vc_column][vc_row_inner][vc_column_inner][vc_column_text] Des bijoux durables avec de l&#8217;or \u00e9quitable [\/vc_column_text][\/vc_column_inner][\/vc_row_inner][vc_column_text] L&#8217;or d&#8217;origine responsable, n\u00e9goci\u00e9 de mani\u00e8re \u00e9thique et trait\u00e9 avec soin apporte plus de joie ! [\/vc_column_text][\/vc_column][\/vc_row][vc_row][vc_column][vc_column_text] C&#8217;est ainsi que nos bijoux prot\u00e8gent les ressources de notre plan\u00e8te Depuis 2015, nous sommes le 1er orf\u00e8vre \u00e0 B\u00e2le \u00e0 traiter des m\u00e9taux pr\u00e9cieux ... Lire la suite","og_url":"https:\/\/kleinerheinperle.ch\/fr\/sujets\/durabilite\/","og_site_name":"kleine Rheinperle","article_publisher":"http:\/\/www.facebook.com\/kleinerheinperle","article_modified_time":"2022-09-09T06:04:07+00:00","og_image":[{"url":"https:\/\/kleinerheinperle.ch\/wp-content\/uploads\/HWB_32Perle_20101115_111.jpg","type":"","width":"","height":""}],"twitter_card":"summary_large_image","twitter_misc":{"Dur\u00e9e de lecture estim\u00e9e":"3 minutes"},"schema":{"@context":"https:\/\/schema.org","@graph":[{"@type":"WebPage","@id":"https:\/\/kleinerheinperle.ch\/fr\/sujets\/durabilite\/","url":"https:\/\/kleinerheinperle.ch\/fr\/sujets\/durabilite\/","name":"durabilit\u00e9 - kleine Rheinperle","isPartOf":{"@id":"https:\/\/kleinerheinperle.ch\/fr\/#website"},"primaryImageOfPage":{"@id":"https:\/\/kleinerheinperle.ch\/fr\/sujets\/durabilite\/#primaryimage"},"image":{"@id":"https:\/\/kleinerheinperle.ch\/fr\/sujets\/durabilite\/#primaryimage"},"thumbnailUrl":"https:\/\/kleinerheinperle.ch\/wp-content\/uploads\/HWB_32Perle_20101115_111.jpg","datePublished":"2018-07-21T14:56:32+00:00","dateModified":"2022-09-09T06:04:07+00:00","breadcrumb":{"@id":"https:\/\/kleinerheinperle.ch\/fr\/sujets\/durabilite\/#breadcrumb"},"inLanguage":"fr-FR","potentialAction":[{"@type":"ReadAction","target":["https:\/\/kleinerheinperle.ch\/fr\/sujets\/durabilite\/"]}]},{"@type":"ImageObject","inLanguage":"fr-FR","@id":"https:\/\/kleinerheinperle.ch\/fr\/sujets\/durabilite\/#primaryimage","url":"https:\/\/kleinerheinperle.ch\/wp-content\/uploads\/HWB_32Perle_20101115_111.jpg","contentUrl":"https:\/\/kleinerheinperle.ch\/wp-content\/uploads\/HWB_32Perle_20101115_111.jpg"},{"@type":"BreadcrumbList","@id":"https:\/\/kleinerheinperle.ch\/fr\/sujets\/durabilite\/#breadcrumb","itemListElement":[{"@type":"ListItem","position":1,"name":"Home","item":"https:\/\/kleinerheinperle.ch\/fr\/home\/"},{"@type":"ListItem","position":2,"name":"durabilit\u00e9"}]},{"@type":"WebSite","@id":"https:\/\/kleinerheinperle.ch\/fr\/#website","url":"https:\/\/kleinerheinperle.ch\/fr\/","name":"kleine Rheinperle","description":"Ihr Goldschmied in Basel f\u00fcr spezielle Eheringe und individuelle Schmuck-Designs","publisher":{"@id":"https:\/\/kleinerheinperle.ch\/fr\/#organization"},"potentialAction":[{"@type":"SearchAction","target":{"@type":"EntryPoint","urlTemplate":"https:\/\/kleinerheinperle.ch\/fr\/?s={search_term_string}"},"query-input":{"@type":"PropertyValueSpecification","valueRequired":true,"valueName":"search_term_string"}}],"inLanguage":"fr-FR"},{"@type":"Organization","@id":"https:\/\/kleinerheinperle.ch\/fr\/#organization","name":"Kleine Rheinperle","url":"https:\/\/kleinerheinperle.ch\/fr\/","logo":{"@type":"ImageObject","inLanguage":"fr-FR","@id":"https:\/\/kleinerheinperle.ch\/fr\/#\/schema\/logo\/image\/","url":"https:\/\/kleinerheinperle.ch\/wp-content\/uploads\/2025\/11\/cropped-logo-kleine-Rheinperle-2025-350-1.jpg","contentUrl":"https:\/\/kleinerheinperle.ch\/wp-content\/uploads\/2025\/11\/cropped-logo-kleine-Rheinperle-2025-350-1.jpg","width":350,"height":350,"caption":"Kleine Rheinperle"},"image":{"@id":"https:\/\/kleinerheinperle.ch\/fr\/#\/schema\/logo\/image\/"},"sameAs":["http:\/\/www.facebook.com\/kleinerheinperle","http:\/\/www.instagram.com\/kleinerheinperle","http:\/\/www.youtube.com\/kleinerheinperle"]}]}},"_links":{"self":[{"href":"https:\/\/kleinerheinperle.ch\/fr\/wp-json\/wp\/v2\/pages\/17560","targetHints":{"allow":["GET"]}}],"collection":[{"href":"https:\/\/kleinerheinperle.ch\/fr\/wp-json\/wp\/v2\/pages"}],"about":[{"href":"https:\/\/kleinerheinperle.ch\/fr\/wp-json\/wp\/v2\/types\/page"}],"author":[{"embeddable":true,"href":"https:\/\/kleinerheinperle.ch\/fr\/wp-json\/wp\/v2\/users\/2"}],"replies":[{"embeddable":true,"href":"https:\/\/kleinerheinperle.ch\/fr\/wp-json\/wp\/v2\/comments?post=17560"}],"version-history":[{"count":3,"href":"https:\/\/kleinerheinperle.ch\/fr\/wp-json\/wp\/v2\/pages\/17560\/revisions"}],"predecessor-version":[{"id":17565,"href":"https:\/\/kleinerheinperle.ch\/fr\/wp-json\/wp\/v2\/pages\/17560\/revisions\/17565"}],"up":[{"embeddable":true,"href":"https:\/\/kleinerheinperle.ch\/fr\/wp-json\/wp\/v2\/pages\/17634"}],"wp:attachment":[{"href":"https:\/\/kleinerheinperle.ch\/fr\/wp-json\/wp\/v2\/media?parent=17560"}],"curies":[{"name":"wp","href":"https:\/\/api.w.org\/{rel}","templated":true}]}}