{"id":17516,"date":"2018-07-27T10:55:51","date_gmt":"2018-07-27T08:55:51","guid":{"rendered":"https:\/\/kleinerheinperle.ch\/produits\/"},"modified":"2022-09-09T05:54:13","modified_gmt":"2022-09-09T03:54:13","slug":"produits","status":"publish","type":"page","link":"https:\/\/kleinerheinperle.ch\/fr\/produits\/","title":{"rendered":"Produits"},"content":{"rendered":"<div class=\"wpb-content-wrapper\"><p>[vc_row][vc_column][vc_empty_space height=&#8221;20px&#8221;][vc_column_text]<div class=\"breadcrumb\" itemprop=\"breadcrumb\"><span><span><a href=\"https:\/\/kleinerheinperle.ch\/fr\/home\/\">Home<\/a><\/span><\/span><\/div>[\/vc_column_text][vc_column_text]<\/p>\n<div class=\"annot\">\n<div class=\"row-main\">\n<div class=\"text\">\n<h1 style=\"text-align: center;\">La plus large gamme de bijoux \u00e0 B\u00e2le<\/h1>\n<h2 class=\"big\" style=\"text-align: center;\">En savoir plus sur nos produits, mat\u00e9riaux et domaines d&#8217;int\u00e9r\u00eat<\/h2>\n<\/div>\n<\/div>\n<\/div>\n<p>[\/vc_column_text][\/vc_column][\/vc_row][vc_row][vc_column width=&#8221;1\/3&#8243;][vc_column_text]<\/p>\n<h2 style=\"text-align: center;\"><a href=\"https:\/\/kleinerheinperle.ch\/fr\/anneaux-de-mariage\/\">Anneaux de mariage<\/a><\/h2>\n<p style=\"text-align: center;\"><a href=\"https:\/\/kleinerheinperle.ch\/fr\/anneaux-de-mariage\/\"><img loading=\"lazy\" decoding=\"async\" class=\"size-medium wp-image-5324\" src=\"https:\/\/kleinerheinperle.ch\/wp-content\/uploads\/rizzyBL-300x300.jpg\" alt=\"RetinaRingeVerlaufBrillanten\" width=\"300\" height=\"300\" srcset=\"https:\/\/kleinerheinperle.ch\/wp-content\/uploads\/rizzyBL-300x300.jpg 300w, https:\/\/kleinerheinperle.ch\/wp-content\/uploads\/rizzyBL-150x150.jpg 150w, https:\/\/kleinerheinperle.ch\/wp-content\/uploads\/rizzyBL-768x768.jpg 768w, https:\/\/kleinerheinperle.ch\/wp-content\/uploads\/rizzyBL-80x80.jpg 80w, https:\/\/kleinerheinperle.ch\/wp-content\/uploads\/rizzyBL-700x700.jpg 700w, https:\/\/kleinerheinperle.ch\/wp-content\/uploads\/rizzyBL-620x620.jpg 620w, https:\/\/kleinerheinperle.ch\/wp-content\/uploads\/rizzyBL-400x400.jpg 400w, https:\/\/kleinerheinperle.ch\/wp-content\/uploads\/rizzyBL.jpg 987w\" sizes=\"auto, (max-width: 300px) 100vw, 300px\" \/><\/a><\/p>\n<p>[\/vc_column_text][\/vc_column][vc_column width=&#8221;1\/3&#8243;][vc_column_text]<\/p>\n<h2 style=\"text-align: center;\"><a href=\"https:\/\/kleinerheinperle.ch\/produkte\/verlobungsringe\/\">Bagues de fian\u00e7ailles<\/a><\/h2>\n<p style=\"text-align: center;\"><a href=\"https:\/\/kleinerheinperle.ch\/produkte\/verlobungsringe\/\"><img loading=\"lazy\" decoding=\"async\" class=\"aligncenter size-medium wp-image-5069\" src=\"https:\/\/kleinerheinperle.ch\/wp-content\/uploads\/Verlobungsring_Embraced_950-Platin_Brillant_lupenrein_Goldschmiede_kleineRheinperle_Basel-300x300.jpg\" alt=\"Verlobungsring_Embraced_950-Platin_Brillant_lupenrein_Goldschmiede_kleineRheinperle_Basel\" width=\"300\" height=\"300\" srcset=\"https:\/\/kleinerheinperle.ch\/wp-content\/uploads\/Verlobungsring_Embraced_950-Platin_Brillant_lupenrein_Goldschmiede_kleineRheinperle_Basel-300x300.jpg 300w, https:\/\/kleinerheinperle.ch\/wp-content\/uploads\/Verlobungsring_Embraced_950-Platin_Brillant_lupenrein_Goldschmiede_kleineRheinperle_Basel-150x150.jpg 150w, https:\/\/kleinerheinperle.ch\/wp-content\/uploads\/Verlobungsring_Embraced_950-Platin_Brillant_lupenrein_Goldschmiede_kleineRheinperle_Basel-768x768.jpg 768w, https:\/\/kleinerheinperle.ch\/wp-content\/uploads\/Verlobungsring_Embraced_950-Platin_Brillant_lupenrein_Goldschmiede_kleineRheinperle_Basel-1024x1024.jpg 1024w, https:\/\/kleinerheinperle.ch\/wp-content\/uploads\/Verlobungsring_Embraced_950-Platin_Brillant_lupenrein_Goldschmiede_kleineRheinperle_Basel.jpg 1343w\" sizes=\"auto, (max-width: 300px) 100vw, 300px\" \/><\/a><\/p>\n<p>[\/vc_column_text][\/vc_column][vc_column width=&#8221;1\/3&#8243;][vc_column_text]<\/p>\n<h2 style=\"text-align: center;\"><a href=\"https:\/\/kleinerheinperle.ch\/produkte\/unikatringe\/\">Bagues uniques<\/a><\/h2>\n<p><a href=\"https:\/\/kleinerheinperle.ch\/produkte\/unikatringe\/\"><img loading=\"lazy\" decoding=\"async\" class=\"size-medium wp-image-14626 aligncenter\" src=\"https:\/\/kleinerheinperle.ch\/wp-content\/uploads\/2020\/05\/Rotgold-Tahitiperlenring3-300x300.jpg\" alt=\"\" width=\"300\" height=\"300\" srcset=\"https:\/\/kleinerheinperle.ch\/wp-content\/uploads\/2020\/05\/Rotgold-Tahitiperlenring3-300x300.jpg 300w, https:\/\/kleinerheinperle.ch\/wp-content\/uploads\/2020\/05\/Rotgold-Tahitiperlenring3-1024x1024.jpg 1024w, https:\/\/kleinerheinperle.ch\/wp-content\/uploads\/2020\/05\/Rotgold-Tahitiperlenring3-150x150.jpg 150w, https:\/\/kleinerheinperle.ch\/wp-content\/uploads\/2020\/05\/Rotgold-Tahitiperlenring3-768x768.jpg 768w, https:\/\/kleinerheinperle.ch\/wp-content\/uploads\/2020\/05\/Rotgold-Tahitiperlenring3-700x700.jpg 700w, https:\/\/kleinerheinperle.ch\/wp-content\/uploads\/2020\/05\/Rotgold-Tahitiperlenring3-620x620.jpg 620w, https:\/\/kleinerheinperle.ch\/wp-content\/uploads\/2020\/05\/Rotgold-Tahitiperlenring3-400x400.jpg 400w, https:\/\/kleinerheinperle.ch\/wp-content\/uploads\/2020\/05\/Rotgold-Tahitiperlenring3-80x80.jpg 80w, https:\/\/kleinerheinperle.ch\/wp-content\/uploads\/2020\/05\/Rotgold-Tahitiperlenring3.jpg 1345w\" sizes=\"auto, (max-width: 300px) 100vw, 300px\" \/><\/a>[\/vc_column_text][\/vc_column][\/vc_row][vc_row][vc_column width=&#8221;1\/3&#8243;][vc_column_text]<\/p>\n<h2 style=\"text-align: center;\"><a href=\"https:\/\/kleinerheinperle.ch\/produkte\/halsschmuck\/\">Colliers<\/a><\/h2>\n<p style=\"text-align: center;\"><a href=\"https:\/\/kleinerheinperle.ch\/produkte\/halsschmuck\/\"><img loading=\"lazy\" decoding=\"async\" class=\"size-medium wp-image-14699 aligncenter\" src=\"https:\/\/kleinerheinperle.ch\/wp-content\/uploads\/2020\/05\/TurmalinWeissgoldAnhaengerBrillantRechteckig-scaled-e1590338716669-300x300.jpeg\" alt=\"TurmalinWeissgoldAnhaengerBrillantRechteckig\" width=\"300\" height=\"300\" srcset=\"https:\/\/kleinerheinperle.ch\/wp-content\/uploads\/2020\/05\/TurmalinWeissgoldAnhaengerBrillantRechteckig-scaled-e1590338716669-300x300.jpeg 300w, https:\/\/kleinerheinperle.ch\/wp-content\/uploads\/2020\/05\/TurmalinWeissgoldAnhaengerBrillantRechteckig-scaled-e1590338716669-1024x1024.jpeg 1024w, https:\/\/kleinerheinperle.ch\/wp-content\/uploads\/2020\/05\/TurmalinWeissgoldAnhaengerBrillantRechteckig-scaled-e1590338716669-150x150.jpeg 150w, https:\/\/kleinerheinperle.ch\/wp-content\/uploads\/2020\/05\/TurmalinWeissgoldAnhaengerBrillantRechteckig-scaled-e1590338716669-768x768.jpeg 768w, https:\/\/kleinerheinperle.ch\/wp-content\/uploads\/2020\/05\/TurmalinWeissgoldAnhaengerBrillantRechteckig-scaled-e1590338716669.jpeg 1395w\" sizes=\"auto, (max-width: 300px) 100vw, 300px\" \/><\/a><\/p>\n<p>[\/vc_column_text][\/vc_column][vc_column width=&#8221;1\/3&#8243;][vc_column_text]<\/p>\n<h2 style=\"text-align: center;\"><a href=\"https:\/\/kleinerheinperle.ch\/produkte\/ohrschmuck\/\">Boucles d&#8217;oreilles<\/a><\/h2>\n<p style=\"text-align: center;\"><a href=\"https:\/\/kleinerheinperle.ch\/produkte\/ohrschmuck\/\"><img loading=\"lazy\" decoding=\"async\" class=\"size-medium wp-image-14697 aligncenter\" src=\"https:\/\/kleinerheinperle.ch\/wp-content\/uploads\/2020\/05\/rVKa37Sw-scaled-e1590338866639-300x300.jpeg\" alt=\"Labradorit Ohrringe goldschmiede-wacha-kleine-rheinperle-handgefertigt-weissgold-platin-unikat\" width=\"300\" height=\"300\" srcset=\"https:\/\/kleinerheinperle.ch\/wp-content\/uploads\/2020\/05\/rVKa37Sw-scaled-e1590338866639-300x300.jpeg 300w, https:\/\/kleinerheinperle.ch\/wp-content\/uploads\/2020\/05\/rVKa37Sw-scaled-e1590338866639-1024x1024.jpeg 1024w, https:\/\/kleinerheinperle.ch\/wp-content\/uploads\/2020\/05\/rVKa37Sw-scaled-e1590338866639-150x150.jpeg 150w, https:\/\/kleinerheinperle.ch\/wp-content\/uploads\/2020\/05\/rVKa37Sw-scaled-e1590338866639-768x768.jpeg 768w, https:\/\/kleinerheinperle.ch\/wp-content\/uploads\/2020\/05\/rVKa37Sw-scaled-e1590338866639.jpeg 1401w\" sizes=\"auto, (max-width: 300px) 100vw, 300px\" \/><\/a><\/p>\n<p>[\/vc_column_text][\/vc_column][vc_column width=&#8221;1\/3&#8243;][vc_column_text]<\/p>\n<h2 style=\"text-align: center;\"><a href=\"https:\/\/kleinerheinperle.ch\/produkte\/armschmuck\/\">Bracelets<\/a><\/h2>\n<p><a href=\"https:\/\/kleinerheinperle.ch\/produkte\/armschmuck\/\"><img loading=\"lazy\" decoding=\"async\" class=\"size-medium wp-image-5317 aligncenter\" src=\"https:\/\/kleinerheinperle.ch\/wp-content\/uploads\/armreifBL-e1590339573633-300x300.jpg\" alt=\"armreif-retina-goldschmied-basel-unikat-gold-armspange-brillanten\" width=\"300\" height=\"300\" srcset=\"https:\/\/kleinerheinperle.ch\/wp-content\/uploads\/armreifBL-e1590339573633-300x300.jpg 300w, https:\/\/kleinerheinperle.ch\/wp-content\/uploads\/armreifBL-e1590339573633-150x150.jpg 150w, https:\/\/kleinerheinperle.ch\/wp-content\/uploads\/armreifBL-e1590339573633-768x768.jpg 768w, https:\/\/kleinerheinperle.ch\/wp-content\/uploads\/armreifBL-e1590339573633-1024x1024.jpg 1024w, https:\/\/kleinerheinperle.ch\/wp-content\/uploads\/armreifBL-e1590339573633-1536x1536.jpg 1536w, https:\/\/kleinerheinperle.ch\/wp-content\/uploads\/armreifBL-e1590339573633-2048x2048.jpg 2048w\" sizes=\"auto, (max-width: 300px) 100vw, 300px\" \/><\/a>[\/vc_column_text][\/vc_column][\/vc_row]<\/p>\n<\/div>","protected":false},"excerpt":{"rendered":"<p>[vc_row][vc_column][vc_empty_space height=&#8221;20px&#8221;][vc_column_text][\/vc_column_text][vc_column_text] La plus large gamme de bijoux \u00e0 B\u00e2le En savoir plus sur nos produits, mat\u00e9riaux et domaines d&#8217;int\u00e9r\u00eat [\/vc_column_text][\/vc_column][\/vc_row][vc_row][vc_column width=&#8221;1\/3&#8243;][vc_column_text] Anneaux de mariage [\/vc_column_text][\/vc_column][vc_column width=&#8221;1\/3&#8243;][vc_column_text] Bagues de fian\u00e7ailles [\/vc_column_text][\/vc_column][vc_column width=&#8221;1\/3&#8243;][vc_column_text] Bagues uniques [\/vc_column_text][\/vc_column][\/vc_row][vc_row][vc_column width=&#8221;1\/3&#8243;][vc_column_text] Colliers [\/vc_column_text][\/vc_column][vc_column width=&#8221;1\/3&#8243;][vc_column_text] Boucles d&#8217;oreilles [\/vc_column_text][\/vc_column][vc_column width=&#8221;1\/3&#8243;][vc_column_text] Bracelets [\/vc_column_text][\/vc_column][\/vc_row]<\/p>\n","protected":false},"author":2,"featured_media":0,"parent":0,"menu_order":2,"comment_status":"closed","ping_status":"closed","template":"","meta":{"footnotes":""},"class_list":["post-17516","page","type-page","status-publish"],"yoast_head":"<!-- This site is optimized with the Yoast SEO plugin v27.4 - https:\/\/yoast.com\/product\/yoast-seo-wordpress\/ -->\n<title>Produits - kleine Rheinperle<\/title>\n<meta name=\"robots\" content=\"index, follow, max-snippet:-1, max-image-preview:large, max-video-preview:-1\" \/>\n<link rel=\"canonical\" href=\"https:\/\/kleinerheinperle.ch\/fr\/produits\/\" \/>\n<meta property=\"og:locale\" content=\"fr_FR\" \/>\n<meta property=\"og:type\" content=\"article\" \/>\n<meta property=\"og:title\" content=\"Produits - kleine Rheinperle\" \/>\n<meta property=\"og:description\" content=\"[vc_row][vc_column][vc_empty_space height=&#8221;20px&#8221;][vc_column_text][\/vc_column_text][vc_column_text] La plus large gamme de bijoux \u00e0 B\u00e2le En savoir plus sur nos produits, mat\u00e9riaux et domaines d&#8217;int\u00e9r\u00eat [\/vc_column_text][\/vc_column][\/vc_row][vc_row][vc_column width=&#8221;1\/3&#8243;][vc_column_text] Anneaux de mariage [\/vc_column_text][\/vc_column][vc_column width=&#8221;1\/3&#8243;][vc_column_text] Bagues de fian\u00e7ailles [\/vc_column_text][\/vc_column][vc_column width=&#8221;1\/3&#8243;][vc_column_text] Bagues uniques [\/vc_column_text][\/vc_column][\/vc_row][vc_row][vc_column width=&#8221;1\/3&#8243;][vc_column_text] Colliers [\/vc_column_text][\/vc_column][vc_column width=&#8221;1\/3&#8243;][vc_column_text] Boucles d&#8217;oreilles [\/vc_column_text][\/vc_column][vc_column width=&#8221;1\/3&#8243;][vc_column_text] Bracelets [\/vc_column_text][\/vc_column][\/vc_row]\" \/>\n<meta property=\"og:url\" content=\"https:\/\/kleinerheinperle.ch\/fr\/produits\/\" \/>\n<meta property=\"og:site_name\" content=\"kleine Rheinperle\" \/>\n<meta property=\"article:publisher\" content=\"http:\/\/www.facebook.com\/kleinerheinperle\" \/>\n<meta property=\"article:modified_time\" content=\"2022-09-09T03:54:13+00:00\" \/>\n<meta property=\"og:image\" content=\"https:\/\/kleinerheinperle.ch\/wp-content\/uploads\/rizzyBL-300x300.jpg\" \/>\n<meta name=\"twitter:card\" content=\"summary_large_image\" \/>\n<meta name=\"twitter:label1\" content=\"Dur\u00e9e de lecture estim\u00e9e\" \/>\n\t<meta name=\"twitter:data1\" content=\"1 minute\" \/>\n<script type=\"application\/ld+json\" class=\"yoast-schema-graph\">{\"@context\":\"https:\\\/\\\/schema.org\",\"@graph\":[{\"@type\":\"WebPage\",\"@id\":\"https:\\\/\\\/kleinerheinperle.ch\\\/fr\\\/produits\\\/\",\"url\":\"https:\\\/\\\/kleinerheinperle.ch\\\/fr\\\/produits\\\/\",\"name\":\"Produits - kleine Rheinperle\",\"isPartOf\":{\"@id\":\"https:\\\/\\\/kleinerheinperle.ch\\\/fr\\\/#website\"},\"primaryImageOfPage\":{\"@id\":\"https:\\\/\\\/kleinerheinperle.ch\\\/fr\\\/produits\\\/#primaryimage\"},\"image\":{\"@id\":\"https:\\\/\\\/kleinerheinperle.ch\\\/fr\\\/produits\\\/#primaryimage\"},\"thumbnailUrl\":\"https:\\\/\\\/kleinerheinperle.ch\\\/wp-content\\\/uploads\\\/rizzyBL-300x300.jpg\",\"datePublished\":\"2018-07-27T08:55:51+00:00\",\"dateModified\":\"2022-09-09T03:54:13+00:00\",\"breadcrumb\":{\"@id\":\"https:\\\/\\\/kleinerheinperle.ch\\\/fr\\\/produits\\\/#breadcrumb\"},\"inLanguage\":\"fr-FR\",\"potentialAction\":[{\"@type\":\"ReadAction\",\"target\":[\"https:\\\/\\\/kleinerheinperle.ch\\\/fr\\\/produits\\\/\"]}]},{\"@type\":\"ImageObject\",\"inLanguage\":\"fr-FR\",\"@id\":\"https:\\\/\\\/kleinerheinperle.ch\\\/fr\\\/produits\\\/#primaryimage\",\"url\":\"https:\\\/\\\/kleinerheinperle.ch\\\/wp-content\\\/uploads\\\/rizzyBL-300x300.jpg\",\"contentUrl\":\"https:\\\/\\\/kleinerheinperle.ch\\\/wp-content\\\/uploads\\\/rizzyBL-300x300.jpg\"},{\"@type\":\"BreadcrumbList\",\"@id\":\"https:\\\/\\\/kleinerheinperle.ch\\\/fr\\\/produits\\\/#breadcrumb\",\"itemListElement\":[{\"@type\":\"ListItem\",\"position\":1,\"name\":\"Home\",\"item\":\"https:\\\/\\\/kleinerheinperle.ch\\\/fr\\\/home\\\/\"},{\"@type\":\"ListItem\",\"position\":2,\"name\":\"Produits\"}]},{\"@type\":\"WebSite\",\"@id\":\"https:\\\/\\\/kleinerheinperle.ch\\\/fr\\\/#website\",\"url\":\"https:\\\/\\\/kleinerheinperle.ch\\\/fr\\\/\",\"name\":\"kleine Rheinperle\",\"description\":\"Ihr Goldschmied in Basel f\u00fcr spezielle Eheringe und individuelle Schmuck-Designs\",\"publisher\":{\"@id\":\"https:\\\/\\\/kleinerheinperle.ch\\\/fr\\\/#organization\"},\"potentialAction\":[{\"@type\":\"SearchAction\",\"target\":{\"@type\":\"EntryPoint\",\"urlTemplate\":\"https:\\\/\\\/kleinerheinperle.ch\\\/fr\\\/?s={search_term_string}\"},\"query-input\":{\"@type\":\"PropertyValueSpecification\",\"valueRequired\":true,\"valueName\":\"search_term_string\"}}],\"inLanguage\":\"fr-FR\"},{\"@type\":\"Organization\",\"@id\":\"https:\\\/\\\/kleinerheinperle.ch\\\/fr\\\/#organization\",\"name\":\"Kleine Rheinperle\",\"url\":\"https:\\\/\\\/kleinerheinperle.ch\\\/fr\\\/\",\"logo\":{\"@type\":\"ImageObject\",\"inLanguage\":\"fr-FR\",\"@id\":\"https:\\\/\\\/kleinerheinperle.ch\\\/fr\\\/#\\\/schema\\\/logo\\\/image\\\/\",\"url\":\"https:\\\/\\\/kleinerheinperle.ch\\\/wp-content\\\/uploads\\\/2025\\\/11\\\/cropped-logo-kleine-Rheinperle-2025-350-1.jpg\",\"contentUrl\":\"https:\\\/\\\/kleinerheinperle.ch\\\/wp-content\\\/uploads\\\/2025\\\/11\\\/cropped-logo-kleine-Rheinperle-2025-350-1.jpg\",\"width\":350,\"height\":350,\"caption\":\"Kleine Rheinperle\"},\"image\":{\"@id\":\"https:\\\/\\\/kleinerheinperle.ch\\\/fr\\\/#\\\/schema\\\/logo\\\/image\\\/\"},\"sameAs\":[\"http:\\\/\\\/www.facebook.com\\\/kleinerheinperle\",\"http:\\\/\\\/www.instagram.com\\\/kleinerheinperle\",\"http:\\\/\\\/www.youtube.com\\\/kleinerheinperle\"]}]}<\/script>\n<!-- \/ Yoast SEO plugin. -->","yoast_head_json":{"title":"Produits - kleine Rheinperle","robots":{"index":"index","follow":"follow","max-snippet":"max-snippet:-1","max-image-preview":"max-image-preview:large","max-video-preview":"max-video-preview:-1"},"canonical":"https:\/\/kleinerheinperle.ch\/fr\/produits\/","og_locale":"fr_FR","og_type":"article","og_title":"Produits - kleine Rheinperle","og_description":"[vc_row][vc_column][vc_empty_space height=&#8221;20px&#8221;][vc_column_text][\/vc_column_text][vc_column_text] La plus large gamme de bijoux \u00e0 B\u00e2le En savoir plus sur nos produits, mat\u00e9riaux et domaines d&#8217;int\u00e9r\u00eat [\/vc_column_text][\/vc_column][\/vc_row][vc_row][vc_column width=&#8221;1\/3&#8243;][vc_column_text] Anneaux de mariage [\/vc_column_text][\/vc_column][vc_column width=&#8221;1\/3&#8243;][vc_column_text] Bagues de fian\u00e7ailles [\/vc_column_text][\/vc_column][vc_column width=&#8221;1\/3&#8243;][vc_column_text] Bagues uniques [\/vc_column_text][\/vc_column][\/vc_row][vc_row][vc_column width=&#8221;1\/3&#8243;][vc_column_text] Colliers [\/vc_column_text][\/vc_column][vc_column width=&#8221;1\/3&#8243;][vc_column_text] Boucles d&#8217;oreilles [\/vc_column_text][\/vc_column][vc_column width=&#8221;1\/3&#8243;][vc_column_text] Bracelets [\/vc_column_text][\/vc_column][\/vc_row]","og_url":"https:\/\/kleinerheinperle.ch\/fr\/produits\/","og_site_name":"kleine Rheinperle","article_publisher":"http:\/\/www.facebook.com\/kleinerheinperle","article_modified_time":"2022-09-09T03:54:13+00:00","og_image":[{"url":"https:\/\/kleinerheinperle.ch\/wp-content\/uploads\/rizzyBL-300x300.jpg","type":"","width":"","height":""}],"twitter_card":"summary_large_image","twitter_misc":{"Dur\u00e9e de lecture estim\u00e9e":"1 minute"},"schema":{"@context":"https:\/\/schema.org","@graph":[{"@type":"WebPage","@id":"https:\/\/kleinerheinperle.ch\/fr\/produits\/","url":"https:\/\/kleinerheinperle.ch\/fr\/produits\/","name":"Produits - kleine Rheinperle","isPartOf":{"@id":"https:\/\/kleinerheinperle.ch\/fr\/#website"},"primaryImageOfPage":{"@id":"https:\/\/kleinerheinperle.ch\/fr\/produits\/#primaryimage"},"image":{"@id":"https:\/\/kleinerheinperle.ch\/fr\/produits\/#primaryimage"},"thumbnailUrl":"https:\/\/kleinerheinperle.ch\/wp-content\/uploads\/rizzyBL-300x300.jpg","datePublished":"2018-07-27T08:55:51+00:00","dateModified":"2022-09-09T03:54:13+00:00","breadcrumb":{"@id":"https:\/\/kleinerheinperle.ch\/fr\/produits\/#breadcrumb"},"inLanguage":"fr-FR","potentialAction":[{"@type":"ReadAction","target":["https:\/\/kleinerheinperle.ch\/fr\/produits\/"]}]},{"@type":"ImageObject","inLanguage":"fr-FR","@id":"https:\/\/kleinerheinperle.ch\/fr\/produits\/#primaryimage","url":"https:\/\/kleinerheinperle.ch\/wp-content\/uploads\/rizzyBL-300x300.jpg","contentUrl":"https:\/\/kleinerheinperle.ch\/wp-content\/uploads\/rizzyBL-300x300.jpg"},{"@type":"BreadcrumbList","@id":"https:\/\/kleinerheinperle.ch\/fr\/produits\/#breadcrumb","itemListElement":[{"@type":"ListItem","position":1,"name":"Home","item":"https:\/\/kleinerheinperle.ch\/fr\/home\/"},{"@type":"ListItem","position":2,"name":"Produits"}]},{"@type":"WebSite","@id":"https:\/\/kleinerheinperle.ch\/fr\/#website","url":"https:\/\/kleinerheinperle.ch\/fr\/","name":"kleine Rheinperle","description":"Ihr Goldschmied in Basel f\u00fcr spezielle Eheringe und individuelle Schmuck-Designs","publisher":{"@id":"https:\/\/kleinerheinperle.ch\/fr\/#organization"},"potentialAction":[{"@type":"SearchAction","target":{"@type":"EntryPoint","urlTemplate":"https:\/\/kleinerheinperle.ch\/fr\/?s={search_term_string}"},"query-input":{"@type":"PropertyValueSpecification","valueRequired":true,"valueName":"search_term_string"}}],"inLanguage":"fr-FR"},{"@type":"Organization","@id":"https:\/\/kleinerheinperle.ch\/fr\/#organization","name":"Kleine Rheinperle","url":"https:\/\/kleinerheinperle.ch\/fr\/","logo":{"@type":"ImageObject","inLanguage":"fr-FR","@id":"https:\/\/kleinerheinperle.ch\/fr\/#\/schema\/logo\/image\/","url":"https:\/\/kleinerheinperle.ch\/wp-content\/uploads\/2025\/11\/cropped-logo-kleine-Rheinperle-2025-350-1.jpg","contentUrl":"https:\/\/kleinerheinperle.ch\/wp-content\/uploads\/2025\/11\/cropped-logo-kleine-Rheinperle-2025-350-1.jpg","width":350,"height":350,"caption":"Kleine Rheinperle"},"image":{"@id":"https:\/\/kleinerheinperle.ch\/fr\/#\/schema\/logo\/image\/"},"sameAs":["http:\/\/www.facebook.com\/kleinerheinperle","http:\/\/www.instagram.com\/kleinerheinperle","http:\/\/www.youtube.com\/kleinerheinperle"]}]}},"_links":{"self":[{"href":"https:\/\/kleinerheinperle.ch\/fr\/wp-json\/wp\/v2\/pages\/17516","targetHints":{"allow":["GET"]}}],"collection":[{"href":"https:\/\/kleinerheinperle.ch\/fr\/wp-json\/wp\/v2\/pages"}],"about":[{"href":"https:\/\/kleinerheinperle.ch\/fr\/wp-json\/wp\/v2\/types\/page"}],"author":[{"embeddable":true,"href":"https:\/\/kleinerheinperle.ch\/fr\/wp-json\/wp\/v2\/users\/2"}],"replies":[{"embeddable":true,"href":"https:\/\/kleinerheinperle.ch\/fr\/wp-json\/wp\/v2\/comments?post=17516"}],"version-history":[{"count":2,"href":"https:\/\/kleinerheinperle.ch\/fr\/wp-json\/wp\/v2\/pages\/17516\/revisions"}],"predecessor-version":[{"id":17518,"href":"https:\/\/kleinerheinperle.ch\/fr\/wp-json\/wp\/v2\/pages\/17516\/revisions\/17518"}],"wp:attachment":[{"href":"https:\/\/kleinerheinperle.ch\/fr\/wp-json\/wp\/v2\/media?parent=17516"}],"curies":[{"name":"wp","href":"https:\/\/api.w.org\/{rel}","templated":true}]}}