{"id":17504,"date":"2018-07-25T16:11:44","date_gmt":"2018-07-25T14:11:44","guid":{"rendered":"https:\/\/kleinerheinperle.ch\/metaux-precieux\/"},"modified":"2022-09-09T05:26:38","modified_gmt":"2022-09-09T03:26:38","slug":"metaux-precieux","status":"publish","type":"page","link":"https:\/\/kleinerheinperle.ch\/fr\/materiaux\/metaux-precieux\/","title":{"rendered":"m\u00e9taux pr\u00e9cieux"},"content":{"rendered":"<div class=\"wpb-content-wrapper\"><p>[vc_row full_width=&#8221;stretch_row&#8221; content_placement=&#8221;bottom&#8221; parallax=&#8221;content-moving&#8221; parallax_image=&#8221;3803&#8243; css=&#8221;.vc_custom_1533224044360{background-image: url(https:\/\/kleinerheinperle.ch\/wp-content\/uploads\/gold-kleinerheinperle-basel2.jpg?id=3980) !important;background-position: center;background-repeat: no-repeat;background-size: cover !important;}&#8221; el_class=&#8221;header&#8221;][vc_column][vc_column_text el_class=&#8221;txt-white&#8221;]<\/p>\n<h1 style=\"text-align: center;\">M\u00e9taux pr\u00e9cieux<\/h1>\n<p>[\/vc_column_text][\/vc_column][\/vc_row][vc_row][vc_column][vc_empty_space height=&#8221;20px&#8221;][vc_column_text]<div class=\"breadcrumb\" itemprop=\"breadcrumb\"><span><span><a href=\"https:\/\/kleinerheinperle.ch\/fr\/home\/\">Home<\/a><\/span><\/span><\/div>[\/vc_column_text][\/vc_column][\/vc_row][vc_row content_placement=&#8221;bottom&#8221;][vc_column css=&#8221;.vc_custom_1588501107026{background-color: #353535 !important;}&#8221;][vc_tta_tabs active_section=&#8221;1&#8243; css=&#8221;.vc_custom_1588501089820{background-color: #353535 !important;}&#8221;][vc_tta_section title=&#8221;Or&#8221; tab_id=&#8221;gold&#8221;][vc_column_text css=&#8221;.vc_custom_1588501137051{padding-top: 9px !important;padding-right: 9px !important;padding-bottom: 9px !important;padding-left: 9px !important;background-color: #353535 !important;}&#8221;]<\/p>\n<h2 class=\"paragraph_style_3\">OR &#8211; Brillant et Pr\u00e9cieux<\/h2>\n<h2 class=\"paragraph_style_3\"><img loading=\"lazy\" decoding=\"async\" class=\"wp-image-3980 alignright\" src=\"https:\/\/kleinerheinperle.ch\/wp-content\/uploads\/gold-kleinerheinperle-basel2.jpg\" alt=\"gold-kleinerheinperle-basel2\" width=\"435\" height=\"327\" srcset=\"https:\/\/kleinerheinperle.ch\/wp-content\/uploads\/gold-kleinerheinperle-basel2.jpg 687w, https:\/\/kleinerheinperle.ch\/wp-content\/uploads\/gold-kleinerheinperle-basel2-300x226.jpg 300w\" sizes=\"auto, (max-width: 435px) 100vw, 435px\" \/><\/h2>\n<p class=\"paragraph_style_3\">Le m\u00e9tal noble avec sa couleur s\u00e9duisante est aussi appel\u00e9 or fin (= 24 carats) dans sa forme pure sans aucun autre additif d&#8217;alliage. Le titre du m\u00e9tal pr\u00e9cieux est g\u00e9n\u00e9ralement d\u00e9fini comme la proportion de 1000 parties (quasi pour mille), soit 999\/000 pour l&#8217;or fin. Par souci de simplicit\u00e9, les &#8220;\/000&#8221; sont g\u00e9n\u00e9ralement omis. L&#8217;or fin 999 est presque l\u00e9g\u00e8rement orang\u00e9 et a un ton or tr\u00e8s riche. Il est tr\u00e8s doux et est donc rarement trait\u00e9 sous sa forme pure \u00e0 des fins de joaillerie, tr\u00e8s probablement encore en Asie extr\u00eame-orientale. Par exemple, les r\u00e9serves d&#8217;or du gouvernement sont g\u00e9n\u00e9ralement constitu\u00e9es de lingots d&#8217;or fin.<\/p>\n<h3>18 carats<\/h3>\n<p>L&#8217;alliage d&#8217;or que nous utilisons le plus est l&#8217;alliage 18 carats ou or 750\/000. Alli\u00e9 \u00e0 l&#8217;argent, il est un peu plus clair et plus jaun\u00e2tre que l&#8217;or fin, et l&#8217;ajout de zinc rend le travail de l&#8217;orf\u00e8vre plus difficile et plus facile. En raison de sa forte teneur en or, l&#8217;or 18 carats ne change jamais de couleur.<\/p>\n<h3>14 carats<\/h3>\n<p>Cet alliage est \u00e9galement appel\u00e9 or 585 et a une teneur en argent plus \u00e9lev\u00e9e en plus de 58,5 % d&#8217;or. En raison de la faible teneur en or, il est moins cher. Selon la composition exacte, il est souvent l\u00e9g\u00e8rement plus dur que l&#8217;or 18 carats, mais peut changer l\u00e9g\u00e8rement de couleur (s&#8217;oxyder\/sulfurer) avec le temps.<\/p>\n<h3>Or rouge \/ or rose<\/h3>\n<p>L&#8217;ajout d&#8217;un peu de cuivre rend cet alliage d&#8217;or l\u00e9g\u00e8rement rose, ce qui donne de l&#8217;or rose. Si la teneur en cuivre est plus \u00e9lev\u00e9e, on parle d&#8217;or rouge. Une belle teinte tr\u00e8s agr\u00e9ablement chaude qui suscite de plus en plus l&#8217;int\u00e9r\u00eat de nos clients depuis quelques ann\u00e9es.<\/p>\n<h3>Or blanc<\/h3>\n<p>Si vous m\u00e9langez de l&#8217;or jaune avec du palladium, cela d\u00e9colore l&#8217;or et, \u00e0 proprement parler, un ton gris est cr\u00e9\u00e9 : l&#8217;or gris. Nous utilisons principalement des alliages d&#8217;or blanc avec 16% de palladium &#8211; ici la couleur jaune est compl\u00e8tement d\u00e9color\u00e9e et nous obtenons un anthracite int\u00e9ressant, que nous recommandons toujours \u00e0 nos clients dans sa forme pure, ou un \u00e9claircissement galvanique suppl\u00e9mentaire (placage au rhodium). Une teinte sombre tr\u00e8s noble selon nous.<\/p>\n<h3>Placage rhodium de l&#8217;or blanc<\/h3>\n<p>Comme son nom l&#8217;indique, la plupart des clients connaissent l&#8217;or blanc comme un m\u00e9tal pr\u00e9cieux tr\u00e8s brillant. Cependant, il faut savoir ici que l&#8217;or blanc ne devient vraiment l\u00e9ger que gr\u00e2ce au rhodiage. Le rhodium est un m\u00e9tal pr\u00e9cieux tr\u00e8s dur et de couleur claire du groupe du platine qui peut \u00eatre appliqu\u00e9 sur des surfaces en m\u00e9tal pr\u00e9cieux par un proc\u00e9d\u00e9 \u00e9lectrochimique appel\u00e9 galvanoplastie. Dans le cas de l&#8217;or gris, celui-ci devient alors de l&#8217;or blanc. Pour des raisons techniques, vous ne pouvez toutefois obtenir qu&#8217;une \u00e9paisseur de couche d&#8217;environ 1 micron. Bien que cette couche soit relativement stable, elle peut s&#8217;user dans le temps sous l&#8217;effet de l&#8217;abrasion m\u00e9canique, notamment dans le cas des bagues. Dans ce cas, le rhodiage peut \u00eatre r\u00e9p\u00e9t\u00e9 sans probl\u00e8me, \u00e0 condition que le bijou ait \u00e9t\u00e9 soigneusement nettoy\u00e9 et pr\u00e9par\u00e9.[\/vc_column_text][\/vc_tta_section][vc_tta_section title=&#8221;Argent&#8221; tab_id=&#8221;silber&#8221;][vc_column_text css=&#8221;.vc_custom_1588501194328{margin-top: 0px !important;margin-right: 0px !important;margin-bottom: 0px !important;margin-left: 0px !important;padding-top: 9px !important;padding-right: 9px !important;padding-bottom: 9px !important;padding-left: 9px !important;background-color: #353535 !important;}&#8221;]<\/p>\n<h2>Argent &#8211; Le plus blanc de tous les m\u00e9taux pr\u00e9cieuxe<\/h2>\n<p>L&#8217;argent est normalement trait\u00e9 \u00e0 une puret\u00e9 de 92,5% et est alors appel\u00e9 argent 925 ou argent sterling. C&#8217;est le moins cher de tous les m\u00e9taux pr\u00e9cieux, mais il se corrode \u00e0 l&#8217;air (oxydation\/sulfuration) et doit donc \u00eatre rhodi\u00e9 ou nettoy\u00e9 r\u00e9guli\u00e8rement si la patine fonc\u00e9e et multicolore vous g\u00eane. Pour les pierres pr\u00e9cieuses et surtout les plus grosses, il est souvent conseill\u00e9 de s&#8217;abstenir d&#8217;utiliser l&#8217;argent comme mat\u00e9riau de sertissage, car sa douceur ne garantit pas que le sertissage de la pierre restera intact s&#8217;il est frapp\u00e9. Si la monture est endommag\u00e9e, dans les cas extr\u00eames, la pierre peut tomber et \u00eatre perdue.<\/p>\n<h3>Placage au rhodium de l&#8217;argent<\/h3>\n<p>Si vous avez de l&#8217;argent rhodi\u00e9, l&#8217;avantage dans ce cas est que l&#8217;argent ne peut plus se ternir (on dit aussi qu&#8217;il s&#8217;oxyde). L&#8217;argent non rhodi\u00e9 peut se ternir rapidement en fonction de l&#8217;humidit\u00e9 et de la temp\u00e9rature et devient alors brun\u00e2tre, bleut\u00e9 \u00e0 noir. Cette fine couche d&#8217;oxyde peut g\u00e9n\u00e9ralement \u00eatre facilement retir\u00e9e \u00e0 nouveau avec une solution de nettoyage disponible chez nous (attention, toxique !). Le placage au rhodium est une bonne option si vous ne voulez pas nettoyer vos bijoux en argent toutes les quelques semaines\/mois. Cependant, l&#8217;abrasion est \u00e9galement possible ici si vous portez vos bijoux tous les jours, ce qui peut alors faire ternir \u00e0 nouveau l&#8217;argent. Cependant, cela se produit moins fr\u00e9quemment avec des boucles d&#8217;oreilles ou des pendentifs, mais presque toujours apr\u00e8s un certain temps avec des bagues. Ceci, ainsi que la douceur de l&#8217;argent, est l&#8217;une des raisons pour lesquelles nous d\u00e9conseillons g\u00e9n\u00e9ralement l&#8217;argent pour les alliances, les bagues de fian\u00e7ailles ou les bagues de partenaires. Le prix inf\u00e9rieur n&#8217;en vaut tout simplement pas la peine si vous le portez longtemps, car les rayures ou les bosses se produisent beaucoup plus facilement et la bague souffre plus rapidement.[\/vc_column_text][\/vc_tta_section][vc_tta_section title=&#8221;Platine&#8221; tab_id=&#8221;platin&#8221;][vc_column_text css=&#8221;.vc_custom_1588501212358{padding-top: 9px !important;padding-right: 9px !important;padding-bottom: 9px !important;padding-left: 9px !important;background-color: #353535 !important;}&#8221;]<\/p>\n<h2>Platine<\/h2>\n<p>Le plus rare et le plus pr\u00e9cieux de tous les m\u00e9taux pr\u00e9cieux. Il n&#8217;a pas besoin d&#8217;\u00eatre plaqu\u00e9 rhodium car il est naturellement tr\u00e8s brillant. La densit\u00e9 est int\u00e9ressante : deux fois plus lourd que l&#8217;argent, 33 % plus lourd que l&#8217;or, il repose confortablement dans la main\/au doigt et convainc par sa valeur tangible. \u00c9tant donn\u00e9 que le prix du platine a consid\u00e9rablement baiss\u00e9 r\u00e9cemment, une comparaison de prix avec la variante en or blanc est actuellement int\u00e9ressante si vous ne recherchez pas un m\u00e9tal pr\u00e9cieux color\u00e9 (or jaune\/or rouge).[\/vc_column_text][\/vc_tta_section][vc_tta_section title=&#8221;Palladium&#8221; tab_id=&#8221;palladium&#8221;][vc_column_text css=&#8221;.vc_custom_1588501233142{padding-top: 9px !important;padding-right: 9px !important;padding-bottom: 9px !important;padding-left: 9px !important;background-color: #353535 !important;}&#8221;]<\/p>\n<h2>Palladium<\/h2>\n<p>En tant que m\u00e9tal pr\u00e9cieux du groupe du platine, le palladium est utilis\u00e9 \u00e0 la fois sous une forme presque pure (950), alli\u00e9 \u00e0 l&#8217;argent (500 ou 585), et comme additif d&#8217;alliage (8-21%) pour fabriquer de l&#8217;or blanc \u00e0 partir d&#8217;or gris.[\/vc_column_text][\/vc_tta_section][\/vc_tta_tabs][\/vc_column][\/vc_row][vc_row][vc_column][vc_empty_space height=&#8221;20px&#8221;][\/vc_column][\/vc_row]<\/p>\n<\/div>","protected":false},"excerpt":{"rendered":"<p>[vc_row full_width=&#8221;stretch_row&#8221; content_placement=&#8221;bottom&#8221; parallax=&#8221;content-moving&#8221; parallax_image=&#8221;3803&#8243; css=&#8221;.vc_custom_1533224044360{background-image: url(https:\/\/kleinerheinperle.ch\/wp-content\/uploads\/gold-kleinerheinperle-basel2.jpg?id=3980) !important;background-position: center;background-repeat: no-repeat;background-size: cover !important;}&#8221; el_class=&#8221;header&#8221;][vc_column][vc_column_text el_class=&#8221;txt-white&#8221;] M\u00e9taux pr\u00e9cieux [\/vc_column_text][\/vc_column][\/vc_row][vc_row][vc_column][vc_empty_space height=&#8221;20px&#8221;][vc_column_text][\/vc_column_text][\/vc_column][\/vc_row][vc_row content_placement=&#8221;bottom&#8221;][vc_column css=&#8221;.vc_custom_1588501107026{background-color: #353535 !important;}&#8221;][vc_tta_tabs active_section=&#8221;1&#8243; css=&#8221;.vc_custom_1588501089820{background-color: #353535 !important;}&#8221;][vc_tta_section title=&#8221;Or&#8221; tab_id=&#8221;gold&#8221;][vc_column_text css=&#8221;.vc_custom_1588501137051{padding-top: 9px !important;padding-right: 9px !important;padding-bottom: 9px !important;padding-left: 9px !important;background-color: #353535 !important;}&#8221;] OR &#8211; Brillant et Pr\u00e9cieux Le m\u00e9tal noble avec sa couleur s\u00e9duisante est aussi appel\u00e9 or &#8230; <a title=\"m\u00e9taux pr\u00e9cieux\" class=\"read-more\" href=\"https:\/\/kleinerheinperle.ch\/fr\/materiaux\/metaux-precieux\/\" aria-label=\"En savoir plus sur m\u00e9taux pr\u00e9cieux\">Lire la suite<\/a><\/p>\n","protected":false},"author":2,"featured_media":0,"parent":17611,"menu_order":1,"comment_status":"closed","ping_status":"closed","template":"","meta":{"footnotes":""},"class_list":["post-17504","page","type-page","status-publish"],"yoast_head":"<!-- This site is optimized with the Yoast SEO plugin v27.4 - https:\/\/yoast.com\/product\/yoast-seo-wordpress\/ -->\n<title>m\u00e9taux pr\u00e9cieux - kleine Rheinperle<\/title>\n<meta name=\"robots\" content=\"index, follow, max-snippet:-1, max-image-preview:large, max-video-preview:-1\" \/>\n<link rel=\"canonical\" href=\"https:\/\/kleinerheinperle.ch\/fr\/materiaux\/metaux-precieux\/\" \/>\n<meta property=\"og:locale\" content=\"fr_FR\" \/>\n<meta property=\"og:type\" content=\"article\" \/>\n<meta property=\"og:title\" content=\"m\u00e9taux pr\u00e9cieux - kleine Rheinperle\" \/>\n<meta property=\"og:description\" content=\"[vc_row full_width=&#8221;stretch_row&#8221; content_placement=&#8221;bottom&#8221; parallax=&#8221;content-moving&#8221; parallax_image=&#8221;3803&#8243; css=&#8221;.vc_custom_1533224044360{background-image: url(https:\/\/kleinerheinperle.ch\/wp-content\/uploads\/gold-kleinerheinperle-basel2.jpg?id=3980) !important;background-position: center;background-repeat: no-repeat;background-size: cover !important;}&#8221; el_class=&#8221;header&#8221;][vc_column][vc_column_text el_class=&#8221;txt-white&#8221;] M\u00e9taux pr\u00e9cieux [\/vc_column_text][\/vc_column][\/vc_row][vc_row][vc_column][vc_empty_space height=&#8221;20px&#8221;][vc_column_text][\/vc_column_text][\/vc_column][\/vc_row][vc_row content_placement=&#8221;bottom&#8221;][vc_column css=&#8221;.vc_custom_1588501107026{background-color: #353535 !important;}&#8221;][vc_tta_tabs active_section=&#8221;1&#8243; css=&#8221;.vc_custom_1588501089820{background-color: #353535 !important;}&#8221;][vc_tta_section title=&#8221;Or&#8221; tab_id=&#8221;gold&#8221;][vc_column_text css=&#8221;.vc_custom_1588501137051{padding-top: 9px !important;padding-right: 9px !important;padding-bottom: 9px !important;padding-left: 9px !important;background-color: #353535 !important;}&#8221;] OR &#8211; Brillant et Pr\u00e9cieux Le m\u00e9tal noble avec sa couleur s\u00e9duisante est aussi appel\u00e9 or ... Lire la suite\" \/>\n<meta property=\"og:url\" content=\"https:\/\/kleinerheinperle.ch\/fr\/materiaux\/metaux-precieux\/\" \/>\n<meta property=\"og:site_name\" content=\"kleine Rheinperle\" \/>\n<meta property=\"article:publisher\" content=\"http:\/\/www.facebook.com\/kleinerheinperle\" \/>\n<meta property=\"article:modified_time\" content=\"2022-09-09T03:26:38+00:00\" \/>\n<meta property=\"og:image\" content=\"https:\/\/kleinerheinperle.ch\/wp-content\/uploads\/gold-kleinerheinperle-basel2.jpg\" \/>\n<meta name=\"twitter:card\" content=\"summary_large_image\" \/>\n<meta name=\"twitter:label1\" content=\"Dur\u00e9e de lecture estim\u00e9e\" \/>\n\t<meta name=\"twitter:data1\" content=\"6 minutes\" \/>\n<script type=\"application\/ld+json\" class=\"yoast-schema-graph\">{\"@context\":\"https:\\\/\\\/schema.org\",\"@graph\":[{\"@type\":\"WebPage\",\"@id\":\"https:\\\/\\\/kleinerheinperle.ch\\\/fr\\\/materiaux\\\/metaux-precieux\\\/\",\"url\":\"https:\\\/\\\/kleinerheinperle.ch\\\/fr\\\/materiaux\\\/metaux-precieux\\\/\",\"name\":\"m\u00e9taux pr\u00e9cieux - kleine Rheinperle\",\"isPartOf\":{\"@id\":\"https:\\\/\\\/kleinerheinperle.ch\\\/fr\\\/#website\"},\"primaryImageOfPage\":{\"@id\":\"https:\\\/\\\/kleinerheinperle.ch\\\/fr\\\/materiaux\\\/metaux-precieux\\\/#primaryimage\"},\"image\":{\"@id\":\"https:\\\/\\\/kleinerheinperle.ch\\\/fr\\\/materiaux\\\/metaux-precieux\\\/#primaryimage\"},\"thumbnailUrl\":\"https:\\\/\\\/kleinerheinperle.ch\\\/wp-content\\\/uploads\\\/gold-kleinerheinperle-basel2.jpg\",\"datePublished\":\"2018-07-25T14:11:44+00:00\",\"dateModified\":\"2022-09-09T03:26:38+00:00\",\"breadcrumb\":{\"@id\":\"https:\\\/\\\/kleinerheinperle.ch\\\/fr\\\/materiaux\\\/metaux-precieux\\\/#breadcrumb\"},\"inLanguage\":\"fr-FR\",\"potentialAction\":[{\"@type\":\"ReadAction\",\"target\":[\"https:\\\/\\\/kleinerheinperle.ch\\\/fr\\\/materiaux\\\/metaux-precieux\\\/\"]}]},{\"@type\":\"ImageObject\",\"inLanguage\":\"fr-FR\",\"@id\":\"https:\\\/\\\/kleinerheinperle.ch\\\/fr\\\/materiaux\\\/metaux-precieux\\\/#primaryimage\",\"url\":\"https:\\\/\\\/kleinerheinperle.ch\\\/wp-content\\\/uploads\\\/gold-kleinerheinperle-basel2.jpg\",\"contentUrl\":\"https:\\\/\\\/kleinerheinperle.ch\\\/wp-content\\\/uploads\\\/gold-kleinerheinperle-basel2.jpg\"},{\"@type\":\"BreadcrumbList\",\"@id\":\"https:\\\/\\\/kleinerheinperle.ch\\\/fr\\\/materiaux\\\/metaux-precieux\\\/#breadcrumb\",\"itemListElement\":[{\"@type\":\"ListItem\",\"position\":1,\"name\":\"Home\",\"item\":\"https:\\\/\\\/kleinerheinperle.ch\\\/fr\\\/home\\\/\"},{\"@type\":\"ListItem\",\"position\":2,\"name\":\"m\u00e9taux pr\u00e9cieux\"}]},{\"@type\":\"WebSite\",\"@id\":\"https:\\\/\\\/kleinerheinperle.ch\\\/fr\\\/#website\",\"url\":\"https:\\\/\\\/kleinerheinperle.ch\\\/fr\\\/\",\"name\":\"kleine Rheinperle\",\"description\":\"Ihr Goldschmied in Basel f\u00fcr spezielle Eheringe und individuelle Schmuck-Designs\",\"publisher\":{\"@id\":\"https:\\\/\\\/kleinerheinperle.ch\\\/fr\\\/#organization\"},\"potentialAction\":[{\"@type\":\"SearchAction\",\"target\":{\"@type\":\"EntryPoint\",\"urlTemplate\":\"https:\\\/\\\/kleinerheinperle.ch\\\/fr\\\/?s={search_term_string}\"},\"query-input\":{\"@type\":\"PropertyValueSpecification\",\"valueRequired\":true,\"valueName\":\"search_term_string\"}}],\"inLanguage\":\"fr-FR\"},{\"@type\":\"Organization\",\"@id\":\"https:\\\/\\\/kleinerheinperle.ch\\\/fr\\\/#organization\",\"name\":\"Kleine Rheinperle\",\"url\":\"https:\\\/\\\/kleinerheinperle.ch\\\/fr\\\/\",\"logo\":{\"@type\":\"ImageObject\",\"inLanguage\":\"fr-FR\",\"@id\":\"https:\\\/\\\/kleinerheinperle.ch\\\/fr\\\/#\\\/schema\\\/logo\\\/image\\\/\",\"url\":\"https:\\\/\\\/kleinerheinperle.ch\\\/wp-content\\\/uploads\\\/2025\\\/11\\\/cropped-logo-kleine-Rheinperle-2025-350-1.jpg\",\"contentUrl\":\"https:\\\/\\\/kleinerheinperle.ch\\\/wp-content\\\/uploads\\\/2025\\\/11\\\/cropped-logo-kleine-Rheinperle-2025-350-1.jpg\",\"width\":350,\"height\":350,\"caption\":\"Kleine Rheinperle\"},\"image\":{\"@id\":\"https:\\\/\\\/kleinerheinperle.ch\\\/fr\\\/#\\\/schema\\\/logo\\\/image\\\/\"},\"sameAs\":[\"http:\\\/\\\/www.facebook.com\\\/kleinerheinperle\",\"http:\\\/\\\/www.instagram.com\\\/kleinerheinperle\",\"http:\\\/\\\/www.youtube.com\\\/kleinerheinperle\"]}]}<\/script>\n<!-- \/ Yoast SEO plugin. -->","yoast_head_json":{"title":"m\u00e9taux pr\u00e9cieux - kleine Rheinperle","robots":{"index":"index","follow":"follow","max-snippet":"max-snippet:-1","max-image-preview":"max-image-preview:large","max-video-preview":"max-video-preview:-1"},"canonical":"https:\/\/kleinerheinperle.ch\/fr\/materiaux\/metaux-precieux\/","og_locale":"fr_FR","og_type":"article","og_title":"m\u00e9taux pr\u00e9cieux - kleine Rheinperle","og_description":"[vc_row full_width=&#8221;stretch_row&#8221; content_placement=&#8221;bottom&#8221; parallax=&#8221;content-moving&#8221; parallax_image=&#8221;3803&#8243; css=&#8221;.vc_custom_1533224044360{background-image: url(https:\/\/kleinerheinperle.ch\/wp-content\/uploads\/gold-kleinerheinperle-basel2.jpg?id=3980) !important;background-position: center;background-repeat: no-repeat;background-size: cover !important;}&#8221; el_class=&#8221;header&#8221;][vc_column][vc_column_text el_class=&#8221;txt-white&#8221;] M\u00e9taux pr\u00e9cieux [\/vc_column_text][\/vc_column][\/vc_row][vc_row][vc_column][vc_empty_space height=&#8221;20px&#8221;][vc_column_text][\/vc_column_text][\/vc_column][\/vc_row][vc_row content_placement=&#8221;bottom&#8221;][vc_column css=&#8221;.vc_custom_1588501107026{background-color: #353535 !important;}&#8221;][vc_tta_tabs active_section=&#8221;1&#8243; css=&#8221;.vc_custom_1588501089820{background-color: #353535 !important;}&#8221;][vc_tta_section title=&#8221;Or&#8221; tab_id=&#8221;gold&#8221;][vc_column_text css=&#8221;.vc_custom_1588501137051{padding-top: 9px !important;padding-right: 9px !important;padding-bottom: 9px !important;padding-left: 9px !important;background-color: #353535 !important;}&#8221;] OR &#8211; Brillant et Pr\u00e9cieux Le m\u00e9tal noble avec sa couleur s\u00e9duisante est aussi appel\u00e9 or ... Lire la suite","og_url":"https:\/\/kleinerheinperle.ch\/fr\/materiaux\/metaux-precieux\/","og_site_name":"kleine Rheinperle","article_publisher":"http:\/\/www.facebook.com\/kleinerheinperle","article_modified_time":"2022-09-09T03:26:38+00:00","og_image":[{"url":"https:\/\/kleinerheinperle.ch\/wp-content\/uploads\/gold-kleinerheinperle-basel2.jpg","type":"","width":"","height":""}],"twitter_card":"summary_large_image","twitter_misc":{"Dur\u00e9e de lecture estim\u00e9e":"6 minutes"},"schema":{"@context":"https:\/\/schema.org","@graph":[{"@type":"WebPage","@id":"https:\/\/kleinerheinperle.ch\/fr\/materiaux\/metaux-precieux\/","url":"https:\/\/kleinerheinperle.ch\/fr\/materiaux\/metaux-precieux\/","name":"m\u00e9taux pr\u00e9cieux - kleine Rheinperle","isPartOf":{"@id":"https:\/\/kleinerheinperle.ch\/fr\/#website"},"primaryImageOfPage":{"@id":"https:\/\/kleinerheinperle.ch\/fr\/materiaux\/metaux-precieux\/#primaryimage"},"image":{"@id":"https:\/\/kleinerheinperle.ch\/fr\/materiaux\/metaux-precieux\/#primaryimage"},"thumbnailUrl":"https:\/\/kleinerheinperle.ch\/wp-content\/uploads\/gold-kleinerheinperle-basel2.jpg","datePublished":"2018-07-25T14:11:44+00:00","dateModified":"2022-09-09T03:26:38+00:00","breadcrumb":{"@id":"https:\/\/kleinerheinperle.ch\/fr\/materiaux\/metaux-precieux\/#breadcrumb"},"inLanguage":"fr-FR","potentialAction":[{"@type":"ReadAction","target":["https:\/\/kleinerheinperle.ch\/fr\/materiaux\/metaux-precieux\/"]}]},{"@type":"ImageObject","inLanguage":"fr-FR","@id":"https:\/\/kleinerheinperle.ch\/fr\/materiaux\/metaux-precieux\/#primaryimage","url":"https:\/\/kleinerheinperle.ch\/wp-content\/uploads\/gold-kleinerheinperle-basel2.jpg","contentUrl":"https:\/\/kleinerheinperle.ch\/wp-content\/uploads\/gold-kleinerheinperle-basel2.jpg"},{"@type":"BreadcrumbList","@id":"https:\/\/kleinerheinperle.ch\/fr\/materiaux\/metaux-precieux\/#breadcrumb","itemListElement":[{"@type":"ListItem","position":1,"name":"Home","item":"https:\/\/kleinerheinperle.ch\/fr\/home\/"},{"@type":"ListItem","position":2,"name":"m\u00e9taux pr\u00e9cieux"}]},{"@type":"WebSite","@id":"https:\/\/kleinerheinperle.ch\/fr\/#website","url":"https:\/\/kleinerheinperle.ch\/fr\/","name":"kleine Rheinperle","description":"Ihr Goldschmied in Basel f\u00fcr spezielle Eheringe und individuelle Schmuck-Designs","publisher":{"@id":"https:\/\/kleinerheinperle.ch\/fr\/#organization"},"potentialAction":[{"@type":"SearchAction","target":{"@type":"EntryPoint","urlTemplate":"https:\/\/kleinerheinperle.ch\/fr\/?s={search_term_string}"},"query-input":{"@type":"PropertyValueSpecification","valueRequired":true,"valueName":"search_term_string"}}],"inLanguage":"fr-FR"},{"@type":"Organization","@id":"https:\/\/kleinerheinperle.ch\/fr\/#organization","name":"Kleine Rheinperle","url":"https:\/\/kleinerheinperle.ch\/fr\/","logo":{"@type":"ImageObject","inLanguage":"fr-FR","@id":"https:\/\/kleinerheinperle.ch\/fr\/#\/schema\/logo\/image\/","url":"https:\/\/kleinerheinperle.ch\/wp-content\/uploads\/2025\/11\/cropped-logo-kleine-Rheinperle-2025-350-1.jpg","contentUrl":"https:\/\/kleinerheinperle.ch\/wp-content\/uploads\/2025\/11\/cropped-logo-kleine-Rheinperle-2025-350-1.jpg","width":350,"height":350,"caption":"Kleine Rheinperle"},"image":{"@id":"https:\/\/kleinerheinperle.ch\/fr\/#\/schema\/logo\/image\/"},"sameAs":["http:\/\/www.facebook.com\/kleinerheinperle","http:\/\/www.instagram.com\/kleinerheinperle","http:\/\/www.youtube.com\/kleinerheinperle"]}]}},"_links":{"self":[{"href":"https:\/\/kleinerheinperle.ch\/fr\/wp-json\/wp\/v2\/pages\/17504","targetHints":{"allow":["GET"]}}],"collection":[{"href":"https:\/\/kleinerheinperle.ch\/fr\/wp-json\/wp\/v2\/pages"}],"about":[{"href":"https:\/\/kleinerheinperle.ch\/fr\/wp-json\/wp\/v2\/types\/page"}],"author":[{"embeddable":true,"href":"https:\/\/kleinerheinperle.ch\/fr\/wp-json\/wp\/v2\/users\/2"}],"replies":[{"embeddable":true,"href":"https:\/\/kleinerheinperle.ch\/fr\/wp-json\/wp\/v2\/comments?post=17504"}],"version-history":[{"count":1,"href":"https:\/\/kleinerheinperle.ch\/fr\/wp-json\/wp\/v2\/pages\/17504\/revisions"}],"predecessor-version":[{"id":17505,"href":"https:\/\/kleinerheinperle.ch\/fr\/wp-json\/wp\/v2\/pages\/17504\/revisions\/17505"}],"up":[{"embeddable":true,"href":"https:\/\/kleinerheinperle.ch\/fr\/wp-json\/wp\/v2\/pages\/17611"}],"wp:attachment":[{"href":"https:\/\/kleinerheinperle.ch\/fr\/wp-json\/wp\/v2\/media?parent=17504"}],"curies":[{"name":"wp","href":"https:\/\/api.w.org\/{rel}","templated":true}]}}