{"id":17475,"date":"2018-07-26T14:58:40","date_gmt":"2018-07-26T12:58:40","guid":{"rendered":"https:\/\/kleinerheinperle.ch\/perles-naturelles\/"},"modified":"2022-09-09T04:58:55","modified_gmt":"2022-09-09T02:58:55","slug":"perles-naturelles","status":"publish","type":"page","link":"https:\/\/kleinerheinperle.ch\/fr\/materiaux\/perles\/perles-naturelles\/","title":{"rendered":"perles naturelles"},"content":{"rendered":"<div class=\"wpb-content-wrapper\"><p>[vc_row full_width=&#8221;stretch_row_content&#8221; content_placement=&#8221;bottom&#8221; css_animation=&#8221;none&#8221; css=&#8221;.vc_custom_1533224274129{background-image: url(https:\/\/kleinerheinperle.ch\/wp-content\/uploads\/Echte-Naturperle-nicht-gezuechtet-Clam-pearl-Goldschmiede-kleineRheinperle-Wacha-breit-1.jpg?id=3665) !important;background-position: center !important;background-repeat: no-repeat !important;background-size: cover !important;}&#8221; el_class=&#8221;header&#8221;][vc_column][vc_column_text el_class=&#8221;txt-white&#8221;]<\/p>\n<h1 style=\"text-align: center;\">Perles naturelles<\/h1>\n<p>[\/vc_column_text][\/vc_column][\/vc_row][vc_row parallax=&#8221;content-moving-fade&#8221; css=&#8221;.vc_custom_1532519176579{background-position: center;background-repeat: no-repeat;background-size: cover !important;}&#8221;][vc_column][vc_column_text]<div class=\"breadcrumb\" itemprop=\"breadcrumb\"><span><span><a href=\"https:\/\/kleinerheinperle.ch\/fr\/home\/\">Home<\/a><\/span><\/span><\/div>[\/vc_column_text][\/vc_column][\/vc_row][vc_row][vc_column css=&#8221;.vc_custom_1588506972948{background-color: #353535 !important;}&#8221;][vc_column_text css=&#8221;.vc_custom_1588506962390{background-color: #353535 !important;}&#8221;]<\/p>\n<h2>Perles naturelles<\/h2>\n<p>Les perles naturelles sont tr\u00e8s rares de nos jours et sont cr\u00e9\u00e9es sans intervention humaine. Nous sommes heureux de pouvoir exposer des perles naturelles Clam exceptionnelles et une perle naturelle Melo couleur miel des mers du Sud indon\u00e9siennes, qui, \u00e0 y regarder de plus pr\u00e8s, pr\u00e9sentent un jeu de flammes impressionnant. Vous \u00eates cordialement invit\u00e9s \u00e0 venir d\u00e9couvrir ces pi\u00e8ces rares avec nous ![\/vc_column_text][\/vc_column][\/vc_row][vc_row][vc_column][vc_column_text]<div id=\"metaslider-id-3364\" style=\"max-width: 800px;\" class=\"ml-slider-3-109-0 ml-slider-pro-2-7-1 metaslider metaslider-flex metaslider-3364 ml-slider ms-theme-default nav-hidden\" role=\"region\" aria-label=\"Naturperlen\" data-height=\"800\" data-width=\"800\">\n    <div id=\"metaslider_container_3364\">\n        <div id=\"metaslider_3364\">\n            <ul class='slides'>\n                <li style=\"display: block; width: 100%;\" class=\"slide-4805 ms-image \" aria-roledescription=\"slide\" data-date=\"2018-08-03 13:23:34\" data-filename=\"Echte-Naturperle-nicht-gezuechtet-Clam-pearl-Goldschmiede-kleineRheinperle-Wacha-breit-800x800.jpg\" data-slide-type=\"image\"><img loading=\"lazy\" decoding=\"async\" src=\"https:\/\/kleinerheinperle.ch\/wp-content\/uploads\/Echte-Naturperle-nicht-gezuechtet-Clam-pearl-Goldschmiede-kleineRheinperle-Wacha-breit-800x800.jpg\" height=\"800\" width=\"800\" alt=\"\" class=\"slider-3364 slide-4805 msDefaultImage\" title=\"Echte-Naturperle-nicht-gezuechtet-Clam-pearl-Goldschmiede-kleineRheinperle-Wacha-breit\" \/><div class=\"caption-wrap\"><div class=\"caption\">Echte Naturperle, nicht gez\u00fcchtet \"Clam Pearl\" mit beeindruckendem Flammenspiel<\/div><\/div><\/li>\n                <li style=\"display: none; width: 100%;\" class=\"slide-14628 ms-image \" aria-roledescription=\"slide\" data-date=\"2020-05-07 08:29:21\" data-filename=\"Naturperlenring-Platin-800x800.jpg\" data-slide-type=\"image\"><img loading=\"lazy\" decoding=\"async\" src=\"https:\/\/kleinerheinperle.ch\/wp-content\/uploads\/2020\/05\/Naturperlenring-Platin-800x800.jpg\" height=\"800\" width=\"800\" alt=\"\" class=\"slider-3364 slide-14628 msDefaultImage\" title=\"Naturperlenring-Platin\" \/><div class=\"caption-wrap\"><div class=\"caption\">Naturperlen-Ring 950 Platin \"Cave\"<\/div><\/div><\/li>\n                <li style=\"display: none; width: 100%;\" class=\"slide-3365 ms-image \" aria-roledescription=\"slide\" data-date=\"2018-07-25 22:00:04\" data-filename=\"Echte-Naturperle_nicht-gezuechtet_Melo2-pearl_Goldschmiede_kleineRheinperle_Wacha-800x800.jpg\" data-slide-type=\"image\"><img loading=\"lazy\" decoding=\"async\" src=\"https:\/\/kleinerheinperle.ch\/wp-content\/uploads\/Echte-Naturperle_nicht-gezuechtet_Melo2-pearl_Goldschmiede_kleineRheinperle_Wacha-800x800.jpg\" height=\"800\" width=\"800\" alt=\"Echte-Naturperle_nicht-gezuechtet_Melo2-pearl_Goldschmiede_kleineRheinperle_Wacha\" class=\"slider-3364 slide-3365 msDefaultImage\" title=\"Echte-Naturperle_nicht-gezuechtet_Melo2-pearl_Goldschmiede_kleineRheinperle_Wacha\" \/><div class=\"caption-wrap\"><div class=\"caption\">Echte Naturperle, nicht gez\u00fcchtet \"Melo Pearl\" mit beeindruckendem Flammenspiel<\/div><\/div><\/li>\n                <li style=\"display: none; width: 100%;\" class=\"slide-3366 ms-image \" aria-roledescription=\"slide\" data-date=\"2018-07-25 22:00:05\" data-filename=\"Echte-Naturperle_nicht-gezuechtet_Clam-pearl_Goldschmiede_kleineRheinperle_Wacha-800x800.jpg\" data-slide-type=\"image\"><img loading=\"lazy\" decoding=\"async\" src=\"https:\/\/kleinerheinperle.ch\/wp-content\/uploads\/Echte-Naturperle_nicht-gezuechtet_Clam-pearl_Goldschmiede_kleineRheinperle_Wacha-800x800.jpg\" height=\"800\" width=\"800\" alt=\"Echte-Naturperle_nicht-gezuechtet_Clam-pearl_Goldschmiede_kleineRheinperle_Wacha\" class=\"slider-3364 slide-3366 msDefaultImage\" title=\"Echte-Naturperle_nicht-gezuechtet_Clam-pearl_Goldschmiede_kleineRheinperle_Wacha\" \/><div class=\"caption-wrap\"><div class=\"caption\">Echte Naturperle, nicht gez\u00fcchtet \"Clam Pearl\"\nmit Flammenspiel<\/div><\/div><\/li>\n                <li style=\"display: none; width: 100%;\" class=\"slide-4812 ms-image \" aria-roledescription=\"slide\" data-date=\"2018-08-03 13:23:35\" data-filename=\"18karat-weissgold-ring-mit-Echter-Naturperle_nicht-gezuechtet_Clam-pearl_Goldschmiede_kleineRheinperle_Wacha-800x800.jpg\" data-slide-type=\"image\"><img loading=\"lazy\" decoding=\"async\" src=\"https:\/\/kleinerheinperle.ch\/wp-content\/uploads\/18karat-weissgold-ring-mit-Echter-Naturperle_nicht-gezuechtet_Clam-pearl_Goldschmiede_kleineRheinperle_Wacha-800x800.jpg\" height=\"800\" width=\"800\" alt=\"18karat-weissgold-ring-mit-Echter-Naturperle_nicht-gezuechtet_Clam-pearl_Goldschmiede_kleineRheinperle_Wacha\" class=\"slider-3364 slide-4812 msDefaultImage\" title=\"18karat-weissgold-ring-mit-Echter-Naturperle_nicht-gezuechtet_Clam-pearl_Goldschmiede_kleineRheinperle_Wacha\" \/><div class=\"caption-wrap\"><div class=\"caption\">Naturperlen-Ring 750 Weissgold\n\"Cave\"<\/div><\/div><\/li>\n                <li style=\"display: none; width: 100%;\" class=\"slide-4813 ms-image \" aria-roledescription=\"slide\" data-date=\"2018-08-03 13:23:35\" data-filename=\"18karat-weissgold-anhaenger_Brillant-mit-Echter-Naturperle_nicht-gezuechtet_Clam-pearl_Goldschmiede_kleineRheinperle_Wacha-800x800.jpg\" data-slide-type=\"image\"><img loading=\"lazy\" decoding=\"async\" src=\"https:\/\/kleinerheinperle.ch\/wp-content\/uploads\/18karat-weissgold-anhaenger_Brillant-mit-Echter-Naturperle_nicht-gezuechtet_Clam-pearl_Goldschmiede_kleineRheinperle_Wacha-800x800.jpg\" height=\"800\" width=\"800\" alt=\"18karat-weissgold-anhaenger_Brillant-mit-Echter-Naturperle_nicht-gezuechtet_Clam-pearl_Goldschmiede_kleineRheinperle_Wacha\" class=\"slider-3364 slide-4813 msDefaultImage\" title=\"18karat-weissgold-anhaenger_Brillant-mit-Echter-Naturperle_nicht-gezuechtet_Clam-pearl_Goldschmiede_kleineRheinperle_Wacha\" \/><div class=\"caption-wrap\"><div class=\"caption\">Naturperlen-Anh\u00e4nger 750 Weissgold mit Brillant <\/div><\/div><\/li>\n                <li style=\"display: none; width: 100%;\" class=\"slide-4814 ms-image \" aria-roledescription=\"slide\" data-date=\"2018-08-03 13:23:35\" data-filename=\"18karat-weissgold-anhaenger_Brillant_mit-Echter-Naturperle_nicht-gezuechtet_Clam-pearl_Goldschmiede_kleineRheinperle_Wacha-800x800.jpg\" data-slide-type=\"image\"><img loading=\"lazy\" decoding=\"async\" src=\"https:\/\/kleinerheinperle.ch\/wp-content\/uploads\/18karat-weissgold-anhaenger_Brillant_mit-Echter-Naturperle_nicht-gezuechtet_Clam-pearl_Goldschmiede_kleineRheinperle_Wacha-800x800.jpg\" height=\"800\" width=\"800\" alt=\"18karat-weissgold-anhaenger_Brillant_mit-Echter-Naturperle_nicht-gezuechtet_Clam-pearl_Goldschmiede_kleineRheinperle_Wacha\" class=\"slider-3364 slide-4814 msDefaultImage\" title=\"18karat-weissgold-anhaenger_Brillant_mit-Echter-Naturperle_nicht-gezuechtet_Clam-pearl_Goldschmiede_kleineRheinperle_Wacha\" \/><div class=\"caption-wrap\"><div class=\"caption\">Naturperlen-Anh\u00e4nger 750 Weissgold mit Brillant <\/div><\/div><\/li>\n            <\/ul>\n        <\/div>\n                <div id=\"metaslider_3364_filmstrip\" class=\"filmstrip\">\n            <ul class='slides'>\n                <li class=\"ms-thumb slide-4805\" style=\"display: none;\"><img decoding=\"async\" src=\"https:\/\/kleinerheinperle.ch\/wp-content\/uploads\/Echte-Naturperle-nicht-gezuechtet-Clam-pearl-Goldschmiede-kleineRheinperle-Wacha-breit-80x80.jpg\" \/><\/li>\n                <li class=\"ms-thumb slide-14628\" style=\"display: none;\"><img decoding=\"async\" src=\"https:\/\/kleinerheinperle.ch\/wp-content\/uploads\/2020\/05\/Naturperlenring-Platin-80x80.jpg\" \/><\/li>\n                <li class=\"ms-thumb slide-3365\" style=\"display: none;\"><img decoding=\"async\" src=\"https:\/\/kleinerheinperle.ch\/wp-content\/uploads\/Echte-Naturperle_nicht-gezuechtet_Melo2-pearl_Goldschmiede_kleineRheinperle_Wacha-80x80.jpg\" \/><\/li>\n                <li class=\"ms-thumb slide-3366\" style=\"display: none;\"><img decoding=\"async\" src=\"https:\/\/kleinerheinperle.ch\/wp-content\/uploads\/Echte-Naturperle_nicht-gezuechtet_Clam-pearl_Goldschmiede_kleineRheinperle_Wacha-80x80.jpg\" \/><\/li>\n                <li class=\"ms-thumb slide-4812\" style=\"display: none;\"><img decoding=\"async\" src=\"https:\/\/kleinerheinperle.ch\/wp-content\/uploads\/18karat-weissgold-ring-mit-Echter-Naturperle_nicht-gezuechtet_Clam-pearl_Goldschmiede_kleineRheinperle_Wacha-80x80.jpg\" \/><\/li>\n                <li class=\"ms-thumb slide-4813\" style=\"display: none;\"><img decoding=\"async\" src=\"https:\/\/kleinerheinperle.ch\/wp-content\/uploads\/18karat-weissgold-anhaenger_Brillant-mit-Echter-Naturperle_nicht-gezuechtet_Clam-pearl_Goldschmiede_kleineRheinperle_Wacha-80x80.jpg\" \/><\/li>\n                <li class=\"ms-thumb slide-4814\" style=\"display: none;\"><img decoding=\"async\" src=\"https:\/\/kleinerheinperle.ch\/wp-content\/uploads\/18karat-weissgold-anhaenger_Brillant_mit-Echter-Naturperle_nicht-gezuechtet_Clam-pearl_Goldschmiede_kleineRheinperle_Wacha-80x80.jpg\" \/><\/li>\n            <\/ul>\n        <\/div>\n    <\/div>\n<\/div>[\/vc_column_text][\/vc_column][\/vc_row]<\/p>\n<\/div>","protected":false},"excerpt":{"rendered":"<p>[vc_row full_width=&#8221;stretch_row_content&#8221; content_placement=&#8221;bottom&#8221; css_animation=&#8221;none&#8221; css=&#8221;.vc_custom_1533224274129{background-image: url(https:\/\/kleinerheinperle.ch\/wp-content\/uploads\/Echte-Naturperle-nicht-gezuechtet-Clam-pearl-Goldschmiede-kleineRheinperle-Wacha-breit-1.jpg?id=3665) !important;background-position: center !important;background-repeat: no-repeat !important;background-size: cover !important;}&#8221; el_class=&#8221;header&#8221;][vc_column][vc_column_text el_class=&#8221;txt-white&#8221;] Perles naturelles [\/vc_column_text][\/vc_column][\/vc_row][vc_row parallax=&#8221;content-moving-fade&#8221; css=&#8221;.vc_custom_1532519176579{background-position: center;background-repeat: no-repeat;background-size: cover !important;}&#8221;][vc_column][vc_column_text][\/vc_column_text][\/vc_column][\/vc_row][vc_row][vc_column css=&#8221;.vc_custom_1588506972948{background-color: #353535 !important;}&#8221;][vc_column_text css=&#8221;.vc_custom_1588506962390{background-color: #353535 !important;}&#8221;] Perles naturelles Les perles naturelles sont tr\u00e8s rares de nos jours et sont cr\u00e9\u00e9es sans intervention humaine. Nous sommes heureux de pouvoir exposer des perles &#8230; <a title=\"perles naturelles\" class=\"read-more\" href=\"https:\/\/kleinerheinperle.ch\/fr\/materiaux\/perles\/perles-naturelles\/\" aria-label=\"En savoir plus sur perles naturelles\">Lire la suite<\/a><\/p>\n","protected":false},"author":2,"featured_media":0,"parent":17820,"menu_order":3,"comment_status":"closed","ping_status":"closed","template":"","meta":{"footnotes":""},"class_list":["post-17475","page","type-page","status-publish"],"yoast_head":"<!-- This site is optimized with the Yoast SEO plugin v27.6 - https:\/\/yoast.com\/product\/yoast-seo-wordpress\/ -->\n<title>perles naturelles - kleine Rheinperle<\/title>\n<meta name=\"robots\" content=\"index, follow, max-snippet:-1, max-image-preview:large, max-video-preview:-1\" \/>\n<link rel=\"canonical\" href=\"https:\/\/kleinerheinperle.ch\/fr\/materiaux\/perles\/perles-naturelles\/\" \/>\n<meta property=\"og:locale\" content=\"fr_FR\" \/>\n<meta property=\"og:type\" content=\"article\" \/>\n<meta property=\"og:title\" content=\"perles naturelles - kleine Rheinperle\" \/>\n<meta property=\"og:description\" content=\"[vc_row full_width=&#8221;stretch_row_content&#8221; content_placement=&#8221;bottom&#8221; css_animation=&#8221;none&#8221; css=&#8221;.vc_custom_1533224274129{background-image: url(https:\/\/kleinerheinperle.ch\/wp-content\/uploads\/Echte-Naturperle-nicht-gezuechtet-Clam-pearl-Goldschmiede-kleineRheinperle-Wacha-breit-1.jpg?id=3665) !important;background-position: center !important;background-repeat: no-repeat !important;background-size: cover !important;}&#8221; el_class=&#8221;header&#8221;][vc_column][vc_column_text el_class=&#8221;txt-white&#8221;] Perles naturelles [\/vc_column_text][\/vc_column][\/vc_row][vc_row parallax=&#8221;content-moving-fade&#8221; css=&#8221;.vc_custom_1532519176579{background-position: center;background-repeat: no-repeat;background-size: cover !important;}&#8221;][vc_column][vc_column_text][\/vc_column_text][\/vc_column][\/vc_row][vc_row][vc_column css=&#8221;.vc_custom_1588506972948{background-color: #353535 !important;}&#8221;][vc_column_text css=&#8221;.vc_custom_1588506962390{background-color: #353535 !important;}&#8221;] Perles naturelles Les perles naturelles sont tr\u00e8s rares de nos jours et sont cr\u00e9\u00e9es sans intervention humaine. Nous sommes heureux de pouvoir exposer des perles ... Lire la suite\" \/>\n<meta property=\"og:url\" content=\"https:\/\/kleinerheinperle.ch\/fr\/materiaux\/perles\/perles-naturelles\/\" \/>\n<meta property=\"og:site_name\" content=\"kleine Rheinperle\" \/>\n<meta property=\"article:publisher\" content=\"http:\/\/www.facebook.com\/kleinerheinperle\" \/>\n<meta property=\"article:modified_time\" content=\"2022-09-09T02:58:55+00:00\" \/>\n<meta name=\"twitter:card\" content=\"summary_large_image\" \/>\n<meta name=\"twitter:label1\" content=\"Dur\u00e9e de lecture estim\u00e9e\" \/>\n\t<meta name=\"twitter:data1\" content=\"1 minute\" \/>\n<script type=\"application\/ld+json\" class=\"yoast-schema-graph\">{\"@context\":\"https:\\\/\\\/schema.org\",\"@graph\":[{\"@type\":\"WebPage\",\"@id\":\"https:\\\/\\\/kleinerheinperle.ch\\\/fr\\\/materiaux\\\/perles\\\/perles-naturelles\\\/\",\"url\":\"https:\\\/\\\/kleinerheinperle.ch\\\/fr\\\/materiaux\\\/perles\\\/perles-naturelles\\\/\",\"name\":\"perles naturelles - kleine Rheinperle\",\"isPartOf\":{\"@id\":\"https:\\\/\\\/kleinerheinperle.ch\\\/fr\\\/#website\"},\"datePublished\":\"2018-07-26T12:58:40+00:00\",\"dateModified\":\"2022-09-09T02:58:55+00:00\",\"breadcrumb\":{\"@id\":\"https:\\\/\\\/kleinerheinperle.ch\\\/fr\\\/materiaux\\\/perles\\\/perles-naturelles\\\/#breadcrumb\"},\"inLanguage\":\"fr-FR\",\"potentialAction\":[{\"@type\":\"ReadAction\",\"target\":[\"https:\\\/\\\/kleinerheinperle.ch\\\/fr\\\/materiaux\\\/perles\\\/perles-naturelles\\\/\"]}]},{\"@type\":\"BreadcrumbList\",\"@id\":\"https:\\\/\\\/kleinerheinperle.ch\\\/fr\\\/materiaux\\\/perles\\\/perles-naturelles\\\/#breadcrumb\",\"itemListElement\":[{\"@type\":\"ListItem\",\"position\":1,\"name\":\"Home\",\"item\":\"https:\\\/\\\/kleinerheinperle.ch\\\/fr\\\/home\\\/\"},{\"@type\":\"ListItem\",\"position\":2,\"name\":\"perles naturelles\"}]},{\"@type\":\"WebSite\",\"@id\":\"https:\\\/\\\/kleinerheinperle.ch\\\/fr\\\/#website\",\"url\":\"https:\\\/\\\/kleinerheinperle.ch\\\/fr\\\/\",\"name\":\"kleine Rheinperle\",\"description\":\"Ihr Goldschmied in Basel f\u00fcr spezielle Eheringe und individuelle Schmuck-Designs\",\"publisher\":{\"@id\":\"https:\\\/\\\/kleinerheinperle.ch\\\/fr\\\/#organization\"},\"potentialAction\":[{\"@type\":\"SearchAction\",\"target\":{\"@type\":\"EntryPoint\",\"urlTemplate\":\"https:\\\/\\\/kleinerheinperle.ch\\\/fr\\\/?s={search_term_string}\"},\"query-input\":{\"@type\":\"PropertyValueSpecification\",\"valueRequired\":true,\"valueName\":\"search_term_string\"}}],\"inLanguage\":\"fr-FR\"},{\"@type\":\"Organization\",\"@id\":\"https:\\\/\\\/kleinerheinperle.ch\\\/fr\\\/#organization\",\"name\":\"Kleine Rheinperle\",\"url\":\"https:\\\/\\\/kleinerheinperle.ch\\\/fr\\\/\",\"logo\":{\"@type\":\"ImageObject\",\"inLanguage\":\"fr-FR\",\"@id\":\"https:\\\/\\\/kleinerheinperle.ch\\\/fr\\\/#\\\/schema\\\/logo\\\/image\\\/\",\"url\":\"https:\\\/\\\/kleinerheinperle.ch\\\/wp-content\\\/uploads\\\/2025\\\/11\\\/cropped-logo-kleine-Rheinperle-2025-350-1.jpg\",\"contentUrl\":\"https:\\\/\\\/kleinerheinperle.ch\\\/wp-content\\\/uploads\\\/2025\\\/11\\\/cropped-logo-kleine-Rheinperle-2025-350-1.jpg\",\"width\":350,\"height\":350,\"caption\":\"Kleine Rheinperle\"},\"image\":{\"@id\":\"https:\\\/\\\/kleinerheinperle.ch\\\/fr\\\/#\\\/schema\\\/logo\\\/image\\\/\"},\"sameAs\":[\"http:\\\/\\\/www.facebook.com\\\/kleinerheinperle\",\"http:\\\/\\\/www.instagram.com\\\/kleinerheinperle\",\"http:\\\/\\\/www.youtube.com\\\/kleinerheinperle\"]}]}<\/script>\n<!-- \/ Yoast SEO plugin. -->","yoast_head_json":{"title":"perles naturelles - kleine Rheinperle","robots":{"index":"index","follow":"follow","max-snippet":"max-snippet:-1","max-image-preview":"max-image-preview:large","max-video-preview":"max-video-preview:-1"},"canonical":"https:\/\/kleinerheinperle.ch\/fr\/materiaux\/perles\/perles-naturelles\/","og_locale":"fr_FR","og_type":"article","og_title":"perles naturelles - kleine Rheinperle","og_description":"[vc_row full_width=&#8221;stretch_row_content&#8221; content_placement=&#8221;bottom&#8221; css_animation=&#8221;none&#8221; css=&#8221;.vc_custom_1533224274129{background-image: url(https:\/\/kleinerheinperle.ch\/wp-content\/uploads\/Echte-Naturperle-nicht-gezuechtet-Clam-pearl-Goldschmiede-kleineRheinperle-Wacha-breit-1.jpg?id=3665) !important;background-position: center !important;background-repeat: no-repeat !important;background-size: cover !important;}&#8221; el_class=&#8221;header&#8221;][vc_column][vc_column_text el_class=&#8221;txt-white&#8221;] Perles naturelles [\/vc_column_text][\/vc_column][\/vc_row][vc_row parallax=&#8221;content-moving-fade&#8221; css=&#8221;.vc_custom_1532519176579{background-position: center;background-repeat: no-repeat;background-size: cover !important;}&#8221;][vc_column][vc_column_text][\/vc_column_text][\/vc_column][\/vc_row][vc_row][vc_column css=&#8221;.vc_custom_1588506972948{background-color: #353535 !important;}&#8221;][vc_column_text css=&#8221;.vc_custom_1588506962390{background-color: #353535 !important;}&#8221;] Perles naturelles Les perles naturelles sont tr\u00e8s rares de nos jours et sont cr\u00e9\u00e9es sans intervention humaine. Nous sommes heureux de pouvoir exposer des perles ... Lire la suite","og_url":"https:\/\/kleinerheinperle.ch\/fr\/materiaux\/perles\/perles-naturelles\/","og_site_name":"kleine Rheinperle","article_publisher":"http:\/\/www.facebook.com\/kleinerheinperle","article_modified_time":"2022-09-09T02:58:55+00:00","twitter_card":"summary_large_image","twitter_misc":{"Dur\u00e9e de lecture estim\u00e9e":"1 minute"},"schema":{"@context":"https:\/\/schema.org","@graph":[{"@type":"WebPage","@id":"https:\/\/kleinerheinperle.ch\/fr\/materiaux\/perles\/perles-naturelles\/","url":"https:\/\/kleinerheinperle.ch\/fr\/materiaux\/perles\/perles-naturelles\/","name":"perles naturelles - kleine Rheinperle","isPartOf":{"@id":"https:\/\/kleinerheinperle.ch\/fr\/#website"},"datePublished":"2018-07-26T12:58:40+00:00","dateModified":"2022-09-09T02:58:55+00:00","breadcrumb":{"@id":"https:\/\/kleinerheinperle.ch\/fr\/materiaux\/perles\/perles-naturelles\/#breadcrumb"},"inLanguage":"fr-FR","potentialAction":[{"@type":"ReadAction","target":["https:\/\/kleinerheinperle.ch\/fr\/materiaux\/perles\/perles-naturelles\/"]}]},{"@type":"BreadcrumbList","@id":"https:\/\/kleinerheinperle.ch\/fr\/materiaux\/perles\/perles-naturelles\/#breadcrumb","itemListElement":[{"@type":"ListItem","position":1,"name":"Home","item":"https:\/\/kleinerheinperle.ch\/fr\/home\/"},{"@type":"ListItem","position":2,"name":"perles naturelles"}]},{"@type":"WebSite","@id":"https:\/\/kleinerheinperle.ch\/fr\/#website","url":"https:\/\/kleinerheinperle.ch\/fr\/","name":"kleine Rheinperle","description":"Ihr Goldschmied in Basel f\u00fcr spezielle Eheringe und individuelle Schmuck-Designs","publisher":{"@id":"https:\/\/kleinerheinperle.ch\/fr\/#organization"},"potentialAction":[{"@type":"SearchAction","target":{"@type":"EntryPoint","urlTemplate":"https:\/\/kleinerheinperle.ch\/fr\/?s={search_term_string}"},"query-input":{"@type":"PropertyValueSpecification","valueRequired":true,"valueName":"search_term_string"}}],"inLanguage":"fr-FR"},{"@type":"Organization","@id":"https:\/\/kleinerheinperle.ch\/fr\/#organization","name":"Kleine Rheinperle","url":"https:\/\/kleinerheinperle.ch\/fr\/","logo":{"@type":"ImageObject","inLanguage":"fr-FR","@id":"https:\/\/kleinerheinperle.ch\/fr\/#\/schema\/logo\/image\/","url":"https:\/\/kleinerheinperle.ch\/wp-content\/uploads\/2025\/11\/cropped-logo-kleine-Rheinperle-2025-350-1.jpg","contentUrl":"https:\/\/kleinerheinperle.ch\/wp-content\/uploads\/2025\/11\/cropped-logo-kleine-Rheinperle-2025-350-1.jpg","width":350,"height":350,"caption":"Kleine Rheinperle"},"image":{"@id":"https:\/\/kleinerheinperle.ch\/fr\/#\/schema\/logo\/image\/"},"sameAs":["http:\/\/www.facebook.com\/kleinerheinperle","http:\/\/www.instagram.com\/kleinerheinperle","http:\/\/www.youtube.com\/kleinerheinperle"]}]}},"_links":{"self":[{"href":"https:\/\/kleinerheinperle.ch\/fr\/wp-json\/wp\/v2\/pages\/17475","targetHints":{"allow":["GET"]}}],"collection":[{"href":"https:\/\/kleinerheinperle.ch\/fr\/wp-json\/wp\/v2\/pages"}],"about":[{"href":"https:\/\/kleinerheinperle.ch\/fr\/wp-json\/wp\/v2\/types\/page"}],"author":[{"embeddable":true,"href":"https:\/\/kleinerheinperle.ch\/fr\/wp-json\/wp\/v2\/users\/2"}],"replies":[{"embeddable":true,"href":"https:\/\/kleinerheinperle.ch\/fr\/wp-json\/wp\/v2\/comments?post=17475"}],"version-history":[{"count":1,"href":"https:\/\/kleinerheinperle.ch\/fr\/wp-json\/wp\/v2\/pages\/17475\/revisions"}],"predecessor-version":[{"id":17476,"href":"https:\/\/kleinerheinperle.ch\/fr\/wp-json\/wp\/v2\/pages\/17475\/revisions\/17476"}],"up":[{"embeddable":true,"href":"https:\/\/kleinerheinperle.ch\/fr\/wp-json\/wp\/v2\/pages\/17820"}],"wp:attachment":[{"href":"https:\/\/kleinerheinperle.ch\/fr\/wp-json\/wp\/v2\/media?parent=17475"}],"curies":[{"name":"wp","href":"https:\/\/api.w.org\/{rel}","templated":true}]}}