{"id":17419,"date":"2018-07-19T11:15:05","date_gmt":"2018-07-19T09:15:05","guid":{"rendered":"https:\/\/kleinerheinperle.ch\/anneaux-de-mariage\/"},"modified":"2025-06-05T17:38:23","modified_gmt":"2025-06-05T15:38:23","slug":"anneaux-de-mariage","status":"publish","type":"page","link":"https:\/\/kleinerheinperle.ch\/fr\/produits\/anneaux-de-mariage\/","title":{"rendered":"Anneaux de mariage"},"content":{"rendered":"<div class=\"wpb-content-wrapper\"><p>[vc_row full_width=&#8221;stretch_row&#8221; content_placement=&#8221;bottom&#8221; css_animation=&#8221;none&#8221; css=&#8221;.vc_custom_1532614073745{background-image: url(https:\/\/kleinerheinperle.ch\/wp-content\/uploads\/Eheringe_Trauringe_Ringkissen_kleineRheinperle.jpg?id=2758) !important;background-position: center !important;background-repeat: no-repeat !important;background-size: cover !important;}&#8221; el_class=&#8221;header&#8221;][vc_column][vc_column_text el_class=&#8221;txt-white&#8221;][\/vc_column_text][\/vc_column][\/vc_row][vc_row content_placement=&#8221;top&#8221; parallax=&#8221;content-moving-fade&#8221; css=&#8221;.vc_custom_1532614152927{background-position: center;background-repeat: no-repeat;background-size: cover !important;}&#8221;][vc_column][vc_column_text]<div class=\"breadcrumb\" itemprop=\"breadcrumb\"><span><span><a href=\"https:\/\/kleinerheinperle.ch\/fr\/home\/\">Home<\/a><\/span><\/span><\/div>[\/vc_column_text][\/vc_column][\/vc_row][vc_row css=&#8221;.vc_custom_1588508679784{background-color: #353535 !important;}&#8221;][vc_column css=&#8221;.vc_custom_1588508718055{background-color: #353535 !important;}&#8221;][vc_column_text css=&#8221;.vc_custom_1644474723035{background-color: #353535 !important;}&#8221;]<\/p>\n<h1 style=\"text-align: center;\">Anneaux de mariage personnalis\u00e9s par votre orf\u00e8vre \u00e0 B\u00e2le<\/h1>\n<h2 style=\"text-align: center;\">Des alliances uniques et distinctives sont notre marque de fabrique.<\/h2>\n<p>Nous fabriquons toutes les alliances sp\u00e9cialement pour vous. Dans notre orf\u00e8vrerie, nous nous ferons un plaisir de vous pr\u00e9senter nos collections passionnantes. Essayez et laissez-vous inspirer par nos surfaces int\u00e9ressantes. Des <a href=\"https:\/\/kleinerheinperle.ch\/fr\/produits\/anneaux-de-mariage\/anneaux-a-structure-naturelle\/\">structures naturelles<\/a> organiques, l&#8217;<a href=\"https:\/\/retinadesign.com\/ringe\/\">anneau Retina<\/a> spectaculaire ou plut\u00f4t un <a href=\"https:\/\/kleinerheinperle.ch\/fr\/produits\/anneaux-de-mariage\/alliances-classiques\/\">classique<\/a> discret ? Prenez le temps de d\u00e9couvrir quel type d&#8217;alliance vous convient le mieux.<\/p>\n<h2>M\u00e9taux pr\u00e9cieux durables<\/h2>\n<p>Depuis 2015, nous sommes la premi\u00e8re orf\u00e8vrerie b\u00e2loise \u00e0 travailler l&#8217;or, le platine et l&#8217;argent de mani\u00e8re \u00e9thique ! Notre <a href=\"https:\/\/kleinerheinperle.ch\/fr\/sujets\/durabilite\/\">or<\/a> provient d&#8217;un affineur suisse qui a \u00e9t\u00e9 certifi\u00e9 selon des directives strictes en tant que transformateur d&#8217;or sans conflit et d&#8217;autres alliages (palladium, argent, cuivre). Vous pouvez donc \u00eatre s\u00fbr que les mat\u00e9riaux de vos bagues partenaires ont \u00e9t\u00e9 obtenus de mani\u00e8re 100% \u00e9cologique et \u00e9thique.<\/p>\n<h2>Pierres pr\u00e9cieuses durables<\/h2>\n<p>Nous proposons des brillants et des pierres pr\u00e9cieuses de couleur dans de nombreuses tailles, mais nous tenons \u00e0 ce que tous nos diamants soient exempts de conflits. Les autres pierres pr\u00e9cieuses sont \u00e9galement achet\u00e9es, dans la mesure du possible, aupr\u00e8s de sources garanties durables (&#8220;<a href=\"https:\/\/kleinerheinperle.ch\/fr\/sujets\/exploitation-miniere-verte\/\">Green Mining<\/a>&#8220;).<\/p>\n<h2>Notre alliance populaire &#8211; Service : bien au-del\u00e0 de l&#8217;achat<\/h2>\n<p>Nous prenons volontiers le temps de vous conseiller en d\u00e9tail et de mani\u00e8re professionnelle et nous vous faisons volontiers une offre sans engagement \u00e0 des prix calcul\u00e9s au plus juste. Si vous le souhaitez, nous pouvons, selon le design, cr\u00e9er au pr\u00e9alable une impressionnante visualisation CAO photor\u00e9aliste de vos alliances en 3D. Ainsi, vous pouvez \u00eatre s\u00fbr d&#8217;obtenir exactement les alliances que vous souhaitez.<\/p>\n<p>Bien entendu, nous accompagnons vos alliances tout au long de leur vie. Vous souhaitez rafra\u00eechir un mat ou polir vos bagues ? Nous le faisons bien entendu gratuitement pour vous.<\/p>\n<h2>Choisissez parmi 3 cat\u00e9gories d&#8217;alliances :<\/h2>\n<p>[\/vc_column_text][\/vc_column][\/vc_row][vc_row][vc_column width=&#8221;1\/4&#8243;][vc_column_text]<a href=\"https:\/\/retinadesign.com\"><img loading=\"lazy\" decoding=\"async\" class=\"size-medium wp-image-5287 aligncenter\" src=\"https:\/\/kleinerheinperle.ch\/wp-content\/uploads\/PTRG-300x300.jpg\" alt=\"Platine,Or rose-R\u00e9tineAnneaux de mariage personnalis\u00e9s\" width=\"800\" height=\"800\" srcset=\"https:\/\/kleinerheinperle.ch\/wp-content\/uploads\/PTRG-300x300.jpg 300w, https:\/\/kleinerheinperle.ch\/wp-content\/uploads\/PTRG-150x150.jpg 150w, https:\/\/kleinerheinperle.ch\/wp-content\/uploads\/PTRG-768x768.jpg 768w, https:\/\/kleinerheinperle.ch\/wp-content\/uploads\/PTRG-1024x1024.jpg 1024w, https:\/\/kleinerheinperle.ch\/wp-content\/uploads\/PTRG-700x700.jpg 700w, https:\/\/kleinerheinperle.ch\/wp-content\/uploads\/PTRG-620x620.jpg 620w, https:\/\/kleinerheinperle.ch\/wp-content\/uploads\/PTRG-400x400.jpg 400w, https:\/\/kleinerheinperle.ch\/wp-content\/uploads\/PTRG-80x80.jpg 80w, https:\/\/kleinerheinperle.ch\/wp-content\/uploads\/PTRG.jpg 1754w\" sizes=\"auto, (max-width: 800px) 100vw, 800px\" \/><\/a><\/p>\n<h2 style=\"text-align: center;\"><a href=\"http:\/\/retinajewelry.com\">Anneaux de la r\u00e9tine<\/a><\/h2>\n<p>[\/vc_column_text][\/vc_column][vc_column width=&#8221;1\/4&#8243;][vc_column_text]<a href=\"https:\/\/kleinerheinperle.ch\/fr\/produits\/anneaux-de-mariage\/anneaux-a-structure-naturelle\/\"><img loading=\"lazy\" decoding=\"async\" class=\"alignnone size-full wp-image-2281 aligncenter\" src=\"https:\/\/kleinerheinperle.ch\/wp-content\/uploads\/DSCN4439.jpg\" alt=\"\" width=\"800\" height=\"800\" srcset=\"https:\/\/kleinerheinperle.ch\/wp-content\/uploads\/DSCN4439.jpg 800w, https:\/\/kleinerheinperle.ch\/wp-content\/uploads\/DSCN4439-150x150.jpg 150w, https:\/\/kleinerheinperle.ch\/wp-content\/uploads\/DSCN4439-300x300.jpg 300w, https:\/\/kleinerheinperle.ch\/wp-content\/uploads\/DSCN4439-768x768.jpg 768w\" sizes=\"auto, (max-width: 800px) 100vw, 800px\" \/><\/a><\/p>\n<h2 style=\"text-align: center;\"><a href=\"https:\/\/kleinerheinperle.ch\/fr\/produits\/anneaux-de-mariage\/anneaux-a-structure-naturelle\/\">Anneaux \u00e0 structure naturelle<\/a><\/h2>\n<p>[\/vc_column_text][\/vc_column][vc_column width=&#8221;1\/4&#8243;][vc_column_text]<\/p>\n<h2><a href=\"https:\/\/kleinerheinperle.ch\/fr\/produits\/anneaux-de-mariage\/alliances-classiques\/\"><img loading=\"lazy\" decoding=\"async\" class=\"alignnone size-full wp-image-2661 aligncenter\" src=\"https:\/\/kleinerheinperle.ch\/wp-content\/uploads\/Trauringe_klassisch_eismatt-gekratzte-Oberflaeche_750-Weissgold_750-Rotgold-Innenschiene_Goldschmiede_kleineRheinperle_Basel.jpg\" alt=\"Alliances_classique_surface_ray\u00e9e_en_or_blanc_750_or_rouge_750_rail_int\u00e9rieur_d'or_de_la_petite_perle_du_Rhin_Basel\" width=\"1358\" height=\"1358\" srcset=\"https:\/\/kleinerheinperle.ch\/wp-content\/uploads\/Trauringe_klassisch_eismatt-gekratzte-Oberflaeche_750-Weissgold_750-Rotgold-Innenschiene_Goldschmiede_kleineRheinperle_Basel.jpg 1358w, https:\/\/kleinerheinperle.ch\/wp-content\/uploads\/Trauringe_klassisch_eismatt-gekratzte-Oberflaeche_750-Weissgold_750-Rotgold-Innenschiene_Goldschmiede_kleineRheinperle_Basel-150x150.jpg 150w, https:\/\/kleinerheinperle.ch\/wp-content\/uploads\/Trauringe_klassisch_eismatt-gekratzte-Oberflaeche_750-Weissgold_750-Rotgold-Innenschiene_Goldschmiede_kleineRheinperle_Basel-300x300.jpg 300w, https:\/\/kleinerheinperle.ch\/wp-content\/uploads\/Trauringe_klassisch_eismatt-gekratzte-Oberflaeche_750-Weissgold_750-Rotgold-Innenschiene_Goldschmiede_kleineRheinperle_Basel-768x768.jpg 768w, https:\/\/kleinerheinperle.ch\/wp-content\/uploads\/Trauringe_klassisch_eismatt-gekratzte-Oberflaeche_750-Weissgold_750-Rotgold-Innenschiene_Goldschmiede_kleineRheinperle_Basel-1024x1024.jpg 1024w, https:\/\/kleinerheinperle.ch\/wp-content\/uploads\/Trauringe_klassisch_eismatt-gekratzte-Oberflaeche_750-Weissgold_750-Rotgold-Innenschiene_Goldschmiede_kleineRheinperle_Basel-700x700.jpg 700w, https:\/\/kleinerheinperle.ch\/wp-content\/uploads\/Trauringe_klassisch_eismatt-gekratzte-Oberflaeche_750-Weissgold_750-Rotgold-Innenschiene_Goldschmiede_kleineRheinperle_Basel-620x620.jpg 620w, https:\/\/kleinerheinperle.ch\/wp-content\/uploads\/Trauringe_klassisch_eismatt-gekratzte-Oberflaeche_750-Weissgold_750-Rotgold-Innenschiene_Goldschmiede_kleineRheinperle_Basel-400x400.jpg 400w, https:\/\/kleinerheinperle.ch\/wp-content\/uploads\/Trauringe_klassisch_eismatt-gekratzte-Oberflaeche_750-Weissgold_750-Rotgold-Innenschiene_Goldschmiede_kleineRheinperle_Basel-80x80.jpg 80w\" sizes=\"auto, (max-width: 1358px) 100vw, 1358px\" \/><\/a><\/h2>\n<h2 style=\"text-align: center;\"><a href=\"https:\/\/kleinerheinperle.ch\/fr\/produits\/anneaux-de-mariage\/alliances-classiques\/\">Alliances classiques<\/a><\/h2>\n<p>[\/vc_column_text][\/vc_column][\/vc_row]<\/p>\n<\/div>","protected":false},"excerpt":{"rendered":"<p>[vc_row full_width=&#8221;stretch_row&#8221; content_placement=&#8221;bottom&#8221; css_animation=&#8221;none&#8221; css=&#8221;.vc_custom_1532614073745{background-image: url(https:\/\/kleinerheinperle.ch\/wp-content\/uploads\/Eheringe_Trauringe_Ringkissen_kleineRheinperle.jpg?id=2758) !important;background-position: center !important;background-repeat: no-repeat !important;background-size: cover !important;}&#8221; el_class=&#8221;header&#8221;][vc_column][vc_column_text el_class=&#8221;txt-white&#8221;][\/vc_column_text][\/vc_column][\/vc_row][vc_row content_placement=&#8221;top&#8221; parallax=&#8221;content-moving-fade&#8221; css=&#8221;.vc_custom_1532614152927{background-position: center;background-repeat: no-repeat;background-size: cover !important;}&#8221;][vc_column][vc_column_text][\/vc_column_text][\/vc_column][\/vc_row][vc_row css=&#8221;.vc_custom_1588508679784{background-color: #353535 !important;}&#8221;][vc_column css=&#8221;.vc_custom_1588508718055{background-color: #353535 !important;}&#8221;][vc_column_text css=&#8221;.vc_custom_1644474723035{background-color: #353535 !important;}&#8221;] Anneaux de mariage personnalis\u00e9s par votre orf\u00e8vre \u00e0 B\u00e2le Des alliances uniques et distinctives sont notre marque de fabrique. Nous fabriquons toutes les alliances &#8230; <a title=\"Anneaux de mariage\" class=\"read-more\" href=\"https:\/\/kleinerheinperle.ch\/fr\/produits\/anneaux-de-mariage\/\" aria-label=\"En savoir plus sur Anneaux de mariage\">Lire la suite<\/a><\/p>\n","protected":false},"author":2,"featured_media":0,"parent":17516,"menu_order":0,"comment_status":"closed","ping_status":"closed","template":"","meta":{"footnotes":""},"class_list":["post-17419","page","type-page","status-publish"],"yoast_head":"<!-- This site is optimized with the Yoast SEO plugin v27.6 - https:\/\/yoast.com\/product\/yoast-seo-wordpress\/ -->\n<title>Anneaux de mariage - kleine Rheinperle<\/title>\n<meta name=\"robots\" content=\"index, follow, max-snippet:-1, max-image-preview:large, max-video-preview:-1\" \/>\n<link rel=\"canonical\" href=\"https:\/\/kleinerheinperle.ch\/fr\/produits\/anneaux-de-mariage\/\" \/>\n<meta property=\"og:locale\" content=\"fr_FR\" \/>\n<meta property=\"og:type\" content=\"article\" \/>\n<meta property=\"og:title\" content=\"Anneaux de mariage - kleine Rheinperle\" \/>\n<meta property=\"og:description\" content=\"[vc_row full_width=&#8221;stretch_row&#8221; content_placement=&#8221;bottom&#8221; css_animation=&#8221;none&#8221; css=&#8221;.vc_custom_1532614073745{background-image: url(https:\/\/kleinerheinperle.ch\/wp-content\/uploads\/Eheringe_Trauringe_Ringkissen_kleineRheinperle.jpg?id=2758) !important;background-position: center !important;background-repeat: no-repeat !important;background-size: cover !important;}&#8221; el_class=&#8221;header&#8221;][vc_column][vc_column_text el_class=&#8221;txt-white&#8221;][\/vc_column_text][\/vc_column][\/vc_row][vc_row content_placement=&#8221;top&#8221; parallax=&#8221;content-moving-fade&#8221; css=&#8221;.vc_custom_1532614152927{background-position: center;background-repeat: no-repeat;background-size: cover !important;}&#8221;][vc_column][vc_column_text][\/vc_column_text][\/vc_column][\/vc_row][vc_row css=&#8221;.vc_custom_1588508679784{background-color: #353535 !important;}&#8221;][vc_column css=&#8221;.vc_custom_1588508718055{background-color: #353535 !important;}&#8221;][vc_column_text css=&#8221;.vc_custom_1644474723035{background-color: #353535 !important;}&#8221;] Anneaux de mariage personnalis\u00e9s par votre orf\u00e8vre \u00e0 B\u00e2le Des alliances uniques et distinctives sont notre marque de fabrique. Nous fabriquons toutes les alliances ... Lire la suite\" \/>\n<meta property=\"og:url\" content=\"https:\/\/kleinerheinperle.ch\/fr\/produits\/anneaux-de-mariage\/\" \/>\n<meta property=\"og:site_name\" content=\"kleine Rheinperle\" \/>\n<meta property=\"article:publisher\" content=\"http:\/\/www.facebook.com\/kleinerheinperle\" \/>\n<meta property=\"article:modified_time\" content=\"2025-06-05T15:38:23+00:00\" \/>\n<meta property=\"og:image\" content=\"https:\/\/kleinerheinperle.ch\/wp-content\/uploads\/PTRG.jpg\" \/>\n\t<meta property=\"og:image:width\" content=\"1754\" \/>\n\t<meta property=\"og:image:height\" content=\"1754\" \/>\n\t<meta property=\"og:image:type\" content=\"image\/jpeg\" \/>\n<meta name=\"twitter:card\" content=\"summary_large_image\" \/>\n<meta name=\"twitter:label1\" content=\"Dur\u00e9e de lecture estim\u00e9e\" \/>\n\t<meta name=\"twitter:data1\" content=\"2 minutes\" \/>\n<script type=\"application\/ld+json\" class=\"yoast-schema-graph\">{\"@context\":\"https:\\\/\\\/schema.org\",\"@graph\":[{\"@type\":\"WebPage\",\"@id\":\"https:\\\/\\\/kleinerheinperle.ch\\\/fr\\\/produits\\\/anneaux-de-mariage\\\/\",\"url\":\"https:\\\/\\\/kleinerheinperle.ch\\\/fr\\\/produits\\\/anneaux-de-mariage\\\/\",\"name\":\"Anneaux de mariage - kleine Rheinperle\",\"isPartOf\":{\"@id\":\"https:\\\/\\\/kleinerheinperle.ch\\\/fr\\\/#website\"},\"primaryImageOfPage\":{\"@id\":\"https:\\\/\\\/kleinerheinperle.ch\\\/fr\\\/produits\\\/anneaux-de-mariage\\\/#primaryimage\"},\"image\":{\"@id\":\"https:\\\/\\\/kleinerheinperle.ch\\\/fr\\\/produits\\\/anneaux-de-mariage\\\/#primaryimage\"},\"thumbnailUrl\":\"https:\\\/\\\/kleinerheinperle.ch\\\/wp-content\\\/uploads\\\/PTRG-300x300.jpg\",\"datePublished\":\"2018-07-19T09:15:05+00:00\",\"dateModified\":\"2025-06-05T15:38:23+00:00\",\"breadcrumb\":{\"@id\":\"https:\\\/\\\/kleinerheinperle.ch\\\/fr\\\/produits\\\/anneaux-de-mariage\\\/#breadcrumb\"},\"inLanguage\":\"fr-FR\",\"potentialAction\":[{\"@type\":\"ReadAction\",\"target\":[\"https:\\\/\\\/kleinerheinperle.ch\\\/fr\\\/produits\\\/anneaux-de-mariage\\\/\"]}]},{\"@type\":\"ImageObject\",\"inLanguage\":\"fr-FR\",\"@id\":\"https:\\\/\\\/kleinerheinperle.ch\\\/fr\\\/produits\\\/anneaux-de-mariage\\\/#primaryimage\",\"url\":\"https:\\\/\\\/kleinerheinperle.ch\\\/wp-content\\\/uploads\\\/PTRG-300x300.jpg\",\"contentUrl\":\"https:\\\/\\\/kleinerheinperle.ch\\\/wp-content\\\/uploads\\\/PTRG-300x300.jpg\"},{\"@type\":\"BreadcrumbList\",\"@id\":\"https:\\\/\\\/kleinerheinperle.ch\\\/fr\\\/produits\\\/anneaux-de-mariage\\\/#breadcrumb\",\"itemListElement\":[{\"@type\":\"ListItem\",\"position\":1,\"name\":\"Home\",\"item\":\"https:\\\/\\\/kleinerheinperle.ch\\\/fr\\\/home\\\/\"},{\"@type\":\"ListItem\",\"position\":2,\"name\":\"Produits\",\"item\":\"https:\\\/\\\/kleinerheinperle.ch\\\/fr\\\/produkte\\\/\"},{\"@type\":\"ListItem\",\"position\":3,\"name\":\"Anneaux de mariage\"}]},{\"@type\":\"WebSite\",\"@id\":\"https:\\\/\\\/kleinerheinperle.ch\\\/fr\\\/#website\",\"url\":\"https:\\\/\\\/kleinerheinperle.ch\\\/fr\\\/\",\"name\":\"kleine Rheinperle\",\"description\":\"Ihr Goldschmied in Basel f\u00fcr spezielle Eheringe und individuelle Schmuck-Designs\",\"publisher\":{\"@id\":\"https:\\\/\\\/kleinerheinperle.ch\\\/fr\\\/#organization\"},\"potentialAction\":[{\"@type\":\"SearchAction\",\"target\":{\"@type\":\"EntryPoint\",\"urlTemplate\":\"https:\\\/\\\/kleinerheinperle.ch\\\/fr\\\/?s={search_term_string}\"},\"query-input\":{\"@type\":\"PropertyValueSpecification\",\"valueRequired\":true,\"valueName\":\"search_term_string\"}}],\"inLanguage\":\"fr-FR\"},{\"@type\":\"Organization\",\"@id\":\"https:\\\/\\\/kleinerheinperle.ch\\\/fr\\\/#organization\",\"name\":\"Kleine Rheinperle\",\"url\":\"https:\\\/\\\/kleinerheinperle.ch\\\/fr\\\/\",\"logo\":{\"@type\":\"ImageObject\",\"inLanguage\":\"fr-FR\",\"@id\":\"https:\\\/\\\/kleinerheinperle.ch\\\/fr\\\/#\\\/schema\\\/logo\\\/image\\\/\",\"url\":\"https:\\\/\\\/kleinerheinperle.ch\\\/wp-content\\\/uploads\\\/2025\\\/11\\\/cropped-logo-kleine-Rheinperle-2025-350-1.jpg\",\"contentUrl\":\"https:\\\/\\\/kleinerheinperle.ch\\\/wp-content\\\/uploads\\\/2025\\\/11\\\/cropped-logo-kleine-Rheinperle-2025-350-1.jpg\",\"width\":350,\"height\":350,\"caption\":\"Kleine Rheinperle\"},\"image\":{\"@id\":\"https:\\\/\\\/kleinerheinperle.ch\\\/fr\\\/#\\\/schema\\\/logo\\\/image\\\/\"},\"sameAs\":[\"http:\\\/\\\/www.facebook.com\\\/kleinerheinperle\",\"http:\\\/\\\/www.instagram.com\\\/kleinerheinperle\",\"http:\\\/\\\/www.youtube.com\\\/kleinerheinperle\"]}]}<\/script>\n<!-- \/ Yoast SEO plugin. -->","yoast_head_json":{"title":"Anneaux de mariage - kleine Rheinperle","robots":{"index":"index","follow":"follow","max-snippet":"max-snippet:-1","max-image-preview":"max-image-preview:large","max-video-preview":"max-video-preview:-1"},"canonical":"https:\/\/kleinerheinperle.ch\/fr\/produits\/anneaux-de-mariage\/","og_locale":"fr_FR","og_type":"article","og_title":"Anneaux de mariage - kleine Rheinperle","og_description":"[vc_row full_width=&#8221;stretch_row&#8221; content_placement=&#8221;bottom&#8221; css_animation=&#8221;none&#8221; css=&#8221;.vc_custom_1532614073745{background-image: url(https:\/\/kleinerheinperle.ch\/wp-content\/uploads\/Eheringe_Trauringe_Ringkissen_kleineRheinperle.jpg?id=2758) !important;background-position: center !important;background-repeat: no-repeat !important;background-size: cover !important;}&#8221; el_class=&#8221;header&#8221;][vc_column][vc_column_text el_class=&#8221;txt-white&#8221;][\/vc_column_text][\/vc_column][\/vc_row][vc_row content_placement=&#8221;top&#8221; parallax=&#8221;content-moving-fade&#8221; css=&#8221;.vc_custom_1532614152927{background-position: center;background-repeat: no-repeat;background-size: cover !important;}&#8221;][vc_column][vc_column_text][\/vc_column_text][\/vc_column][\/vc_row][vc_row css=&#8221;.vc_custom_1588508679784{background-color: #353535 !important;}&#8221;][vc_column css=&#8221;.vc_custom_1588508718055{background-color: #353535 !important;}&#8221;][vc_column_text css=&#8221;.vc_custom_1644474723035{background-color: #353535 !important;}&#8221;] Anneaux de mariage personnalis\u00e9s par votre orf\u00e8vre \u00e0 B\u00e2le Des alliances uniques et distinctives sont notre marque de fabrique. Nous fabriquons toutes les alliances ... Lire la suite","og_url":"https:\/\/kleinerheinperle.ch\/fr\/produits\/anneaux-de-mariage\/","og_site_name":"kleine Rheinperle","article_publisher":"http:\/\/www.facebook.com\/kleinerheinperle","article_modified_time":"2025-06-05T15:38:23+00:00","og_image":[{"width":1754,"height":1754,"url":"https:\/\/kleinerheinperle.ch\/wp-content\/uploads\/PTRG.jpg","type":"image\/jpeg"}],"twitter_card":"summary_large_image","twitter_misc":{"Dur\u00e9e de lecture estim\u00e9e":"2 minutes"},"schema":{"@context":"https:\/\/schema.org","@graph":[{"@type":"WebPage","@id":"https:\/\/kleinerheinperle.ch\/fr\/produits\/anneaux-de-mariage\/","url":"https:\/\/kleinerheinperle.ch\/fr\/produits\/anneaux-de-mariage\/","name":"Anneaux de mariage - kleine Rheinperle","isPartOf":{"@id":"https:\/\/kleinerheinperle.ch\/fr\/#website"},"primaryImageOfPage":{"@id":"https:\/\/kleinerheinperle.ch\/fr\/produits\/anneaux-de-mariage\/#primaryimage"},"image":{"@id":"https:\/\/kleinerheinperle.ch\/fr\/produits\/anneaux-de-mariage\/#primaryimage"},"thumbnailUrl":"https:\/\/kleinerheinperle.ch\/wp-content\/uploads\/PTRG-300x300.jpg","datePublished":"2018-07-19T09:15:05+00:00","dateModified":"2025-06-05T15:38:23+00:00","breadcrumb":{"@id":"https:\/\/kleinerheinperle.ch\/fr\/produits\/anneaux-de-mariage\/#breadcrumb"},"inLanguage":"fr-FR","potentialAction":[{"@type":"ReadAction","target":["https:\/\/kleinerheinperle.ch\/fr\/produits\/anneaux-de-mariage\/"]}]},{"@type":"ImageObject","inLanguage":"fr-FR","@id":"https:\/\/kleinerheinperle.ch\/fr\/produits\/anneaux-de-mariage\/#primaryimage","url":"https:\/\/kleinerheinperle.ch\/wp-content\/uploads\/PTRG-300x300.jpg","contentUrl":"https:\/\/kleinerheinperle.ch\/wp-content\/uploads\/PTRG-300x300.jpg"},{"@type":"BreadcrumbList","@id":"https:\/\/kleinerheinperle.ch\/fr\/produits\/anneaux-de-mariage\/#breadcrumb","itemListElement":[{"@type":"ListItem","position":1,"name":"Home","item":"https:\/\/kleinerheinperle.ch\/fr\/home\/"},{"@type":"ListItem","position":2,"name":"Produits","item":"https:\/\/kleinerheinperle.ch\/fr\/produkte\/"},{"@type":"ListItem","position":3,"name":"Anneaux de mariage"}]},{"@type":"WebSite","@id":"https:\/\/kleinerheinperle.ch\/fr\/#website","url":"https:\/\/kleinerheinperle.ch\/fr\/","name":"kleine Rheinperle","description":"Ihr Goldschmied in Basel f\u00fcr spezielle Eheringe und individuelle Schmuck-Designs","publisher":{"@id":"https:\/\/kleinerheinperle.ch\/fr\/#organization"},"potentialAction":[{"@type":"SearchAction","target":{"@type":"EntryPoint","urlTemplate":"https:\/\/kleinerheinperle.ch\/fr\/?s={search_term_string}"},"query-input":{"@type":"PropertyValueSpecification","valueRequired":true,"valueName":"search_term_string"}}],"inLanguage":"fr-FR"},{"@type":"Organization","@id":"https:\/\/kleinerheinperle.ch\/fr\/#organization","name":"Kleine Rheinperle","url":"https:\/\/kleinerheinperle.ch\/fr\/","logo":{"@type":"ImageObject","inLanguage":"fr-FR","@id":"https:\/\/kleinerheinperle.ch\/fr\/#\/schema\/logo\/image\/","url":"https:\/\/kleinerheinperle.ch\/wp-content\/uploads\/2025\/11\/cropped-logo-kleine-Rheinperle-2025-350-1.jpg","contentUrl":"https:\/\/kleinerheinperle.ch\/wp-content\/uploads\/2025\/11\/cropped-logo-kleine-Rheinperle-2025-350-1.jpg","width":350,"height":350,"caption":"Kleine Rheinperle"},"image":{"@id":"https:\/\/kleinerheinperle.ch\/fr\/#\/schema\/logo\/image\/"},"sameAs":["http:\/\/www.facebook.com\/kleinerheinperle","http:\/\/www.instagram.com\/kleinerheinperle","http:\/\/www.youtube.com\/kleinerheinperle"]}]}},"_links":{"self":[{"href":"https:\/\/kleinerheinperle.ch\/fr\/wp-json\/wp\/v2\/pages\/17419","targetHints":{"allow":["GET"]}}],"collection":[{"href":"https:\/\/kleinerheinperle.ch\/fr\/wp-json\/wp\/v2\/pages"}],"about":[{"href":"https:\/\/kleinerheinperle.ch\/fr\/wp-json\/wp\/v2\/types\/page"}],"author":[{"embeddable":true,"href":"https:\/\/kleinerheinperle.ch\/fr\/wp-json\/wp\/v2\/users\/2"}],"replies":[{"embeddable":true,"href":"https:\/\/kleinerheinperle.ch\/fr\/wp-json\/wp\/v2\/comments?post=17419"}],"version-history":[{"count":8,"href":"https:\/\/kleinerheinperle.ch\/fr\/wp-json\/wp\/v2\/pages\/17419\/revisions"}],"predecessor-version":[{"id":18372,"href":"https:\/\/kleinerheinperle.ch\/fr\/wp-json\/wp\/v2\/pages\/17419\/revisions\/18372"}],"up":[{"embeddable":true,"href":"https:\/\/kleinerheinperle.ch\/fr\/wp-json\/wp\/v2\/pages\/17516"}],"wp:attachment":[{"href":"https:\/\/kleinerheinperle.ch\/fr\/wp-json\/wp\/v2\/media?parent=17419"}],"curies":[{"name":"wp","href":"https:\/\/api.w.org\/{rel}","templated":true}]}}